{"id":183934,"date":"2023-02-21T06:56:36","date_gmt":"2023-02-21T09:08:20","guid":{"rendered":"https:\/\/primomoto.es\/r-tech-traveler-moto-cuir-bottes-noir\/"},"modified":"2023-04-05T08:21:29","modified_gmt":"2023-04-05T08:21:29","slug":"r-tech-traveler-bottes-de-moto-en-cuir-noir","status":"publish","type":"product","link":"https:\/\/primomoto.es\/fr\/r-tech-traveler-bottes-de-moto-en-cuir-noir\/","title":{"rendered":"R-Tech Traveler Moto Cuir Bottes Noir"},"content":{"rendered":"<section class=\"product-description-section block-section\">\n<div class=\"rte-content\">\n<p>Les bottes Traveller sont sp\u00e9cialement con\u00e7ues pour \u00eatre utilis\u00e9es \u00e0 moto. Ils sont fabriqu\u00e9s en microcuir et en mati\u00e8re synth\u00e9tique, et ont un bout, un talon et une cheville renforc\u00e9s pour une meilleure protection en cas d&rsquo;accident.<\/p>\n<p>Des sangles r\u00e9glables et une semelle en caoutchouc durable rendent ces chaussures confortables et s\u00fbres.<br \/>\nLa conception et le mat\u00e9riau utilis\u00e9 dans les bottes sont enti\u00e8rement conformes aux normes CE.<\/p>\n<\/div>\n<\/section>\n<section id=\"product-details-wrapper\" class=\"product-details-section block-section empty-product-details\">\n<div id=\"product-details\" class=\"clearfix js-product-details\" style=\"box-sizing: border-box;\" data-product=\"{\">\n<div class=\"specific-references\"><\/div>\n<\/div>\n<\/section>\n","protected":false},"excerpt":{"rendered":"<p>Les bottes Traveller sont sp\u00e9cialement con\u00e7ues pour \u00eatre utilis\u00e9es \u00e0 moto. Ils sont fabriqu\u00e9s en microcuir et en mati\u00e8re synth\u00e9tique,<\/p>\n","protected":false},"featured_media":232605,"template":"","meta":[],"product_brand":[],"product_cat":[1907,1911,1908,3257,1906],"product_tag":[2034],"class_list":{"0":"post-183934","1":"product","2":"type-product","3":"status-publish","4":"has-post-thumbnail","6":"product_cat-bottes-de-moto","7":"product_cat-bottes-de-tourisme-hommes","8":"product_cat-bottes-moto-hommes","9":"product_cat-tournee","10":"product_cat-vetements-de-moto","11":"product_tag-bottes-de-randonnee-pour-hommes","12":"pa_size-41-fr","13":"pa_size-42-fr","14":"pa_size-43-fr","15":"pa_size-44-fr","16":"pa_size-45-fr","17":"pa_size-46-fr","18":"pa_size-47-fr","20":"first","21":"outofstock","22":"sale","23":"taxable","24":"shipping-taxable","25":"purchasable","26":"product-type-variable","27":"has-default-attributes"},"_links":{"self":[{"href":"https:\/\/primomoto.es\/fr\/wp-json\/wp\/v2\/product\/183934","targetHints":{"allow":["GET"]}}],"collection":[{"href":"https:\/\/primomoto.es\/fr\/wp-json\/wp\/v2\/product"}],"about":[{"href":"https:\/\/primomoto.es\/fr\/wp-json\/wp\/v2\/types\/product"}],"wp:featuredmedia":[{"embeddable":true,"href":"https:\/\/primomoto.es\/fr\/wp-json\/wp\/v2\/media\/232605"}],"wp:attachment":[{"href":"https:\/\/primomoto.es\/fr\/wp-json\/wp\/v2\/media?parent=183934"}],"wp:term":[{"taxonomy":"product_brand","embeddable":true,"href":"https:\/\/primomoto.es\/fr\/wp-json\/wp\/v2\/product_brand?post=183934"},{"taxonomy":"product_cat","embeddable":true,"href":"https:\/\/primomoto.es\/fr\/wp-json\/wp\/v2\/product_cat?post=183934"},{"taxonomy":"product_tag","embeddable":true,"href":"https:\/\/primomoto.es\/fr\/wp-json\/wp\/v2\/product_tag?post=183934"}],"curies":[{"name":"wp","href":"https:\/\/api.w.org\/{rel}","templated":true}]}}