{"id":131942,"date":"2022-09-20T10:21:33","date_gmt":"2022-09-20T11:21:06","guid":{"rendered":"https:\/\/primomoto.es\/bela-race-pro-r6-moto-courses-bottes-noir\/"},"modified":"2022-09-20T11:21:06","modified_gmt":"2022-09-20T11:21:06","slug":"%e2%97%8f-assise-plantaire-supplementaire-pour-un-ajustement-sur","status":"publish","type":"product","link":"https:\/\/primomoto.es\/fr\/%e2%97%8f-assise-plantaire-supplementaire-pour-un-ajustement-sur\/","title":{"rendered":"Bela Race Pro R6 Moto Courses Bottes Noir"},"content":{"rendered":"<h4 class=\"section-title\">La description<\/h4>\n<div class=\"section-content\">\n<div class=\"product-description \">\n<div class=\"rte-content\">\n<p>Bela Race Pro botte de moto en cuir de course<\/p>\n<p>Bela Race Pro est l&rsquo;une des bottes de moto les plus durables, fiables, confortables et les mieux prot\u00e9g\u00e9es. C&rsquo;est une botte de comp\u00e9tition haut de gamme con\u00e7ue pour le circuit.<\/p>\n<p>Il fait partie de la tenue vestimentaire du pilote, apportant style et protection \u00e0 la fois.<\/p>\n<p>Sp\u00e9cifications techniques<\/p>\n<p>\u25cf Tige en microfibre.<\/p>\n<p>\u25cf Semelle compos\u00e9e sp\u00e9ciale double densit\u00e9 pour la comp\u00e9tition.<\/p>\n<p>\u25cf Anti-torsion avec cadre anti-rayures int\u00e9gr\u00e9.<\/p>\n<p>\u25cf But\u00e9e d&rsquo;amortisseur arri\u00e8re pour une s\u00e9curit\u00e9 maximale.<\/p>\n<p>\u25cf Glissi\u00e8re de doigt en acier inoxydable.<\/p>\n<p>\u25cf Protection agressive des patins en plastique dans la zone de changement de vitesse.<\/p>\n<p>\u25cf Protecteur en plastique moul\u00e9 par injection.<\/p>\n<p>\u25cf Syst\u00e8me d&rsquo;admission d&rsquo;air.<\/p>\n<p>\u25cf Fermeture velcro et fermeture \u00e9clair.<\/p>\n<p>\u25cf Fermeture \u00e0 cliquet avec boucle arri\u00e8re.<\/p>\n<p>\u25cf Syst\u00e8me de fermeture frontale avec fermeture \u00e0 pression.<\/p>\n<p>\u25cf Contrefort de talon en plastique nylon renforc\u00e9.<\/p>\n<p>\u25cf Doublure en filet pour la ventilation.<\/p>\n<p>\u25cf Rembourrage en polym\u00e8re extra doux avec mousse \u00e0 m\u00e9moire de forme.<\/p>\n<p>\u25cf Renforts en nylon polyur\u00e9thane.<\/p>\n<p>\u25cf Semelle interm\u00e9diaire antid\u00e9rapante.<\/p>\n<p>\u25cf Semelle int\u00e9rieure antibact\u00e9rienne rempla\u00e7able.<\/p>\n<p>\u25cf Assise plantaire suppl\u00e9mentaire pour un ajustement s\u00fbr.<\/p>\n<\/div><\/div><\/div>\n","protected":false},"excerpt":{"rendered":"<p>La description Bela Race Pro botte de moto en cuir de course Bela Race Pro est l&rsquo;une des bottes de<\/p>\n","protected":false},"featured_media":131887,"template":"","meta":[],"product_brand":[],"product_cat":[1906],"product_tag":[4548,2052,2033],"class_list":{"0":"post-131942","1":"product","2":"type-product","3":"status-publish","4":"has-post-thumbnail","6":"product_cat-vetements-de-moto","7":"product_tag-bottes-de-course-de-moto","8":"product_tag-bottes-de-course-pour-hommes-fr","9":"product_tag-bottes-de-cuir","10":"pa_size-41-fr","11":"pa_size-42-fr","12":"pa_size-43-fr","13":"pa_size-44-fr","14":"pa_size-45-fr","16":"first","17":"instock","18":"sale","19":"taxable","20":"shipping-taxable","21":"product-type-variable","22":"has-default-attributes"},"_links":{"self":[{"href":"https:\/\/primomoto.es\/fr\/wp-json\/wp\/v2\/product\/131942","targetHints":{"allow":["GET"]}}],"collection":[{"href":"https:\/\/primomoto.es\/fr\/wp-json\/wp\/v2\/product"}],"about":[{"href":"https:\/\/primomoto.es\/fr\/wp-json\/wp\/v2\/types\/product"}],"wp:featuredmedia":[{"embeddable":true,"href":"https:\/\/primomoto.es\/fr\/wp-json\/wp\/v2\/media\/131887"}],"wp:attachment":[{"href":"https:\/\/primomoto.es\/fr\/wp-json\/wp\/v2\/media?parent=131942"}],"wp:term":[{"taxonomy":"product_brand","embeddable":true,"href":"https:\/\/primomoto.es\/fr\/wp-json\/wp\/v2\/product_brand?post=131942"},{"taxonomy":"product_cat","embeddable":true,"href":"https:\/\/primomoto.es\/fr\/wp-json\/wp\/v2\/product_cat?post=131942"},{"taxonomy":"product_tag","embeddable":true,"href":"https:\/\/primomoto.es\/fr\/wp-json\/wp\/v2\/product_tag?post=131942"}],"curies":[{"name":"wp","href":"https:\/\/api.w.org\/{rel}","templated":true}]}}