{"id":121883,"date":"2022-07-26T09:37:06","date_gmt":"2022-07-26T09:37:06","guid":{"rendered":"https:\/\/primomoto.es\/bela-aragone-helite-air-pro-1-pc-moto-costume-noir-rouge\/"},"modified":"2025-06-03T09:48:42","modified_gmt":"2025-06-03T09:48:42","slug":"bela-aragone-helite-air-pro-combinaison-moto-racing-1-pc-noir-rouge","status":"publish","type":"product","link":"https:\/\/primomoto.es\/fr\/bela-aragone-helite-air-pro-combinaison-moto-racing-1-pc-noir-rouge\/","title":{"rendered":"Bela Aragone Helite Air pro Moto Courses Costume 1 PC Noir \/ Rouge"},"content":{"rendered":"<p><span style=\"color: #ff0000;\"><strong>Remarque : les commandes sont exp\u00e9di\u00e9es dans un d\u00e9lai de 10 \u00e0 15 jours ouvrables \u00e0 compter de la date d&rsquo;achat !!<\/strong><\/span><\/p>\n","protected":false},"excerpt":{"rendered":"<p>Remarque : les commandes sont exp\u00e9di\u00e9es dans un d\u00e9lai de 10 \u00e0 15 jours ouvrables \u00e0 compter de la date<\/p>\n","protected":false},"featured_media":121870,"template":"","meta":[],"product_brand":[],"product_cat":[1947,1945,3267,1946,1906],"product_tag":[],"class_list":{"0":"post-121883","1":"product","2":"type-product","3":"status-publish","4":"has-post-thumbnail","6":"product_cat-combinaison-1-pieces-hommes","7":"product_cat-combinaisons-de-moto","8":"product_cat-courses","9":"product_cat-hommes-combinaisons","10":"product_cat-vetements-de-moto","11":"pa_size-46-fr","12":"pa_size-48-fr","13":"pa_size-50-fr","14":"pa_size-52-fr","15":"pa_size-54-fr","16":"pa_size-56-fr","17":"pa_size-58-fr","18":"pa_size-60-fr","19":"pa_size-62-fr","21":"first","22":"outofstock","23":"sale","24":"taxable","25":"shipping-taxable","26":"purchasable","27":"product-type-variable","28":"has-default-attributes"},"_links":{"self":[{"href":"https:\/\/primomoto.es\/fr\/wp-json\/wp\/v2\/product\/121883","targetHints":{"allow":["GET"]}}],"collection":[{"href":"https:\/\/primomoto.es\/fr\/wp-json\/wp\/v2\/product"}],"about":[{"href":"https:\/\/primomoto.es\/fr\/wp-json\/wp\/v2\/types\/product"}],"wp:featuredmedia":[{"embeddable":true,"href":"https:\/\/primomoto.es\/fr\/wp-json\/wp\/v2\/media\/121870"}],"wp:attachment":[{"href":"https:\/\/primomoto.es\/fr\/wp-json\/wp\/v2\/media?parent=121883"}],"wp:term":[{"taxonomy":"product_brand","embeddable":true,"href":"https:\/\/primomoto.es\/fr\/wp-json\/wp\/v2\/product_brand?post=121883"},{"taxonomy":"product_cat","embeddable":true,"href":"https:\/\/primomoto.es\/fr\/wp-json\/wp\/v2\/product_cat?post=121883"},{"taxonomy":"product_tag","embeddable":true,"href":"https:\/\/primomoto.es\/fr\/wp-json\/wp\/v2\/product_tag?post=121883"}],"curies":[{"name":"wp","href":"https:\/\/api.w.org\/{rel}","templated":true}]}}