{"id":120951,"date":"2022-07-20T09:45:14","date_gmt":"2022-07-20T10:05:32","guid":{"rendered":"https:\/\/primomoto.es\/bela-speedo-2-0-moto-courses-bottes-noir-blanc\/"},"modified":"2022-11-13T15:43:43","modified_gmt":"2022-11-13T15:43:43","slug":"bela-speedo-2-0-bottes-moto-racing-noir-blanc","status":"publish","type":"product","link":"https:\/\/primomoto.es\/fr\/bela-speedo-2-0-bottes-moto-racing-noir-blanc\/","title":{"rendered":"Bela Speedo 2.0 Moto Courses Bottes Noir \/ Blanc"},"content":{"rendered":"<h2>Botte de course moto Bela Speedo 2.0<\/h2>\n<p>Les Bela Speedo 2.0 sont id\u00e9ales pour les motards. Ces bottes de moto approuv\u00e9es CE sont fournies avec des protections de tibia en <span class=\"hiddenSpellError\">TPU<\/span> qui se chevauchent, ces bottes deviennent un article de confiance pour une utilisation sur circuit et sur route. Fourni avec des reflets qui rendent visible dans l&rsquo;obscurit\u00e9 pour les autres v\u00e9hicules et conducteurs. Son mat\u00e9riau ext\u00e9rieur robuste lui conf\u00e8re une protection extr\u00eame dans les climats d\u00e9favorables. La doublure int\u00e9rieure douce offre une exp\u00e9rience de conduite confortable tout au long de la journ\u00e9e. Bela <span class=\"hiddenSpellError\">Speedo 2.0<\/span> est disponible en couleur noire et noire avec une combinaison de jaune, rouge, vert, blanc<\/p>\n<p><strong>Mat\u00e9riaux:<\/strong><\/p>\n<ul>\n<li>Ext\u00e9rieur en cuir reconstitu\u00e9 PU<\/li>\n<li>Doublure douce en polyester \u00e0 l&rsquo;int\u00e9rieur<\/li>\n<\/ul>\n<p><strong>Informations techniques:<\/strong><\/p>\n<ul>\n<li>Panneau d&rsquo;engrenage en TPU<\/li>\n<li>R\u00e9flecteurs pour une visibilit\u00e9 nocturne<\/li>\n<li>CE approuv\u00e9<\/li>\n<li>Protection en TPU au niveau du tibia<\/li>\n<li>Longue fermeture \u00e9clair avec tirettes pour un port facile<\/li>\n<li>Fermeture \u00e0 rabat velcro<\/li>\n<li>Accord\u00e9on \u00e0 l&rsquo;avant et \u00e0 l&rsquo;arri\u00e8re pour un mouvement facile<\/li>\n<li>Contrefort arri\u00e8re en TPU au niveau du talon<\/li>\n<li>Semelle en caoutchouc<\/li>\n<\/ul>\n","protected":false},"excerpt":{"rendered":"<p>Bela Speedo 2.0 sont des bottes de moto homologu\u00e9es CE. Fournies avec des protections de tibia en TPU qui se chevauchent, ces bottes deviennent un article de confiance pour une utilisation sur circuit et sur route<\/p>\n","protected":false},"featured_media":120881,"template":"","meta":[],"product_brand":[],"product_cat":[1907,1910,3267,1908,1906],"product_tag":[2044,2046,2033],"class_list":{"0":"post-120951","1":"product","2":"type-product","3":"status-publish","4":"has-post-thumbnail","6":"product_cat-bottes-de-moto","7":"product_cat-bottes-de-course-hommes","8":"product_cat-courses","9":"product_cat-bottes-moto-hommes","10":"product_cat-vetements-de-moto","11":"product_tag-bottes-de-course","12":"product_tag-bottes-de-course-pour-hommes","13":"product_tag-bottes-de-cuir","14":"pa_size-41-fr","15":"pa_size-42-fr","16":"pa_size-43-fr","17":"pa_size-44-fr","18":"pa_size-45-fr","19":"pa_size-46-fr","21":"first","22":"instock","23":"sale","24":"taxable","25":"shipping-taxable","26":"purchasable","27":"product-type-variable","28":"has-default-attributes"},"_links":{"self":[{"href":"https:\/\/primomoto.es\/fr\/wp-json\/wp\/v2\/product\/120951","targetHints":{"allow":["GET"]}}],"collection":[{"href":"https:\/\/primomoto.es\/fr\/wp-json\/wp\/v2\/product"}],"about":[{"href":"https:\/\/primomoto.es\/fr\/wp-json\/wp\/v2\/types\/product"}],"wp:featuredmedia":[{"embeddable":true,"href":"https:\/\/primomoto.es\/fr\/wp-json\/wp\/v2\/media\/120881"}],"wp:attachment":[{"href":"https:\/\/primomoto.es\/fr\/wp-json\/wp\/v2\/media?parent=120951"}],"wp:term":[{"taxonomy":"product_brand","embeddable":true,"href":"https:\/\/primomoto.es\/fr\/wp-json\/wp\/v2\/product_brand?post=120951"},{"taxonomy":"product_cat","embeddable":true,"href":"https:\/\/primomoto.es\/fr\/wp-json\/wp\/v2\/product_cat?post=120951"},{"taxonomy":"product_tag","embeddable":true,"href":"https:\/\/primomoto.es\/fr\/wp-json\/wp\/v2\/product_tag?post=120951"}],"curies":[{"name":"wp","href":"https:\/\/api.w.org\/{rel}","templated":true}]}}