{"id":119968,"date":"2022-07-02T10:00:51","date_gmt":"2022-07-02T11:36:17","guid":{"rendered":"https:\/\/primomoto.es\/bela-master-moto-courses-des-bottes-noir\/"},"modified":"2023-04-05T07:31:25","modified_gmt":"2023-04-05T07:31:25","slug":"bela-master-moto-bottes-de-course-noir","status":"publish","type":"product","link":"https:\/\/primomoto.es\/fr\/bela-master-moto-bottes-de-course-noir\/","title":{"rendered":"Bela Master Moto Courses Des bottes Noir"},"content":{"rendered":"<p>&nbsp;<\/p>\n<h2><strong>bela-master-bottes-de-moto-racing-noir-jaune-fluor<\/strong><\/h2>\n<p><b>Mat\u00e9riel et caract\u00e9ristiques :<\/b><\/p>\n<ul>\n<li>Tr\u00e8s l\u00e9ger, r\u00e9sistant et respirant<\/li>\n<li>Protecteur en microfibre de la partie int\u00e9rieure et ext\u00e9rieure de la cheville<\/li>\n<li>Protecteur dur de talon, de mollet et de tibia<\/li>\n<li>Protecteurs con\u00e7us pour assurer la libert\u00e9 de mouvement<\/li>\n<li>Sliders prot\u00e9geant la botte de l&rsquo;adh\u00e9rence dans le coin<\/li>\n<li>Semelle de forme adapt\u00e9e, gardant le pied sur le repose-pied<\/li>\n<li>Panneau prot\u00e9geant le pied lors du changement de vitesse<\/li>\n<li>Les composants internes en mat\u00e9riau respirant<\/li>\n<li>Panneaux souples augmentant le confort d&rsquo;utilisation<\/li>\n<li>Semelle int\u00e9rieure confortable et anatomique<\/li>\n<li>\u00c9l\u00e9ments r\u00e9fl\u00e9chissants pour la visibilit\u00e9<\/li>\n<li>Fermeture zipp\u00e9e et velcro YKK<\/li>\n<\/ul>\n","protected":false},"excerpt":{"rendered":"<p>&nbsp; bela-master-bottes-de-moto-racing-noir-jaune-fluor Mat\u00e9riel et caract\u00e9ristiques : Tr\u00e8s l\u00e9ger, r\u00e9sistant et respirant Protecteur en microfibre de la partie int\u00e9rieure et ext\u00e9rieure<\/p>\n","protected":false},"featured_media":119938,"template":"","meta":[],"product_brand":[],"product_cat":[1907,1910,3267,1908,3262,1906],"product_tag":[2044,2046],"class_list":{"0":"post-119968","1":"product","2":"type-product","3":"status-publish","4":"has-post-thumbnail","6":"product_cat-bottes-de-moto","7":"product_cat-bottes-de-course-hommes","8":"product_cat-courses","9":"product_cat-bottes-moto-hommes","10":"product_cat-rue","11":"product_cat-vetements-de-moto","12":"product_tag-bottes-de-course","13":"product_tag-bottes-de-course-pour-hommes","14":"pa_size-42-fr","15":"pa_size-43-fr","16":"pa_size-44-fr","17":"pa_size-45-fr","18":"pa_size-46-fr","20":"first","21":"outofstock","22":"sale","23":"taxable","24":"shipping-taxable","25":"purchasable","26":"product-type-variable","27":"has-default-attributes"},"_links":{"self":[{"href":"https:\/\/primomoto.es\/fr\/wp-json\/wp\/v2\/product\/119968","targetHints":{"allow":["GET"]}}],"collection":[{"href":"https:\/\/primomoto.es\/fr\/wp-json\/wp\/v2\/product"}],"about":[{"href":"https:\/\/primomoto.es\/fr\/wp-json\/wp\/v2\/types\/product"}],"wp:featuredmedia":[{"embeddable":true,"href":"https:\/\/primomoto.es\/fr\/wp-json\/wp\/v2\/media\/119938"}],"wp:attachment":[{"href":"https:\/\/primomoto.es\/fr\/wp-json\/wp\/v2\/media?parent=119968"}],"wp:term":[{"taxonomy":"product_brand","embeddable":true,"href":"https:\/\/primomoto.es\/fr\/wp-json\/wp\/v2\/product_brand?post=119968"},{"taxonomy":"product_cat","embeddable":true,"href":"https:\/\/primomoto.es\/fr\/wp-json\/wp\/v2\/product_cat?post=119968"},{"taxonomy":"product_tag","embeddable":true,"href":"https:\/\/primomoto.es\/fr\/wp-json\/wp\/v2\/product_tag?post=119968"}],"curies":[{"name":"wp","href":"https:\/\/api.w.org\/{rel}","templated":true}]}}