{"id":119435,"date":"2022-06-27T07:12:41","date_gmt":"2022-06-27T07:12:41","guid":{"rendered":"https:\/\/primomoto.es\/shua-infinity-2pc-moto-courses-costume-noir-anthracite\/"},"modified":"2023-03-22T08:15:42","modified_gmt":"2023-03-22T08:15:42","slug":"shua-infinity-combinaison-de-course-de-moto-2-pc-noir-anthracite","status":"publish","type":"product","link":"https:\/\/primomoto.es\/fr\/shua-infinity-combinaison-de-course-de-moto-2-pc-noir-anthracite\/","title":{"rendered":"Shua Infinity Moto Courses Costume 2 PC Noir \/ Anthracite"},"content":{"rendered":"<h2>Mat\u00e9riel:<\/h2>\n<ul>\n<li>Fabriqu\u00e9 \u00e0 100% en cuir v\u00e9ritable<\/li>\n<li>Cuir pleine fleur de premi\u00e8re qualit\u00e9 1,0-1,2 mm<\/li>\n<\/ul>\n<p>Informations techniques:<\/p>\n<ul>\n<li>Tissu extensible au coude, \u00e0 l&rsquo;entrejambe et au genou arri\u00e8re pour offrir souplesse et confort<\/li>\n<li>Doublure fixe en maille au mollet pour offrir un meilleur confort<\/li>\n<li>Protections internes homologu\u00e9es CE aux coudes, hanches et genoux<\/li>\n<li>Bosse a\u00e9rodynamique<\/li>\n<li>Panneaux en cuir \u00e9lastiqu\u00e9s aux genoux, \u00e0 la taille au dos, aux emmanchures au dos pour un mouvement confortable et flexible<\/li>\n<li>N\u00e9opr\u00e8ne aux poignets et \u00e0 l&rsquo;ourlet pour r\u00e9duire l&rsquo;\u00e9paisseur et offrir un plus grand confort<\/li>\n<li>Renfort en cuir double couche aux coudes, aux \u00e9paules et au si\u00e8ge<\/li>\n<li>Velcro \u00e0 l&rsquo;int\u00e9rieur du panneau avant pour faciliter un protecteur de poitrine si n\u00e9cessaire<\/li>\n<li>Rembourrage de l&rsquo;os de la queue<\/li>\n<li>Sliders genoux amovibles<\/li>\n<\/ul>\n","protected":false},"excerpt":{"rendered":"<p>Mat\u00e9riel: Fabriqu\u00e9 \u00e0 100% en cuir v\u00e9ritable Cuir pleine fleur de premi\u00e8re qualit\u00e9 1,0-1,2 mm Informations techniques: Tissu extensible au<\/p>\n","protected":false},"featured_media":119408,"template":"","meta":[],"product_brand":[],"product_cat":[1948,3267,1946,1964,1906],"product_tag":[4282,2138,2161],"class_list":{"0":"post-119435","1":"product","2":"type-product","3":"status-publish","4":"has-post-thumbnail","6":"product_cat-combinaison-2-pieces-hommes","7":"product_cat-courses","8":"product_cat-hommes-combinaisons","9":"product_cat-offre-de-la-semaine","10":"product_cat-vetements-de-moto","11":"product_tag-costume-2-pieces","12":"product_tag-costume-en-cuir","13":"product_tag-traje-de-carreras-fr","14":"pa_size-46-fr","15":"pa_size-48-fr","16":"pa_size-50-fr","17":"pa_size-52-fr","18":"pa_size-54-fr","19":"pa_size-56-fr","20":"pa_size-58-fr","21":"pa_size-60-fr","22":"pa_size-62-fr","23":"pa_size-64-fr","25":"first","26":"outofstock","27":"sale","28":"taxable","29":"shipping-taxable","30":"purchasable","31":"product-type-variable","32":"has-default-attributes"},"_links":{"self":[{"href":"https:\/\/primomoto.es\/fr\/wp-json\/wp\/v2\/product\/119435","targetHints":{"allow":["GET"]}}],"collection":[{"href":"https:\/\/primomoto.es\/fr\/wp-json\/wp\/v2\/product"}],"about":[{"href":"https:\/\/primomoto.es\/fr\/wp-json\/wp\/v2\/types\/product"}],"wp:featuredmedia":[{"embeddable":true,"href":"https:\/\/primomoto.es\/fr\/wp-json\/wp\/v2\/media\/119408"}],"wp:attachment":[{"href":"https:\/\/primomoto.es\/fr\/wp-json\/wp\/v2\/media?parent=119435"}],"wp:term":[{"taxonomy":"product_brand","embeddable":true,"href":"https:\/\/primomoto.es\/fr\/wp-json\/wp\/v2\/product_brand?post=119435"},{"taxonomy":"product_cat","embeddable":true,"href":"https:\/\/primomoto.es\/fr\/wp-json\/wp\/v2\/product_cat?post=119435"},{"taxonomy":"product_tag","embeddable":true,"href":"https:\/\/primomoto.es\/fr\/wp-json\/wp\/v2\/product_tag?post=119435"}],"curies":[{"name":"wp","href":"https:\/\/api.w.org\/{rel}","templated":true}]}}