{"id":119272,"date":"2022-06-21T08:14:21","date_gmt":"2022-06-21T08:34:45","guid":{"rendered":"https:\/\/primomoto.es\/bela-inner-textile-pantalon-noir\/"},"modified":"2022-06-21T08:34:45","modified_gmt":"2022-06-21T08:34:45","slug":"bela-pantalon-textile-interieur-noir","status":"publish","type":"product","link":"https:\/\/primomoto.es\/fr\/bela-pantalon-textile-interieur-noir\/","title":{"rendered":"Bela Inner Textile Pantalon Noir"},"content":{"rendered":"<h2>\n            <span>Pantalon Thermique Bela Noir<\/span><br \/>\n          <\/h2>\n<p>          <strong><br \/>\n            <span>Mat\u00e9riaux de<\/span><br \/>\n          <\/strong><\/p>\n<ul>\n<li><span>Tissu doux avec la meilleure technologie de chaleur et de vent.<\/span><\/li>\n<li><span>Tissu Robex \u00e9lastique et respirant qui absorbe l&rsquo;humidit\u00e9.<\/span><\/li>\n<\/ul>\n<p>          <strong><br \/>\n            <span>Informations techniques:<\/span><br \/>\n          <\/strong><\/p>\n<ul>\n<li><span>Conception ergonomique pour un meilleur ajustement<\/span><\/li>\n<li><span>Taille et dos \u00e9lastiques.<\/span><\/li>\n<li><span>coutures plates<\/span><\/li>\n<\/ul>\n","protected":false},"excerpt":{"rendered":"<div class=\"short-description\">\n<div class=\"std\">\n<p>              <span>Une couche de base exceptionnellement recommand\u00e9e, fabriqu\u00e9e \u00e0 partir d&rsquo;un tissu doux, chaud et r\u00e9sistant au vent.<\/span><\/p><\/div>\n<\/p><\/div>\n","protected":false},"featured_media":119202,"template":"","meta":[],"product_brand":[],"product_cat":[1963,1958,1955,1954,1960,1957,3568],"product_tag":[4271,4272],"class_list":{"0":"post-119272","1":"product","2":"type-product","3":"status-publish","4":"has-post-thumbnail","6":"product_cat-accessoires-moto","7":"product_cat-pantalon-moto-femme","8":"product_cat-hommes-moto-pantalons","9":"product_cat-pantalon-de-moto","10":"product_cat-pantalon-textile-femme","11":"product_cat-pantalon-textile-homme","12":"product_cat-thermique","13":"product_tag-pantalon-thermique","14":"product_tag-usure-interieure","15":"pa_size-2xl-fr","16":"pa_size-3xl-fr","17":"pa_size-4xl-fr","18":"pa_size-l-fr","19":"pa_size-m-fr","20":"pa_size-s-fr","21":"pa_size-xl-fr","22":"pa_size-xs-fr","23":"pa_size-xxs-fr","25":"first","26":"outofstock","27":"sale","28":"taxable","29":"shipping-taxable","30":"purchasable","31":"product-type-variable","32":"has-default-attributes"},"_links":{"self":[{"href":"https:\/\/primomoto.es\/fr\/wp-json\/wp\/v2\/product\/119272","targetHints":{"allow":["GET"]}}],"collection":[{"href":"https:\/\/primomoto.es\/fr\/wp-json\/wp\/v2\/product"}],"about":[{"href":"https:\/\/primomoto.es\/fr\/wp-json\/wp\/v2\/types\/product"}],"wp:featuredmedia":[{"embeddable":true,"href":"https:\/\/primomoto.es\/fr\/wp-json\/wp\/v2\/media\/119202"}],"wp:attachment":[{"href":"https:\/\/primomoto.es\/fr\/wp-json\/wp\/v2\/media?parent=119272"}],"wp:term":[{"taxonomy":"product_brand","embeddable":true,"href":"https:\/\/primomoto.es\/fr\/wp-json\/wp\/v2\/product_brand?post=119272"},{"taxonomy":"product_cat","embeddable":true,"href":"https:\/\/primomoto.es\/fr\/wp-json\/wp\/v2\/product_cat?post=119272"},{"taxonomy":"product_tag","embeddable":true,"href":"https:\/\/primomoto.es\/fr\/wp-json\/wp\/v2\/product_tag?post=119272"}],"curies":[{"name":"wp","href":"https:\/\/api.w.org\/{rel}","templated":true}]}}