{"id":118337,"date":"2022-06-15T11:39:39","date_gmt":"2022-06-15T12:14:04","guid":{"rendered":"https:\/\/primomoto.es\/bela-urban-dame-jeans-bleu\/"},"modified":"2022-06-15T12:14:04","modified_gmt":"2022-06-15T12:14:04","slug":"bela-urban-lady-denim-jeans-bleu","status":"publish","type":"product","link":"https:\/\/primomoto.es\/fr\/bela-urban-lady-denim-jeans-bleu\/","title":{"rendered":"Bela Urban Dame Jeans Bleu"},"content":{"rendered":"<h2><strong><span>Motorcycle jeans for women &#8211; Bela Urban<\/span><\/strong><span> Dark Blue Denim Pants<\/span><\/h2>\n<p>          <strong><br \/>\n            <span>Informations produit :<\/span><br \/>\n          <\/strong><\/p>\n<p>          <span>Le jean moto Urban bleu fonc\u00e9 pour femme fait partie de la derni\u00e8re collection de la marque Bela Jeans. Le style de jean Urban Ldies est fabriqu\u00e9 \u00e0 partir des meilleurs tissus de coton et d&rsquo;\u00e9lasthanne. De plus, des renforts suppl\u00e9mentaires en tissu DuPont Aramid strat\u00e9giquement plac\u00e9s pour une excellente r\u00e9sistance \u00e0 l&rsquo;abrasion sans compromettre le confort et l&rsquo;\u00e9tirement. Les prot\u00e8ge-cuisses et genoux homologu\u00e9s CE \u00ab\u00a0EN 1621-1: 2012\u00a0\u00bb sont difficiles \u00e0 d\u00e9tecter lors de la conduite\/de la marche, mais offrent la meilleure protection en cas d&rsquo;incident lors de la conduite&#8230;<\/span><\/p>\n<p>          <strong><br \/>\n            <span>Tissu ext\u00e9rieur :<\/span><br \/>\n          <\/strong><\/p>\n<ul>\n<li><span>Denim \u00e9lastique de 12,5 onces<\/span><\/li>\n<li><span>Fabriqu\u00e9 en 98% coton et 2% \u00e9lasthanne.<\/span><\/li>\n<li><span>Effet de lavage al\u00e9atoire bleu fonc\u00e9<\/span><\/li>\n<\/ul>\n<p>          <strong><br \/>\n            <span>Protections :<\/span><br \/>\n          <\/strong><\/p>\n<ul>\n<li><span>Protections amovibles aux genoux et aux cuisses avec certification CE EN 1621-1 : 2012.<\/span><\/li>\n<li><span>La protection peut \u00eatre facilement retir\u00e9e en ouvrant simplement la fermeture \u00e9clair lat\u00e9rale du genou.<\/span><\/li>\n<\/ul>\n<p>          <strong><br \/>\n            <span>Confort:<\/span><br \/>\n          <\/strong><\/p>\n<ul>\n<li><span>Doublure int\u00e9rieure en tissu DuPont Aramid, qui est plac\u00e9e \u00e0 dessein pour offrir une excellente r\u00e9sistance et \u00e0 l&rsquo;abrasion.<\/span><\/li>\n<li><span>Doublure int\u00e9rieure en mesh 100% polyester pour la respirabilit\u00e9 et le confort.<\/span><\/li>\n<li><span>Mieux s&rsquo;adapter en coupe r\u00e9guli\u00e8re.<\/span><\/li>\n<li><span>Fermetures \u00e0 glissi\u00e8re YKK\u00ae (zone braguette et genoux)<\/span><\/li>\n<li><span>Avec sac de protection suppl\u00e9mentaire.<\/span><\/li>\n<\/ul>\n","protected":false},"excerpt":{"rendered":"<p>Motorcycle jeans for women &#8211; Bela Urban Dark Blue Denim Pants Informations produit : Le jean moto Urban bleu fonc\u00e9<\/p>\n","protected":false},"featured_media":118271,"template":"","meta":[],"product_brand":[],"product_cat":[1975,1974,1976,3262,1906],"product_tag":[3838,3761,3824],"class_list":{"0":"post-118337","1":"product","2":"type-product","3":"status-publish","4":"has-post-thumbnail","6":"product_cat-femme","7":"product_cat-jean-moto","8":"product_cat-jeans-fr","9":"product_cat-rue","10":"product_cat-vetements-de-moto","11":"product_tag-jean-bleu","12":"product_tag-jeans","13":"product_tag-jeans-pour-femmes","14":"pa_size-26-fr","15":"pa_size-28-fr","16":"pa_size-30-fr","17":"pa_size-32-fr","18":"pa_size-34-fr","19":"pa_size-36-fr","20":"pa_size-38-fr","22":"first","23":"instock","24":"sale","25":"taxable","26":"shipping-taxable","27":"purchasable","28":"product-type-variable","29":"has-default-attributes"},"_links":{"self":[{"href":"https:\/\/primomoto.es\/fr\/wp-json\/wp\/v2\/product\/118337","targetHints":{"allow":["GET"]}}],"collection":[{"href":"https:\/\/primomoto.es\/fr\/wp-json\/wp\/v2\/product"}],"about":[{"href":"https:\/\/primomoto.es\/fr\/wp-json\/wp\/v2\/types\/product"}],"wp:featuredmedia":[{"embeddable":true,"href":"https:\/\/primomoto.es\/fr\/wp-json\/wp\/v2\/media\/118271"}],"wp:attachment":[{"href":"https:\/\/primomoto.es\/fr\/wp-json\/wp\/v2\/media?parent=118337"}],"wp:term":[{"taxonomy":"product_brand","embeddable":true,"href":"https:\/\/primomoto.es\/fr\/wp-json\/wp\/v2\/product_brand?post=118337"},{"taxonomy":"product_cat","embeddable":true,"href":"https:\/\/primomoto.es\/fr\/wp-json\/wp\/v2\/product_cat?post=118337"},{"taxonomy":"product_tag","embeddable":true,"href":"https:\/\/primomoto.es\/fr\/wp-json\/wp\/v2\/product_tag?post=118337"}],"curies":[{"name":"wp","href":"https:\/\/api.w.org\/{rel}","templated":true}]}}