{"id":117916,"date":"2022-06-14T08:17:55","date_gmt":"2022-06-14T08:44:24","guid":{"rendered":"https:\/\/primomoto.es\/r-tech-street-moto-magnetique-reservoir-sac-noir\/"},"modified":"2023-06-06T09:11:26","modified_gmt":"2023-06-06T09:11:26","slug":"sacoche-de-reservoir-magnetique-r-tech-street-moto-noir","status":"publish","type":"product","link":"https:\/\/primomoto.es\/fr\/sacoche-de-reservoir-magnetique-r-tech-street-moto-noir\/","title":{"rendered":"R-Tech Street Moto Magn\u00e9tique R\u00e9servoir Sac Noir"},"content":{"rendered":"<p>&nbsp;<\/p>\n<h2>r-tech-street-bolsa-magn\u00e9tique-moto-negro<\/h2>\n<p><strong><br \/>\nLa description:<br \/>\n<\/strong><\/p>\n<ul>\n<li>Sacoche de r\u00e9servoir textile Sport \/ Touring \/ Scooter \/ Enduro \/ Custom.<\/li>\n<li><strong>Mat\u00e9riaux:<\/strong> Textile.<\/li>\n<li><strong>Protections:<\/strong> reinforced seams.<\/li>\n<li><strong>\u00c0 l&rsquo;int\u00e9rieur:<\/strong> Polyester.<\/li>\n<li><strong>Size:<\/strong> 16 X 30 X 5 cm 2 Liters.<\/li>\n<li><strong>Couleur:<\/strong> Noir.<\/li>\n<li>Sacoche de r\u00e9servoir textile avec aimants \u00e0 haute r\u00e9sistance.<\/li>\n<li>Sangle de guidon Inserts r\u00e9fl\u00e9chissants.<\/li>\n<li>Grande fen\u00eatre transparente.<\/li>\n<li>Sangles pour le transformer en sac de marche confortable.<\/li>\n<\/ul>\n","protected":false},"excerpt":{"rendered":"<p>&nbsp; r-tech-street-bolsa-magn\u00e9tique-moto-negro La description: Sacoche de r\u00e9servoir textile Sport \/ Touring \/ Scooter \/ Enduro \/ Custom. Mat\u00e9riaux: Textile. Protections:<\/p>\n","protected":false},"featured_media":117851,"template":"","meta":[],"product_brand":[],"product_cat":[1963,3565],"product_tag":[3845],"class_list":{"0":"post-117916","1":"product","2":"type-product","3":"status-publish","4":"has-post-thumbnail","6":"product_cat-accessoires-moto","7":"product_cat-sacs-de-moto","8":"product_tag-sac-de-randonnee","9":"pa_size-m-fr","11":"first","12":"outofstock","13":"sale","14":"taxable","15":"shipping-taxable","16":"purchasable","17":"product-type-variable"},"_links":{"self":[{"href":"https:\/\/primomoto.es\/fr\/wp-json\/wp\/v2\/product\/117916","targetHints":{"allow":["GET"]}}],"collection":[{"href":"https:\/\/primomoto.es\/fr\/wp-json\/wp\/v2\/product"}],"about":[{"href":"https:\/\/primomoto.es\/fr\/wp-json\/wp\/v2\/types\/product"}],"wp:featuredmedia":[{"embeddable":true,"href":"https:\/\/primomoto.es\/fr\/wp-json\/wp\/v2\/media\/117851"}],"wp:attachment":[{"href":"https:\/\/primomoto.es\/fr\/wp-json\/wp\/v2\/media?parent=117916"}],"wp:term":[{"taxonomy":"product_brand","embeddable":true,"href":"https:\/\/primomoto.es\/fr\/wp-json\/wp\/v2\/product_brand?post=117916"},{"taxonomy":"product_cat","embeddable":true,"href":"https:\/\/primomoto.es\/fr\/wp-json\/wp\/v2\/product_cat?post=117916"},{"taxonomy":"product_tag","embeddable":true,"href":"https:\/\/primomoto.es\/fr\/wp-json\/wp\/v2\/product_tag?post=117916"}],"curies":[{"name":"wp","href":"https:\/\/api.w.org\/{rel}","templated":true}]}}