{"id":105490,"date":"2022-04-23T20:30:12","date_gmt":"2022-04-23T20:30:12","guid":{"rendered":"https:\/\/primomoto.es\/bela-mesh-pro-lady-textile-veste-glace\/"},"modified":"2023-03-29T07:23:15","modified_gmt":"2023-03-29T07:23:15","slug":"bela-mesh-pro-lady-veste-textile-ice","status":"publish","type":"product","link":"https:\/\/primomoto.es\/fr\/bela-mesh-pro-lady-veste-textile-ice\/","title":{"rendered":"Bela Mesh Pro Lady Textile Veste Glace"},"content":{"rendered":"<ul>\n<li>Ext\u00e9rieur : 100 % polyester Maxtex 600D avec filet d&rsquo;a\u00e9ration pour la ventilation.<\/li>\n<li>Interior: 100% polyester mesh lining.<\/li>\n<li>Protections amovibles aux \u00e9paules et aux coudes homologu\u00e9es CE<\/li>\n<li>Adjustable snap button on the sleeves<\/li>\n<li>Velcro cuffs and waist.<\/li>\n<li>Deux poches \u00e9tanches.<\/li>\n<li>Logo BELA r\u00e9fl\u00e9chissant \u00e0 l&rsquo;avant et \u00e0 l&rsquo;arri\u00e8re pour la conduite de nuit<\/li>\n<li>Rembourrage suppl\u00e9mentaire \u00e0 l&rsquo;arri\u00e8re pour plus de protection.<\/li>\n<li>Fermeture \u00e0 glissi\u00e8re de connexion courte YKK # 8<\/li>\n<\/ul>\n","protected":false},"excerpt":{"rendered":"<p>Mesh Pro Lady\u00a0\u00bb, la nouvelle gamme de vestes d&rsquo;\u00e9t\u00e9 BELA pour femmes.<\/p>\n","protected":false},"featured_media":300380,"template":"","meta":[],"product_brand":[],"product_cat":[1935,1933,3262,3257,1929,1906],"product_tag":[3913,3912,3688,3911],"class_list":{"0":"post-105490","1":"product","2":"type-product","3":"status-publish","4":"has-post-thumbnail","6":"product_cat-blouson-textile-femme","7":"product_cat-blousons-moto-femme","8":"product_cat-rue","9":"product_cat-tournee","10":"product_cat-vestes-de-moto","11":"product_cat-vetements-de-moto","12":"product_tag-veste-dete-pour-femme","13":"product_tag-veste-de-moto-dames","14":"product_tag-veste-femme-fr","15":"product_tag-veste-touring-femme","16":"pa_size-34-2xs-fr","17":"pa_size-36-xs-fr","18":"pa_size-38-s-fr","19":"pa_size-40-m-fr","20":"pa_size-42-l-fr","21":"pa_size-44-xl-fr","22":"pa_size-46-2xl-fr","23":"pa_size-48-3xl-fr","24":"pa_size-50-4xl-fr","25":"pa_size-52-5xl-fr","27":"first","28":"outofstock","29":"sale","30":"taxable","31":"shipping-taxable","32":"purchasable","33":"product-type-variable","34":"has-default-attributes"},"_links":{"self":[{"href":"https:\/\/primomoto.es\/fr\/wp-json\/wp\/v2\/product\/105490","targetHints":{"allow":["GET"]}}],"collection":[{"href":"https:\/\/primomoto.es\/fr\/wp-json\/wp\/v2\/product"}],"about":[{"href":"https:\/\/primomoto.es\/fr\/wp-json\/wp\/v2\/types\/product"}],"wp:featuredmedia":[{"embeddable":true,"href":"https:\/\/primomoto.es\/fr\/wp-json\/wp\/v2\/media\/300380"}],"wp:attachment":[{"href":"https:\/\/primomoto.es\/fr\/wp-json\/wp\/v2\/media?parent=105490"}],"wp:term":[{"taxonomy":"product_brand","embeddable":true,"href":"https:\/\/primomoto.es\/fr\/wp-json\/wp\/v2\/product_brand?post=105490"},{"taxonomy":"product_cat","embeddable":true,"href":"https:\/\/primomoto.es\/fr\/wp-json\/wp\/v2\/product_cat?post=105490"},{"taxonomy":"product_tag","embeddable":true,"href":"https:\/\/primomoto.es\/fr\/wp-json\/wp\/v2\/product_tag?post=105490"}],"curies":[{"name":"wp","href":"https:\/\/api.w.org\/{rel}","templated":true}]}}