{"id":101681,"date":"2022-03-15T08:52:24","date_gmt":"2022-03-15T08:56:37","guid":{"rendered":"https:\/\/primomoto.es\/r-tech-jet-evo-moto-lete-gants-noir\/"},"modified":"2023-03-31T11:28:08","modified_gmt":"2023-03-31T11:28:08","slug":"r-tech-jet-evo-gants-moto-ete-noir","status":"publish","type":"product","link":"https:\/\/primomoto.es\/fr\/r-tech-jet-evo-gants-moto-ete-noir\/","title":{"rendered":"R-Tech Jet Evo Moto L&rsquo;\u00e9t\u00e9 Gants Noir"},"content":{"rendered":"<p>&nbsp;<\/p>\n<h2><strong><br \/>\nGants moto \u00e9t\u00e9 \u2013 Gants en cuir R-Tech Jet Evo Noir<br \/>\n<\/strong><\/h2>\n<p><strong><br \/>\nLa description:<br \/>\n<\/strong><\/p>\n<ul>\n<li>Gants mixtes cuir et textile cuir synth\u00e9tique.<\/li>\n<li>Cuir v\u00e9ritable utilis\u00e9 sur les zones \u00e0 haut risque d&rsquo;impact.<\/li>\n<li>Maille en polyester de haute qualit\u00e9 \u00e0 des fins de ventilation.<\/li>\n<li>Construction en tissu polyester doux pour un ajustement confortable.<\/li>\n<li>Doublure en polyester doux \u00e0 l&rsquo;int\u00e9rieur.<\/li>\n<li>Passepoil en cuir v\u00e9ritable.<\/li>\n<li>Protecteur en TPU pour la protection des articulations.<\/li>\n<li>Renfort Clarino pour la s\u00e9curit\u00e9 de la paume.<\/li>\n<li>Forme incurv\u00e9e pour un ajustement agr\u00e9able.<\/li>\n<li>Panneaux \u00e9lastiqu\u00e9s pour<\/li>\n<li>Fermeture Velcro r\u00e9glable sur le brassard pour un meilleur confort et une meilleure adh\u00e9rence du brassard.<\/li>\n<\/ul>\n","protected":false},"excerpt":{"rendered":"<p>&nbsp; Gants moto \u00e9t\u00e9 \u2013 Gants en cuir R-Tech Jet Evo Noir La description: Gants mixtes cuir et textile cuir<\/p>\n","protected":false},"featured_media":101668,"template":"","meta":[],"product_brand":[],"product_cat":[3267,1936,1939,1937,4560,1906],"product_tag":[2506,3176,3175,2491],"class_list":{"0":"post-101681","1":"product","2":"type-product","3":"status-publish","4":"has-post-thumbnail","6":"product_cat-courses","7":"product_cat-gants-de-moto","8":"product_cat-gants-racing-hommes","9":"product_cat-hommes-gants-de-moto","10":"product_cat-sale-fr","11":"product_cat-vetements-de-moto","12":"product_tag-gant-en-cuir","13":"product_tag-guantes-de-hombre-fr","14":"product_tag-guantes-negros","15":"product_tag-touring-gloves-fr","16":"pa_size-2xl-fr","17":"pa_size-3xl-fr","18":"pa_size-l-fr","19":"pa_size-m-fr","20":"pa_size-s-fr","21":"pa_size-xl-fr","23":"first","24":"outofstock","25":"sale","26":"taxable","27":"shipping-taxable","28":"purchasable","29":"product-type-variable","30":"has-default-attributes"},"_links":{"self":[{"href":"https:\/\/primomoto.es\/fr\/wp-json\/wp\/v2\/product\/101681","targetHints":{"allow":["GET"]}}],"collection":[{"href":"https:\/\/primomoto.es\/fr\/wp-json\/wp\/v2\/product"}],"about":[{"href":"https:\/\/primomoto.es\/fr\/wp-json\/wp\/v2\/types\/product"}],"wp:featuredmedia":[{"embeddable":true,"href":"https:\/\/primomoto.es\/fr\/wp-json\/wp\/v2\/media\/101668"}],"wp:attachment":[{"href":"https:\/\/primomoto.es\/fr\/wp-json\/wp\/v2\/media?parent=101681"}],"wp:term":[{"taxonomy":"product_brand","embeddable":true,"href":"https:\/\/primomoto.es\/fr\/wp-json\/wp\/v2\/product_brand?post=101681"},{"taxonomy":"product_cat","embeddable":true,"href":"https:\/\/primomoto.es\/fr\/wp-json\/wp\/v2\/product_cat?post=101681"},{"taxonomy":"product_tag","embeddable":true,"href":"https:\/\/primomoto.es\/fr\/wp-json\/wp\/v2\/product_tag?post=101681"}],"curies":[{"name":"wp","href":"https:\/\/api.w.org\/{rel}","templated":true}]}}