{"id":100863,"date":"2022-02-26T13:01:23","date_gmt":"2022-02-27T04:38:12","guid":{"rendered":"https:\/\/primomoto.es\/bela-knee-sliders-noir-orange\/"},"modified":"2022-02-27T04:38:22","modified_gmt":"2022-02-27T04:38:22","slug":"bela-sliders-genoux-noir-orange","status":"publish","type":"product","link":"https:\/\/primomoto.es\/fr\/bela-sliders-genoux-noir-orange\/","title":{"rendered":"Bela Knee Sliders Noir \/ Orange"},"content":{"rendered":"<h2><strong>Curseur de genou de moto Bela<\/strong><\/h2>\n<p>Durable mais permet une bonne sensation dans les virages. Forme anatomique pour un contact optimal, une r\u00e9partition uniforme et un poids plus l\u00e9ger. \u00c9quipement standard sur la plupart des combinaisons en cuir Bela.<\/p>\n<p><strong>Mat\u00e9riaux:<\/strong><\/p>\n<ul>\n<li>100% polyester.<\/li>\n<\/ul>\n<p><strong>Solutions techniques :<\/strong><\/p>\n<ul>\n<li>Paire de curseurs en Polyur\u00e9thane coll\u00e9s au cuir avec velcro tr\u00e8s r\u00e9sistant.<\/li>\n<li>Fonctionne bien pour une utilisation quotidienne ou sur piste.<\/li>\n<\/ul>\n","protected":false},"excerpt":{"rendered":"<p>Sliders de genou hautement protecteurs adapt\u00e9s \u00e0 tous les types d&rsquo;activit\u00e9s d&rsquo;\u00e9quitation et de course.<\/p>\n","protected":false},"featured_media":100835,"template":"","meta":[],"product_brand":[],"product_cat":[1963,3267,3569],"product_tag":[3593,3594,3551],"class_list":{"0":"post-100863","1":"product","2":"type-product","3":"status-publish","4":"has-post-thumbnail","6":"product_cat-accessoires-moto","7":"product_cat-courses","8":"product_cat-curseurs-fr","9":"product_tag-curseurs-de-course","10":"product_tag-curseurs-de-genou","11":"product_tag-genouillere-de-course","12":"pa_size-universel","14":"first","15":"outofstock","16":"taxable","17":"shipping-taxable","18":"purchasable","19":"product-type-variable","20":"has-default-attributes"},"_links":{"self":[{"href":"https:\/\/primomoto.es\/fr\/wp-json\/wp\/v2\/product\/100863","targetHints":{"allow":["GET"]}}],"collection":[{"href":"https:\/\/primomoto.es\/fr\/wp-json\/wp\/v2\/product"}],"about":[{"href":"https:\/\/primomoto.es\/fr\/wp-json\/wp\/v2\/types\/product"}],"wp:featuredmedia":[{"embeddable":true,"href":"https:\/\/primomoto.es\/fr\/wp-json\/wp\/v2\/media\/100835"}],"wp:attachment":[{"href":"https:\/\/primomoto.es\/fr\/wp-json\/wp\/v2\/media?parent=100863"}],"wp:term":[{"taxonomy":"product_brand","embeddable":true,"href":"https:\/\/primomoto.es\/fr\/wp-json\/wp\/v2\/product_brand?post=100863"},{"taxonomy":"product_cat","embeddable":true,"href":"https:\/\/primomoto.es\/fr\/wp-json\/wp\/v2\/product_cat?post=100863"},{"taxonomy":"product_tag","embeddable":true,"href":"https:\/\/primomoto.es\/fr\/wp-json\/wp\/v2\/product_tag?post=100863"}],"curies":[{"name":"wp","href":"https:\/\/api.w.org\/{rel}","templated":true}]}}