{"id":100775,"date":"2022-02-25T17:41:02","date_gmt":"2022-02-25T17:41:02","guid":{"rendered":"https:\/\/primomoto.es\/bela-knee-sliders-noir-jaune-fluo\/"},"modified":"2023-06-06T07:11:47","modified_gmt":"2023-06-06T07:11:47","slug":"bela-sliders-genoux-noir-jaune-fluo","status":"publish","type":"product","link":"https:\/\/primomoto.es\/fr\/bela-sliders-genoux-noir-jaune-fluo\/","title":{"rendered":"Bela Knee Sliders Noir \/ Jaune Fluo"},"content":{"rendered":"<h2><strong><span style=\"vertical-align: inherit;\"><span style=\"vertical-align: inherit;\">Curseur de genou de moto Bela<\/span><\/span><\/strong><\/h2>\n<p><span style=\"vertical-align: inherit;\"><span style=\"vertical-align: inherit;\">Durable yet allows good feel in turns. <\/span><\/span><span style=\"vertical-align: inherit;\"><span style=\"vertical-align: inherit;\">Anatomically shaped for optimal contact, <\/span><\/span><span style=\"vertical-align: inherit;\"><span style=\"vertical-align: inherit;\">evenward distribution and lighter weight. <\/span><\/span><span style=\"vertical-align: inherit;\"><span style=\"vertical-align: inherit;\">Standard fitment on most Bela leather suits.<\/span><\/span><\/p>\n<p><strong><span style=\"vertical-align: inherit;\"><span style=\"vertical-align: inherit;\">Mat\u00e9riaux:<\/span><\/span><\/strong><\/p>\n<ul>\n<li><span style=\"vertical-align: inherit;\"><span style=\"vertical-align: inherit;\">100% polyester.<\/span><\/span><\/li>\n<\/ul>\n<p><strong><span style=\"vertical-align: inherit;\"><span style=\"vertical-align: inherit;\">Solutions techniques :<\/span><\/span><\/strong><\/p>\n<ul>\n<li><span style=\"vertical-align: inherit;\"><span style=\"vertical-align: inherit;\">Paire de curseurs en Polyur\u00e9thane coll\u00e9s au cuir avec velcro tr\u00e8s r\u00e9sistant.<\/span><\/span><\/li>\n<li><span style=\"vertical-align: inherit;\"><span style=\"vertical-align: inherit;\">Fonctionne bien pour une utilisation quotidienne ou sur piste.<\/span><\/span><\/li>\n<\/ul>\n","protected":false},"excerpt":{"rendered":"<p>&nbsp;<\/p>\n<div class=\"short-description\">\n<div class=\"std\">\n<p><span style=\"vertical-align: inherit;\"><br \/>\n<span style=\"vertical-align: inherit;\">Sliders de genou hautement protecteurs adapt\u00e9s \u00e0 tous les types d&rsquo;activit\u00e9s d&rsquo;\u00e9quitation et de course.<\/span><br \/>\n<\/span><\/p>\n<\/div>\n<\/div>\n","protected":false},"featured_media":100752,"template":"","meta":[],"product_brand":[],"product_cat":[1963,3267,3569],"product_tag":[3545,3551],"class_list":{"0":"post-100775","1":"product","2":"type-product","3":"status-publish","4":"has-post-thumbnail","6":"product_cat-accessoires-moto","7":"product_cat-courses","8":"product_cat-curseurs-fr","9":"product_tag-curseur-de-genou","10":"product_tag-genouillere-de-course","11":"pa_size-universel","13":"first","14":"instock","15":"sale","16":"taxable","17":"shipping-taxable","18":"purchasable","19":"product-type-variable","20":"has-default-attributes"},"_links":{"self":[{"href":"https:\/\/primomoto.es\/fr\/wp-json\/wp\/v2\/product\/100775","targetHints":{"allow":["GET"]}}],"collection":[{"href":"https:\/\/primomoto.es\/fr\/wp-json\/wp\/v2\/product"}],"about":[{"href":"https:\/\/primomoto.es\/fr\/wp-json\/wp\/v2\/types\/product"}],"wp:featuredmedia":[{"embeddable":true,"href":"https:\/\/primomoto.es\/fr\/wp-json\/wp\/v2\/media\/100752"}],"wp:attachment":[{"href":"https:\/\/primomoto.es\/fr\/wp-json\/wp\/v2\/media?parent=100775"}],"wp:term":[{"taxonomy":"product_brand","embeddable":true,"href":"https:\/\/primomoto.es\/fr\/wp-json\/wp\/v2\/product_brand?post=100775"},{"taxonomy":"product_cat","embeddable":true,"href":"https:\/\/primomoto.es\/fr\/wp-json\/wp\/v2\/product_cat?post=100775"},{"taxonomy":"product_tag","embeddable":true,"href":"https:\/\/primomoto.es\/fr\/wp-json\/wp\/v2\/product_tag?post=100775"}],"curies":[{"name":"wp","href":"https:\/\/api.w.org\/{rel}","templated":true}]}}