{"id":100555,"date":"2022-02-17T10:47:36","date_gmt":"2022-02-17T10:56:27","guid":{"rendered":"https:\/\/primomoto.es\/bela-belize-wp-adventure-cuir-long-bottes-c1-brun\/"},"modified":"2023-04-04T06:58:23","modified_gmt":"2023-04-04T06:58:23","slug":"bela-belize-wp-adventure-bottes-longues-en-cuir-c1-marron","status":"publish","type":"product","link":"https:\/\/primomoto.es\/fr\/bela-belize-wp-adventure-bottes-longues-en-cuir-c1-marron\/","title":{"rendered":"Bela Belize WP Adventure Cuir Long Bottes C1 brun"},"content":{"rendered":"<h2>BOTTES LONGUES EN CUIR BELA BELIZE WP ADVENTURE<\/h2>\n<p><strong>La description:<\/strong><\/p>\n<p>Con\u00e7ues sp\u00e9cifiquement pour les cyclistes ADV, les bottes Bela Belize WP Adventure combinent le confort et la flexibilit\u00e9 d&rsquo;une botte de route avec les caract\u00e9ristiques de protection et la pleine hauteur des bottes tout-terrain. \u00c9quip\u00e9es d&rsquo;une finition en cuir vintage et d&rsquo;une doublure imperm\u00e9able\/respirante, les bottes Adventure gardent vos pieds au sec sans limiter l&rsquo;amplitude de mouvement. La semelle \u00e0 double densit\u00e9 offre une excellente adh\u00e9rence sur le v\u00e9lo et offre aux cyclistes une surface confortable et adh\u00e9rente sur laquelle marcher lorsqu&rsquo;ils ne sont pas \u00e0 v\u00e9lo. Les inserts et renforts en TPU int\u00e9gr\u00e9s offrent une protection contre les blessures par impact et les boucles en plastique de bonne qualit\u00e9 garantissent que vous ne serez pas mis \u00e0 l&rsquo;\u00e9cart si vous avez un renversement.<\/p>\n<p><strong>Caract\u00e9ristiques:<\/strong><\/p>\n<ul>\n<li>Tige en cuir pleine fleur huil\u00e9 avec microfibre<\/li>\n<li>doublure imperm\u00e9able et respirante<\/li>\n<li>Finition cuir vintage<\/li>\n<li>Semelle en caoutchouc antid\u00e9rapant double densit\u00e9 Adventure<\/li>\n<li>Plaque avant en plastique moul\u00e9 par injection<\/li>\n<li>Protection de plaquette d&rsquo;engrenage en plastique<\/li>\n<li>Protections internes en plastique moul\u00e9<\/li>\n<li>Fermetures Velcro r\u00e9glables<\/li>\n<li>Boucles en plastique r\u00e9glables<\/li>\n<li>Protections en plastique moul\u00e9 en TPU au tibia et \u00e0 la cheville<\/li>\n<li>Renforts de cheville<\/li>\n<li>Semelle interm\u00e9diaire sp\u00e9ciale en nylon rigide avec tige en acier<\/li>\n<li>Rembourrage en polym\u00e8re extra doux avec mousse \u00e0 m\u00e9moire de forme<\/li>\n<li>Assise plantaire rempla\u00e7able antibact\u00e9rienne<\/li>\n<\/ul>\n","protected":false},"excerpt":{"rendered":"<p>BOTTES LONGUES EN CUIR BELA BELIZE WP ADVENTURE La description: Con\u00e7ues sp\u00e9cifiquement pour les cyclistes ADV, les bottes Bela Belize<\/p>\n","protected":false},"featured_media":100521,"template":"","meta":[],"product_brand":[],"product_cat":[1907,1911,1908,3262,3257,1906],"product_tag":[2033,3518,3519,3350,2037],"class_list":{"0":"post-100555","1":"product","2":"type-product","3":"status-publish","4":"has-post-thumbnail","6":"product_cat-bottes-de-moto","7":"product_cat-bottes-de-tourisme-hommes","8":"product_cat-bottes-moto-hommes","9":"product_cat-rue","10":"product_cat-tournee","11":"product_cat-vetements-de-moto","12":"product_tag-bottes-de-cuir","13":"product_tag-bottes-longues","14":"product_tag-bottes-longues-hommes","15":"product_tag-bottes-marron","16":"product_tag-bottes-pour-hommes","17":"pa_size-42-fr","18":"pa_size-43-fr","19":"pa_size-44-fr","20":"pa_size-45-fr","22":"first","23":"outofstock","24":"sale","25":"taxable","26":"shipping-taxable","27":"purchasable","28":"product-type-variable","29":"has-default-attributes"},"_links":{"self":[{"href":"https:\/\/primomoto.es\/fr\/wp-json\/wp\/v2\/product\/100555","targetHints":{"allow":["GET"]}}],"collection":[{"href":"https:\/\/primomoto.es\/fr\/wp-json\/wp\/v2\/product"}],"about":[{"href":"https:\/\/primomoto.es\/fr\/wp-json\/wp\/v2\/types\/product"}],"wp:featuredmedia":[{"embeddable":true,"href":"https:\/\/primomoto.es\/fr\/wp-json\/wp\/v2\/media\/100521"}],"wp:attachment":[{"href":"https:\/\/primomoto.es\/fr\/wp-json\/wp\/v2\/media?parent=100555"}],"wp:term":[{"taxonomy":"product_brand","embeddable":true,"href":"https:\/\/primomoto.es\/fr\/wp-json\/wp\/v2\/product_brand?post=100555"},{"taxonomy":"product_cat","embeddable":true,"href":"https:\/\/primomoto.es\/fr\/wp-json\/wp\/v2\/product_cat?post=100555"},{"taxonomy":"product_tag","embeddable":true,"href":"https:\/\/primomoto.es\/fr\/wp-json\/wp\/v2\/product_tag?post=100555"}],"curies":[{"name":"wp","href":"https:\/\/api.w.org\/{rel}","templated":true}]}}