{"id":46890,"date":"2021-06-17T06:54:56","date_gmt":"2021-06-17T06:54:56","guid":{"rendered":"https:\/\/primomoto.es\/termes-et-conditions\/"},"modified":"2021-11-02T10:06:07","modified_gmt":"2021-11-02T10:06:07","slug":"termes-et-conditions","status":"publish","type":"page","link":"https:\/\/primomoto.es\/fr\/termes-et-conditions\/","title":{"rendered":"Termes et conditions"},"content":{"rendered":"<section class=\"wpb-content-wrapper\"><p>[vc_row full_width=\u00a0\u00bbstretch_row\u00a0\u00bb css=\u00a0\u00bb.vc_custom_1602053153825{margin-top: -40px !important;padding-top: 8vh !important;padding-bottom: 5vh !important;}\u00a0\u00bb mobile_bg_img_hidden=\u00a0\u00bbno\u00a0\u00bb tablet_bg_img_hidden=\u00a0\u00bbno\u00a0\u00bb woodmart_parallax=\u00a0\u00bb0&Prime; woodmart_gradient_switch=\u00a0\u00bbno\u00a0\u00bb row_reverse_mobile=\u00a0\u00bb0&Prime; row_reverse_tablet=\u00a0\u00bb0&Prime; woodmart_disable_overflow=\u00a0\u00bb0&Prime;][vc_column width=\u00a0\u00bb1\/2&Prime; offset=\u00a0\u00bbvc_col-sm-offset-3&Prime; css=\u00a0\u00bb.vc_custom_1527239539599{padding-top: 0px !important;}\u00a0\u00bb]\n\t\t<div id=\"wd-5f7d6127136fb\" class=\"title-wrapper wd-wpb set-mb-s reset-last-child  wd-rs-5f7d6127136fb wd-title-color-default wd-title-style-underlined-2 text-center vc_custom_1602052396125 wd-underline-colored\">\n\t\t\t\n\t\t\t<div class=\"liner-continer\">\n\t\t\t\t<h3 class=\"woodmart-title-container title  wd-font-weight- wd-fontsize-l\" >Termes et conditions<\/h3>\n\t\t\t\t\t\t\t<\/div>\n\t\t\t\n\t\t\t\n\t\t\t\n\t\t<\/div>\n\t\t\n\t\t[vc_column_text css=\u00a0\u00bb.vc_custom_1629109167619{margin-bottom: 0px !important;}\u00a0\u00bb el_class=\u00a0\u00bbtext-larger\u00a0\u00bb text_larger=\u00a0\u00bbno\u00a0\u00bb]<\/p>\n<p style=\"text-align: center;\"><span style=\"color: #000000;\">Cette page vous informe de nos politiques concernant la collecte, l&rsquo;utilisation et la divulgation des informations personnelles lorsque vous utilisez notre service. Nous n&rsquo;utiliserons ni ne partagerons vos informations avec qui que ce soit, sauf tel que d\u00e9crit dans la pr\u00e9sente politique de confidentialit\u00e9.<\/span><\/p>\n<p>[\/vc_column_text][\/vc_column][\/vc_row][vc_row css=\u00a0\u00bb.vc_custom_1528700414903{margin-right: 0px !important;margin-bottom: 25px !important;margin-left: 0px !important;border-top-width: 1px !important;border-right-width: 1px !important;border-bottom-width: 1px !important;border-left-width: 1px !important;padding-top: 30px !important;padding-right: 15px !important;padding-bottom: 30px !important;padding-left: 15px !important;background-color: #ffffff !important;border-left-color: #e7e7e7 !important;border-left-style: solid !important;border-right-color: #e7e7e7 !important;border-right-style: solid !important;border-top-color: #e7e7e7 !important;border-top-style: solid !important;border-bottom-color: #e7e7e7 !important;border-bottom-style: solid !important;}\u00a0\u00bb][vc_column css=\u00a0\u00bb.vc_custom_1527238251732{padding-top: 0px !important;}\u00a0\u00bb]\t\t\t<div id=\"wd-5fe9bdf1d0648\" class=\"wd-text-block-wrapper wd-wpb wd-rs-5fe9bdf1d0648 color-scheme-dark text-center vc_custom_1609154046660\">\n\t\t\t\t<div class=\"woodmart-title-container woodmart-text-block reset-last-child font-primary wd-font-weight-600 \">\n\t\t\t\t\t<\/p>\n<h4 class=\"woodmart-title-container title woodmart-font-weight-\">UTILISATION DES INFORMATIONS<\/h4>\n<p>\t\t\t\t<\/div>\n\n\t\t\t\t\t\t\t<\/div>\n\t\t[vc_column_text css=\u00a0\u00bb.vc_custom_1629109176449{margin-bottom: 0px !important;}\u00a0\u00bb el_class=\u00a0\u00bbtext-larger\u00a0\u00bb text_larger=\u00a0\u00bbno\u00a0\u00bb]<\/p>\n<p style=\"text-align: center;\"><span style=\"color: #000000;\">Lors de l&rsquo;utilisation de notre service, nous pouvons vous demander de nous fournir certaines informations personnellement identifiables qui peuvent \u00eatre utilis\u00e9es pour vous contacter ou vous identifier. Les informations personnellement identifiables peuvent inclure, mais sans s&rsquo;y limiter, votre nom (\u00ab\u00a0Informations personnelles\u00ab\u00a0) Donn\u00e9es d&rsquo;enregistrement Nous recueillons des informations que votre navigateur envoie chaque fois que vous visitez notre service (\u00ab\u00a0Donn\u00e9es d&rsquo;enregistrement\u00ab\u00a0). Ces donn\u00e9es d&rsquo;enregistrement peuvent inclure des informations telles que l&rsquo;adresse IP de votre ordinateur, le type de navigateur, la version du navigateur, les pages de notre service que vous visitez, l&rsquo;heure et la date de votre visite, le temps pass\u00e9 sur ces pages et d&rsquo;autres statistiques.<\/span><\/p>\n<p>[\/vc_column_text][\/vc_column][\/vc_row][vc_row css=\u00a0\u00bb.vc_custom_1528700414903{margin-right: 0px !important;margin-bottom: 25px !important;margin-left: 0px !important;border-top-width: 1px !important;border-right-width: 1px !important;border-bottom-width: 1px !important;border-left-width: 1px !important;padding-top: 30px !important;padding-right: 15px !important;padding-bottom: 30px !important;padding-left: 15px !important;background-color: #ffffff !important;border-left-color: #e7e7e7 !important;border-left-style: solid !important;border-right-color: #e7e7e7 !important;border-right-style: solid !important;border-top-color: #e7e7e7 !important;border-top-style: solid !important;border-bottom-color: #e7e7e7 !important;border-bottom-style: solid !important;}\u00a0\u00bb][vc_column css=\u00a0\u00bb.vc_custom_1527238251732{padding-top: 0px !important;}\u00a0\u00bb]\t\t\t<div id=\"wd-5fe9be5649e5c\" class=\"wd-text-block-wrapper wd-wpb wd-rs-5fe9be5649e5c color-scheme-dark text-center vc_custom_1609154152244\">\n\t\t\t\t<div class=\"woodmart-title-container woodmart-text-block reset-last-child font-primary wd-font-weight-600 \">\n\t\t\t\t\t<\/p>\n<h4 class=\"woodmart-title-container title woodmart-font-weight-\">COOKIES<\/h4>\n<p>\t\t\t\t<\/div>\n\n\t\t\t\t\t\t\t<\/div>\n\t\t[vc_column_text css=\u00a0\u00bb.vc_custom_1629109196066{margin-bottom: 0px !important;}\u00a0\u00bb el_class=\u00a0\u00bbtext-larger\u00a0\u00bb text_larger=\u00a0\u00bbno\u00a0\u00bb]<\/p>\n<p style=\"text-align: center;\"><span style=\"color: #000000;\">Les cookies sont des fichiers avec peu de donn\u00e9es, qui peuvent inclure un identifiant unique anonyme. Les cookies sont envoy\u00e9s \u00e0 votre navigateur \u00e0 partir d&rsquo;un site Web et stock\u00e9s sur le disque dur de votre ordinateur. Nous utilisons des \u00ab\u00a0cookies\u00ab\u00a0 pour collecter des informations. Vous pouvez demander \u00e0 votre navigateur de rejeter tous les cookies ou d&rsquo;indiquer quand un cookie est envoy\u00e9. Cependant, si vous n&rsquo;acceptez pas les cookies, vous ne pourrez peut-\u00eatre pas utiliser certaines parties de notre Service.<\/span><\/p>\n<p>[\/vc_column_text][\/vc_column][\/vc_row][vc_row css=\u00a0\u00bb.vc_custom_1528700414903{margin-right: 0px !important;margin-bottom: 25px !important;margin-left: 0px !important;border-top-width: 1px !important;border-right-width: 1px !important;border-bottom-width: 1px !important;border-left-width: 1px !important;padding-top: 30px !important;padding-right: 15px !important;padding-bottom: 30px !important;padding-left: 15px !important;background-color: #ffffff !important;border-left-color: #e7e7e7 !important;border-left-style: solid !important;border-right-color: #e7e7e7 !important;border-right-style: solid !important;border-top-color: #e7e7e7 !important;border-top-style: solid !important;border-bottom-color: #e7e7e7 !important;border-bottom-style: solid !important;}\u00a0\u00bb][vc_column css=\u00a0\u00bb.vc_custom_1527238251732{padding-top: 0px !important;}\u00a0\u00bb]\t\t\t<div id=\"wd-5fe9be79464f3\" class=\"wd-text-block-wrapper wd-wpb wd-rs-5fe9be79464f3 color-scheme-dark text-center vc_custom_1609154180721\">\n\t\t\t\t<div class=\"woodmart-title-container woodmart-text-block reset-last-child font-primary wd-font-weight-600 \">\n\t\t\t\t\t<\/p>\n<h4 class=\"woodmart-title-container title woodmart-font-weight-\">FOURNISSEUR DE SERVICES<\/h4>\n<div id=\"gtx-trans\" style=\"position: absolute; left: -13px; top: 47.9375px;\">\n<div class=\"gtx-trans-icon\"><\/div>\n<\/div>\n<p>\t\t\t\t<\/div>\n\n\t\t\t\t\t\t\t<\/div>\n\t\t[vc_column_text css=\u00a0\u00bb.vc_custom_1629109205570{margin-bottom: 0px !important;}\u00a0\u00bb el_class=\u00a0\u00bbtext-larger\u00a0\u00bb text_larger=\u00a0\u00bbno\u00a0\u00bb]<\/p>\n<p style=\"text-align: center;\"><span style=\"color: #000000;\">Nous pouvons engager des tiers et des individus pour faciliter notre service, pour fournir le service en notre nom, pour fournir des services li\u00e9s au service ou pour nous aider \u00e0 analyser comment notre service est utilis\u00e9. Ces tiers ont acc\u00e8s \u00e0 vos informations personnelles uniquement pour effectuer ces t\u00e2ches en notre nom et sont tenus de ne pas les divulguer ou de les utiliser \u00e0 d&rsquo;autres fins.<\/span><\/p>\n<p>[\/vc_column_text][\/vc_column][\/vc_row][vc_row css=\u00a0\u00bb.vc_custom_1528700414903{margin-right: 0px !important;margin-bottom: 25px !important;margin-left: 0px !important;border-top-width: 1px !important;border-right-width: 1px !important;border-bottom-width: 1px !important;border-left-width: 1px !important;padding-top: 30px !important;padding-right: 15px !important;padding-bottom: 30px !important;padding-left: 15px !important;background-color: #ffffff !important;border-left-color: #e7e7e7 !important;border-left-style: solid !important;border-right-color: #e7e7e7 !important;border-right-style: solid !important;border-top-color: #e7e7e7 !important;border-top-style: solid !important;border-bottom-color: #e7e7e7 !important;border-bottom-style: solid !important;}\u00a0\u00bb][vc_column css=\u00a0\u00bb.vc_custom_1527238251732{padding-top: 0px !important;}\u00a0\u00bb]\t\t\t<div id=\"wd-5fe9be969d46c\" class=\"wd-text-block-wrapper wd-wpb wd-rs-5fe9be969d46c color-scheme-dark text-center vc_custom_1609154205050\">\n\t\t\t\t<div class=\"woodmart-title-container woodmart-text-block reset-last-child font-primary wd-font-weight-600 \">\n\t\t\t\t\t<\/p>\n<h4 class=\"woodmart-title-container title woodmart-font-weight-\">S\u00c9CURIT\u00c9<\/h4>\n<div id=\"gtx-trans\" style=\"position: absolute; left: -23px; top: -2.0625px;\">\n<div class=\"gtx-trans-icon\"><\/div>\n<\/div>\n<p>\t\t\t\t<\/div>\n\n\t\t\t\t\t\t\t<\/div>\n\t\t[vc_column_text css=\u00a0\u00bb.vc_custom_1629109216115{margin-bottom: 0px !important;}\u00a0\u00bb el_class=\u00a0\u00bbtext-larger\u00a0\u00bb text_larger=\u00a0\u00bbno\u00a0\u00bb]<\/p>\n<p style=\"text-align: center;\"><span style=\"color: #000000;\">La s\u00e9curit\u00e9 de vos informations personnelles est importante pour nous, mais n&rsquo;oubliez pas qu&rsquo;aucune m\u00e9thode de transmission sur Internet ou m\u00e9thode de stockage \u00e9lectronique n&rsquo;est s\u00e9curis\u00e9e \u00e0 100 %. Bien que nous nous efforcions d&rsquo;utiliser des moyens commercialement acceptables pour prot\u00e9ger vos informations personnelles, nous ne pouvons garantir leur s\u00e9curit\u00e9 absolue.<\/span><\/p>\n<p>[\/vc_column_text][\/vc_column][\/vc_row][vc_row css=\u00a0\u00bb.vc_custom_1528700414903{margin-right: 0px !important;margin-bottom: 25px !important;margin-left: 0px !important;border-top-width: 1px !important;border-right-width: 1px !important;border-bottom-width: 1px !important;border-left-width: 1px !important;padding-top: 30px !important;padding-right: 15px !important;padding-bottom: 30px !important;padding-left: 15px !important;background-color: #ffffff !important;border-left-color: #e7e7e7 !important;border-left-style: solid !important;border-right-color: #e7e7e7 !important;border-right-style: solid !important;border-top-color: #e7e7e7 !important;border-top-style: solid !important;border-bottom-color: #e7e7e7 !important;border-bottom-style: solid !important;}\u00a0\u00bb][vc_column css=\u00a0\u00bb.vc_custom_1527238251732{padding-top: 0px !important;}\u00a0\u00bb]\t\t\t<div id=\"wd-5fe9beb5ba818\" class=\"wd-text-block-wrapper wd-wpb wd-rs-5fe9beb5ba818 color-scheme-dark text-center vc_custom_1609154236996\">\n\t\t\t\t<div class=\"woodmart-title-container woodmart-text-block reset-last-child font-primary wd-font-weight-600 \">\n\t\t\t\t\t<\/p>\n<h4 class=\"woodmart-title-container title woodmart-font-weight-\">LIENS VERS D&rsquo;AUTRES SITES<\/h4>\n<div id=\"gtx-trans\" style=\"position: absolute; left: -10px; top: 47.9375px;\">\n<div class=\"gtx-trans-icon\"><\/div>\n<\/div>\n<p>\t\t\t\t<\/div>\n\n\t\t\t\t\t\t\t<\/div>\n\t\t[vc_column_text css=\u00a0\u00bb.vc_custom_1629109224896{margin-bottom: 0px !important;}\u00a0\u00bb el_class=\u00a0\u00bbtext-larger\u00a0\u00bb text_larger=\u00a0\u00bbno\u00a0\u00bb]<\/p>\n<p style=\"text-align: center;\"><span style=\"color: #000000;\">Notre service peut contenir des liens vers d&rsquo;autres sites qui ne sont pas exploit\u00e9s par nous. Si vous cliquez sur le lien d&rsquo;un tiers, vous serez dirig\u00e9 vers le site de ce tiers. Nous vous recommandons fortement de consulter la politique de confidentialit\u00e9 de chaque site que vous visitez. Nous n&rsquo;avons aucun contr\u00f4le et n&rsquo;assumons aucune responsabilit\u00e9 pour le contenu, les politiques de confidentialit\u00e9 ou les pratiques des sites ou services tiers.<\/span><\/p>\n<p>[\/vc_column_text][\/vc_column][\/vc_row][vc_row css=\u00a0\u00bb.vc_custom_1528700414903{margin-right: 0px !important;margin-bottom: 25px !important;margin-left: 0px !important;border-top-width: 1px !important;border-right-width: 1px !important;border-bottom-width: 1px !important;border-left-width: 1px !important;padding-top: 30px !important;padding-right: 15px !important;padding-bottom: 30px !important;padding-left: 15px !important;background-color: #ffffff !important;border-left-color: #e7e7e7 !important;border-left-style: solid !important;border-right-color: #e7e7e7 !important;border-right-style: solid !important;border-top-color: #e7e7e7 !important;border-top-style: solid !important;border-bottom-color: #e7e7e7 !important;border-bottom-style: solid !important;}\u00a0\u00bb][vc_column css=\u00a0\u00bb.vc_custom_1527238251732{padding-top: 0px !important;}\u00a0\u00bb]\t\t\t<div id=\"wd-5fe9becfe7900\" class=\"wd-text-block-wrapper wd-wpb wd-rs-5fe9becfe7900 color-scheme-dark text-center vc_custom_1609154263420\">\n\t\t\t\t<div class=\"woodmart-title-container woodmart-text-block reset-last-child font-primary wd-font-weight-600 \">\n\t\t\t\t\t<\/p>\n<h4 class=\"woodmart-title-container title woodmart-font-weight-\">POLITIQUE DE CONFIDENTIALIT\u00c9<\/h4>\n<div id=\"gtx-trans\" style=\"position: absolute; left: -7px; top: 47.9375px;\">\n<div class=\"gtx-trans-icon\"><\/div>\n<\/div>\n<p>\t\t\t\t<\/div>\n\n\t\t\t\t\t\t\t<\/div>\n\t\t[vc_column_text css=\u00a0\u00bb.vc_custom_1629109234194{margin-bottom: 0px !important;}\u00a0\u00bb el_class=\u00a0\u00bbtext-larger\u00a0\u00bb text_larger=\u00a0\u00bbno\u00a0\u00bb]<\/p>\n<p style=\"text-align: center;\"><span style=\"color: #000000;\">Nous pouvons mettre \u00e0 jour notre politique de confidentialit\u00e9 de temps \u00e0 autre. Nous vous informerons de tout changement en publiant la nouvelle politique de confidentialit\u00e9 sur cette page. Il est recommand\u00e9 de revoir cette politique de confidentialit\u00e9 p\u00e9riodiquement pour d\u00e9tecter tout changement. Les modifications apport\u00e9es \u00e0 cette politique de confidentialit\u00e9 entrent en vigueur lorsqu&rsquo;elles sont publi\u00e9es sur cette page.<\/span><\/p>\n<p>[\/vc_column_text][\/vc_column][\/vc_row][vc_row css=\u00a0\u00bb.vc_custom_1528700414903{margin-right: 0px !important;margin-bottom: 25px !important;margin-left: 0px !important;border-top-width: 1px !important;border-right-width: 1px !important;border-bottom-width: 1px !important;border-left-width: 1px !important;padding-top: 30px !important;padding-right: 15px !important;padding-bottom: 30px !important;padding-left: 15px !important;background-color: #ffffff !important;border-left-color: #e7e7e7 !important;border-left-style: solid !important;border-right-color: #e7e7e7 !important;border-right-style: solid !important;border-top-color: #e7e7e7 !important;border-top-style: solid !important;border-bottom-color: #e7e7e7 !important;border-bottom-style: solid !important;}\u00a0\u00bb][vc_column css=\u00a0\u00bb.vc_custom_1527238251732{padding-top: 0px !important;}\u00a0\u00bb]\t\t\t<div id=\"wd-5fe9beea7b4bb\" class=\"wd-text-block-wrapper wd-wpb wd-rs-5fe9beea7b4bb color-scheme-dark text-center vc_custom_1609154289190\">\n\t\t\t\t<div class=\"woodmart-title-container woodmart-text-block reset-last-child font-primary wd-font-weight-600 \">\n\t\t\t\t\t<\/p>\n<h4 class=\"woodmart-title-container title woodmart-font-weight-\">NOUS CONTACTER<\/h4>\n<p>\t\t\t\t<\/div>\n\n\t\t\t\t\t\t\t<\/div>\n\t\t[vc_column_text css=\u00a0\u00bb.vc_custom_1629109244628{margin-bottom: 0px !important;}\u00a0\u00bb el_class=\u00a0\u00bbtext-larger\u00a0\u00bb text_larger=\u00a0\u00bbno\u00a0\u00bb]<\/p>\n<p style=\"text-align: center;\"><span style=\"color: #000000;\">Si vous avez des questions concernant cette politique de confidentialit\u00e9, veuillez <strong><a style=\"color: #000000;\" title=\"Primomoto\" href=\"https:\/\/primomoto.es\/en\/contact-us\/\" target=\"_blank\" rel=\"noopener\">Contact us<\/a><\/strong>.<\/span><\/p>\n<p>[\/vc_column_text][\/vc_column][\/vc_row]<\/p>\n<\/section>","protected":false},"excerpt":{"rendered":"<p>[vc_row full_width=\u00a0\u00bbstretch_row\u00a0\u00bb css=\u00a0\u00bb.vc_custom_1602053153825{margin-top: -40px !important;padding-top: 8vh !important;padding-bottom: 5vh !important;}\u00a0\u00bb mobile_bg_img_hidden=\u00a0\u00bbno\u00a0\u00bb tablet_bg_img_hidden=\u00a0\u00bbno\u00a0\u00bb woodmart_parallax=\u00a0\u00bb0&Prime; woodmart_gradient_switch=\u00a0\u00bbno\u00a0\u00bb row_reverse_mobile=\u00a0\u00bb0&Prime; row_reverse_tablet=\u00a0\u00bb0&Prime; woodmart_disable_overflow=\u00a0\u00bb0&Prime;][vc_column width=\u00a0\u00bb1\/2&Prime; offset=\u00a0\u00bbvc_col-sm-offset-3&Prime; css=\u00a0\u00bb.vc_custom_1527239539599{padding-top: 0px<\/p>\n","protected":false},"author":1,"featured_media":0,"parent":0,"menu_order":0,"comment_status":"closed","ping_status":"closed","template":"","meta":{"footnotes":""},"class_list":["post-46890","page","type-page","status-publish","hentry"],"_links":{"self":[{"href":"https:\/\/primomoto.es\/fr\/wp-json\/wp\/v2\/pages\/46890","targetHints":{"allow":["GET"]}}],"collection":[{"href":"https:\/\/primomoto.es\/fr\/wp-json\/wp\/v2\/pages"}],"about":[{"href":"https:\/\/primomoto.es\/fr\/wp-json\/wp\/v2\/types\/page"}],"author":[{"embeddable":true,"href":"https:\/\/primomoto.es\/fr\/wp-json\/wp\/v2\/users\/1"}],"replies":[{"embeddable":true,"href":"https:\/\/primomoto.es\/fr\/wp-json\/wp\/v2\/comments?post=46890"}],"version-history":[{"count":0,"href":"https:\/\/primomoto.es\/fr\/wp-json\/wp\/v2\/pages\/46890\/revisions"}],"wp:attachment":[{"href":"https:\/\/primomoto.es\/fr\/wp-json\/wp\/v2\/media?parent=46890"}],"curies":[{"name":"wp","href":"https:\/\/api.w.org\/{rel}","templated":true}]}}