{"id":46854,"date":"2021-06-17T06:35:31","date_gmt":"2021-06-17T06:35:31","guid":{"rendered":"https:\/\/primomoto.es\/politiques-de-prix\/"},"modified":"2021-11-02T11:21:45","modified_gmt":"2021-11-02T11:21:45","slug":"politiques-de-prix","status":"publish","type":"page","link":"https:\/\/primomoto.es\/fr\/politiques-de-prix\/","title":{"rendered":"Politiques de prix"},"content":{"rendered":"<section class=\"wpb-content-wrapper\"><p>[vc_row][vc_column]\n\t\t<div id=\"wd-5f7db3cfc2cf2\" class=\"title-wrapper wd-wpb set-mb-s reset-last-child  wd-rs-5f7db3cfc2cf2 wd-title-color-default wd-title-style-underlined-2 text-center  wd-underline-colored\">\n\t\t\t\n\t\t\t<div class=\"liner-continer\">\n\t\t\t\t<h4 class=\"woodmart-title-container title  wd-font-weight- wd-fontsize-l\" ><strong>Notre politique de prix<\/strong><\/h4>\n\t\t\t\t\t\t\t<\/div>\n\t\t\t\n\t\t\t\n\t\t\t\n\t\t<\/div>\n\t\t\n\t\t[vc_column_text text_larger=\u00a0\u00bbno\u00a0\u00bb]<\/p>\r\n\r\n<p style=\"text-align: center;\"><span style=\"color: #000000;\">When shopping with Primomoto you can be assured that you will never pay too much. If you see a regularly stocked item online for a lower price than we have listed, submit an inquiry through our <a style=\"color: #000000;\" href=\"https:\/\/primomoto.es\/contact-us\/\">contact us page<\/a>. Select \u00ab\u00a0Price Match Request\u00a0\u00bb from the drop down menu for \u00ab\u00a0Subject\u00a0\u00bb, and include the following information:<\/span><\/p>\r\n<p style=\"text-align: center;\"><span style=\"color: #000000;\"><strong>&gt;<\/strong> Item you are looking to price match<\/span><\/p>\r\n<p style=\"text-align: center;\"><span style=\"color: #000000;\"><strong>&gt; <\/strong>URL to web page where you found the lower price listed<\/span><\/p>\r\n<p style=\"text-align: center;\"><span style=\"color: #000000;\"><strong>&gt; <\/strong>Your contact information<\/span><\/p>\r\n<p style=\"text-align: center;\"><span style=\"color: #000000;\">Once we receive your request, we will verify that your item(s) qualify, and get back to you with an email that will allow you to complete your order at the adjusted price.<\/span><\/p>\r\n<p style=\"text-align: center;\"><span style=\"color: #000000;\">If your item(s) are not eligible for a price match, we will respond letting you know why.<\/span><\/p>\r\n<p><span style=\"color: #000000;\"><\/span><\/p>\r\n<h3 class=\"ui-h2\" style=\"text-align: center;\"><span style=\"color: #000000;\"><strong>Admissibilit\u00e9<\/strong><\/span><\/h3>\r\n<p style=\"text-align: center;\"><span style=\"color: #000000;\"><strong>&gt; <\/strong>Tous les pneus sont exclus<\/span><\/p>\r\n<p style=\"text-align: center;\"><span style=\"color: #000000;\"><strong>&gt; <\/strong>Toutes les annonces Amazon sont exclues<\/span><\/p>\r\n<p style=\"text-align: center;\"><span style=\"color: #000000;\"><strong>&gt; <\/strong>Toutes les annonces eBay (ench\u00e8res, achetez-le maintenant, etc.) sont exclues<\/span><\/p>\r\n<p style=\"text-align: center;\"><span style=\"color: #000000;\"><strong>&gt; <\/strong>Seuls les prix annonc\u00e9s publiquement sont appari\u00e9s<\/span><\/p>\r\n<p style=\"text-align: center;\"><span style=\"color: #000000;\"><strong>&gt; <\/strong>Le concurrent doit \u00eatre un revendeur am\u00e9ricain agr\u00e9\u00e9<\/span><\/p>\r\n<p style=\"text-align: center;\"><span style=\"color: #000000;\"><strong>&gt; <\/strong>Le produit doit \u00eatre neuf et en stock dans le m\u00eame mod\u00e8le, taille, couleur et ann\u00e9e (le cas \u00e9ch\u00e9ant)<\/span><\/p>\r\n<p style=\"text-align: center;\"><span style=\"color: #000000;\"><strong>&gt; <\/strong>Les articles dont le prix est inf\u00e9rieur \u00e0 69 $ ne peuvent pas \u00eatre jumel\u00e9s.<\/span><\/p>\r\n<p style=\"text-align: center;\"><span style=\"color: #000000;\"><strong>&gt; <\/strong>Tous les frais d&rsquo;exp\u00e9dition et\/ou de manutention applicables seront inclus dans le calcul de la diff\u00e9rence de prix<\/span><\/p>\r\n<p style=\"text-align: center;\"><span style=\"color: #000000;\"><strong>&gt; <\/strong>Les articles \u00e0 prix \u00e9gal ne peuvent pas \u00eatre combin\u00e9s avec d&rsquo;autres promotions ou codes de r\u00e9duction<\/span><\/p>\r\n<p style=\"text-align: center;\"><span style=\"color: #000000;\"><strong>&gt; <\/strong>Si vous avez d\u00e9j\u00e0 pass\u00e9 une commande chez nous, nous ne pouvons pas l&rsquo;\u00e9galer \u00e0 moins que la commande n&rsquo;ait toujours le statut \u00ab Commande re\u00e7ue \u00bb<\/span><\/p>\r\n<p style=\"text-align: center;\"><span style=\"color: #000000;\"><strong>&gt; <\/strong>Toutes les demandes de correspondance de prix sont trait\u00e9es \u00e0 la seule discr\u00e9tion de Primomoto<\/span><\/p>\r\n<p style=\"text-align: center;\"><span style=\"color: #000000;\"><strong>Taxe de vente<\/strong><\/span><br \/><span style=\"color: #000000;\"><strong>Primomoto est tenu par la loi de percevoir la taxe de vente conform\u00e9ment aux r\u00e9glementations de l&rsquo;\u00c9tat. Lors de l&rsquo;appariement des prix, nous \u00e9galerons le co\u00fbt total d&rsquo;acheminement des articles jusqu&rsquo;\u00e0 votre porte d&rsquo;entr\u00e9e, puis ajouterons les taxes, le cas \u00e9ch\u00e9ant.<\/strong><\/span><\/p>\r\n<p class=\"ui-copy\" style=\"text-align: center;\"><span style=\"color: #000000;\"><!-- \/wp:post-content --><\/span><\/p>\r\n<p><span style=\"color: #000000;\"><!-- wp:heading {\"level\":3} --><\/span><\/p>\r\n<h3 class=\"ui-h2\" style=\"text-align: center;\"><span style=\"color: #000000;\"><strong>Coupons, codes et cartes de r\u00e9duction<\/strong><\/span><\/h3>\r\n<p style=\"text-align: center;\"><span style=\"color: #000000;\"><em>Plusieurs fabricants ont mis en place des politiques de prix (remises) nous interdisant de faire des remises sur leurs produits, soit du tout, soit au-del\u00e0 d&rsquo;un certain pourcentage. Les marques sp\u00e9cifiquement prot\u00e9g\u00e9es incluent, sans s&rsquo;y limiter, les suivantes : 100%, AGV, Alpinestars, Answer, Arai, Arctiva, AXO, Bell, Chrome Industries, Cortech, Dainese, Drag Specialties, Dragon, EVS, Fieldsheer, Firstgear, Fly Racing, Fly Street, Fox, GoPro, HJC, Icon, Leatt, Mobile Warming, Moose, MSR, Oakley, Ogio, Puma, One Industries, O&rsquo;Neal, Parts Unlimited, Pit Bull, Pod MX, Poker Run, Pro Taper , Red Line Oil, Renthal, REV&rsquo;IT!, River Road, Scala Rider, Schuberth, Scorpion, Sena, Shark, Shift, Shoei, SIDI, Skullcandy, Speed and Strength, Spidi, Suomy, TCX, Thor, Tour Master, Trukke , Vance &amp; Hines et\/ou Z1R.<\/em><\/span><\/p>\r\n<p>[\/vc_column_text][\/vc_column][\/vc_row]<\/p><\/section>","protected":false},"excerpt":{"rendered":"<p>[vc_row][vc_column][vc_column_text text_larger=\u00a0\u00bbno\u00a0\u00bb] When shopping with Primomoto you can be assured that you will never pay too much. If you see<\/p>\n","protected":false},"author":1,"featured_media":0,"parent":0,"menu_order":0,"comment_status":"closed","ping_status":"closed","template":"","meta":{"footnotes":""},"class_list":["post-46854","page","type-page","status-publish","hentry"],"_links":{"self":[{"href":"https:\/\/primomoto.es\/fr\/wp-json\/wp\/v2\/pages\/46854","targetHints":{"allow":["GET"]}}],"collection":[{"href":"https:\/\/primomoto.es\/fr\/wp-json\/wp\/v2\/pages"}],"about":[{"href":"https:\/\/primomoto.es\/fr\/wp-json\/wp\/v2\/types\/page"}],"author":[{"embeddable":true,"href":"https:\/\/primomoto.es\/fr\/wp-json\/wp\/v2\/users\/1"}],"replies":[{"embeddable":true,"href":"https:\/\/primomoto.es\/fr\/wp-json\/wp\/v2\/comments?post=46854"}],"version-history":[{"count":0,"href":"https:\/\/primomoto.es\/fr\/wp-json\/wp\/v2\/pages\/46854\/revisions"}],"wp:attachment":[{"href":"https:\/\/primomoto.es\/fr\/wp-json\/wp\/v2\/media?parent=46854"}],"curies":[{"name":"wp","href":"https:\/\/api.w.org\/{rel}","templated":true}]}}