{"id":46836,"date":"2021-06-17T06:26:46","date_gmt":"2021-06-17T06:26:46","guid":{"rendered":"https:\/\/primomoto.es\/politique-de-cookies\/"},"modified":"2021-11-02T10:12:47","modified_gmt":"2021-11-02T10:12:47","slug":"politique-de-cookies","status":"publish","type":"page","link":"https:\/\/primomoto.es\/fr\/politique-de-cookies\/","title":{"rendered":"Politique de cookies"},"content":{"rendered":"<section class=\"wpb-content-wrapper\"><p>[vc_row full_width=\u00a0\u00bbstretch_row_content\u00a0\u00bb css=\u00a0\u00bb.vc_custom_1528807600310{margin-bottom: 5vh !important;}\u00a0\u00bb][vc_column woodmart_text_align=\u00a0\u00bbcenter\u00a0\u00bb offset=\u00a0\u00bbvc_col-lg-offset-3 vc_col-lg-6 vc_col-md-6&Prime; css=\u00a0\u00bb.vc_custom_1528808528297{margin-bottom: 4vh !important;}\u00a0\u00bb]\t\t\t<div id=\"wd-5f450d3435049\" class=\"wd-text-block-wrapper wd-wpb wd-rs-5f450d3435049 color-scheme-dark text-center wd-off-anim wpb_animate_when_almost_visible wpb_wd-zoom-in wd-zoom-in wd-anim-name_wd-zoom-in wd-width-enabled vc_custom_1598360906237\" style=\"--wd-max-width: 90%;\">\n\t\t\t\t<div class=\"woodmart-title-container woodmart-text-block reset-last-child font-primary wd-font-weight-600 wd-fontsize-xxxl\">\n\t\t\t\t\t<b>QU&rsquo;EST-CE QU&rsquo;UN COOKIE<\/b><\/p>\n<div id=\"gtx-trans\">\n<div class=\"gtx-trans-icon\"><\/div>\n<\/div>\n<p>\t\t\t\t<\/div>\n\n\t\t\t\t\t\t\t<\/div>\n\t\t\t\t\t<div id=\"wd-611a42ea270eb\" class=\"wd-text-block-wrapper wd-wpb wd-rs-611a42ea270eb color-scheme- text-center wd-off-anim wpb_animate_when_almost_visible wpb_wd-zoom-in wd-zoom-in wd-anim-name_wd-zoom-in wd-width-enabled vc_custom_1629111025638\" style=\"--wd-max-width: 90%;\">\n\t\t\t\t<div class=\"woodmart-title-container woodmart-text-block reset-last-child font-text wd-font-weight-400 \">\n\t\t\t\t\t<\/p>\n<p style=\"font-weight: 400;\"><span style=\"color: #000000;\">Un cookie est un fichier qui est t\u00e9l\u00e9charg\u00e9 sur votre ordinateur lors de l&rsquo;acc\u00e8s \u00e0 certaines pages Web ou blogs.<\/span><\/p>\n<p style=\"font-weight: 400;\"><span style=\"color: #000000;\">Les cookies permettent entre autres \u00e0 cette page de stocker et de r\u00e9cup\u00e9rer des informations sur vos habitudes de navigation ou votre \u00e9quipement, et selon les informations qu&rsquo;ils contiennent et la mani\u00e8re dont vous utilisez votre \u00e9quipement, ils peuvent \u00eatre utilis\u00e9s pour vous reconna\u00eetre.<\/span><\/p>\n<p style=\"font-weight: 400;\"><span style=\"color: #000000;\">Le navigateur de l&rsquo;utilisateur m\u00e9morise les cookies sur le disque dur uniquement pendant la session en cours, occupant un espace m\u00e9moire minimum et n&rsquo;endommageant pas l&rsquo;ordinateur. Les cookies ne contiennent aucun type d&rsquo;informations personnelles sp\u00e9cifiques et la plupart d&rsquo;entre eux sont supprim\u00e9s du disque dur \u00e0 la fin de la session du navigateur (ce qu&rsquo;on appelle les cookies de session).<\/span><\/p>\n<p style=\"font-weight: 400;\"><span style=\"color: #000000;\">La plupart des navigateurs acceptent les cookies en standard et, ind\u00e9pendamment d&rsquo;eux, autorisent ou emp\u00eachent les cookies temporaires ou m\u00e9moris\u00e9s dans les param\u00e8tres de s\u00e9curit\u00e9.<\/span><\/p>\n<p style=\"font-weight: 400;\"><span style=\"color: #000000;\">Les cookies sont associ\u00e9s au navigateur, et non \u00e0 la personne, de sorte qu&rsquo;ils ne stockent g\u00e9n\u00e9ralement pas d&rsquo;informations sensibles vous concernant telles que des cartes de cr\u00e9dit ou des coordonn\u00e9es bancaires, des photographies ou des informations personnelles, etc. Les donn\u00e9es qu&rsquo;ils conservent sont techniques, statistiques, pr\u00e9f\u00e9rences personnelles, personnalisation des contenus, etc.<\/span><\/p>\n<p>\t\t\t\t<\/div>\n\n\t\t\t\t\t\t\t<\/div>\n\t\t[vc_empty_space height=\u00a0\u00bb5vh\u00a0\u00bb woodmart_hide_large=\u00a0\u00bb1&Prime; woodmart_hide_medium=\u00a0\u00bb1&Prime;][\/vc_column][\/vc_row][vc_row full_width=\u00a0\u00bbstretch_row_content\u00a0\u00bb css=\u00a0\u00bb.vc_custom_1528807600310{margin-bottom: 5vh !important;}\u00a0\u00bb][vc_column woodmart_text_align=\u00a0\u00bbcenter\u00a0\u00bb offset=\u00a0\u00bbvc_col-lg-offset-3 vc_col-lg-6 vc_col-md-6&Prime; css=\u00a0\u00bb.vc_custom_1528808528297{margin-bottom: 4vh !important;}\u00a0\u00bb]\t\t\t<div id=\"wd-5f45120539072\" class=\"wd-text-block-wrapper wd-wpb wd-rs-5f45120539072 color-scheme-custom text-center wd-off-anim wpb_animate_when_almost_visible wpb_wd-zoom-in wd-zoom-in wd-anim-name_wd-zoom-in \">\n\t\t\t\t<div class=\"woodmart-title-container woodmart-text-block reset-last-child font-text wd-font-weight- wd-fontsize-m\">\n\t\t\t\t\t<b>Quels types de cookies ce site utilise-t-il ?<\/b><\/p>\n<div id=\"gtx-trans\">\n<div class=\"gtx-trans-icon\"><\/div>\n<\/div>\n<p>\t\t\t\t<\/div>\n\n\t\t\t\t\t\t\t<\/div>\n\t\t\t\t\t<div id=\"wd-5f45120f11953\" class=\"wd-text-block-wrapper wd-wpb wd-rs-5f45120f11953 color-scheme-dark text-center wd-off-anim wpb_animate_when_almost_visible wpb_wd-zoom-in wd-zoom-in wd-anim-name_wd-zoom-in wd-width-enabled \" style=\"--wd-max-width: 90%;\">\n\t\t\t\t<div class=\"woodmart-title-container woodmart-text-block reset-last-child font-primary wd-font-weight-600 wd-fontsize-xxxl\">\n\t\t\t\t\t<b>TYPES DE COOKIES<\/b><\/p>\n<div id=\"gtx-trans\">\n<div class=\"gtx-trans-icon\"><\/div>\n<\/div>\n<p>\t\t\t\t<\/div>\n\n\t\t\t\t\t\t\t<\/div>\n\t\t[\/vc_column][\/vc_row][vc_row full_width=\u00a0\u00bbstretch_row_content\u00a0\u00bb content_placement=\u00a0\u00bbmiddle\u00a0\u00bb woodmart_disable_overflow=\u00a0\u00bb1&Prime; el_class=\u00a0\u00bbz-index-10&Prime; mobile_bg_img_hidden=\u00a0\u00bbno\u00a0\u00bb tablet_bg_img_hidden=\u00a0\u00bbno\u00a0\u00bb woodmart_parallax=\u00a0\u00bb0&Prime; woodmart_gradient_switch=\u00a0\u00bbno\u00a0\u00bb row_reverse_mobile=\u00a0\u00bb0&Prime; row_reverse_tablet=\u00a0\u00bb0&Prime; css=\u00a0\u00bb.vc_custom_1598362564814{padding-right: 15% !important;padding-bottom: 5vh !important;padding-left: 15% !important;}\u00a0\u00bb][vc_column width=\u00a0\u00bb1\/2&Prime; offset=\u00a0\u00bbvc_col-lg-6 vc_col-md-6&Prime; mobile_bg_img_hidden=\u00a0\u00bbno\u00a0\u00bb tablet_bg_img_hidden=\u00a0\u00bbno\u00a0\u00bb woodmart_parallax=\u00a0\u00bb0&Prime; woodmart_sticky_column=\u00a0\u00bbfalse\u00a0\u00bb parallax_scroll=\u00a0\u00bbno\u00a0\u00bb mobile_reset_margin=\u00a0\u00bbno\u00a0\u00bb tablet_reset_margin=\u00a0\u00bbno\u00a0\u00bb]\t\t\t<div id=\"wd-5f4516b0ce092\" class=\"wd-text-block-wrapper wd-wpb wd-rs-5f4516b0ce092 color-scheme-dark text-left wd-off-anim wpb_animate_when_almost_visible wpb_wd-slide-from-right wd-slide-from-right wd-anim-name_wd-slide-from-right wd-width-enabled \" style=\"--wd-max-width: 90%;\">\n\t\t\t\t<div class=\"woodmart-title-container woodmart-text-block reset-last-child font-primary wd-font-weight-600 wd-fontsize-xxxl\">\n\t\t\t\t\t<b>Cookies techniques<\/b><\/p>\n<p>\t\t\t\t<\/div>\n\n\t\t\t\t\t\t\t<\/div>\n\t\t\t\t\t<div id=\"wd-611a42f83f477\" class=\"wd-text-block-wrapper wd-wpb wd-rs-611a42f83f477 color-scheme- text-left wd-off-anim wpb_animate_when_almost_visible wpb_wd-slide-from-left wd-slide-from-left wd-anim-name_wd-slide-from-left wd-width-enabled \" style=\"--wd-max-width: 90%;\">\n\t\t\t\t<div class=\"woodmart-title-container woodmart-text-block reset-last-child font-text wd-font-weight-400 \">\n\t\t\t\t\t<span style=\"color: #000000;\">Ce sont ceux qui permettent \u00e0 l&rsquo;utilisateur de naviguer sur une page Web, une plate-forme ou une application et d&rsquo;utiliser les diff\u00e9rentes options ou services qui y existent, tels que, par exemple, le contr\u00f4le du trafic et de la communication de donn\u00e9es, l&rsquo;identification de la session, l&rsquo;acc\u00e8s aux parties d&rsquo;acc\u00e8s restreint , m\u00e9moriser les \u00e9l\u00e9ments qui composent une commande, effectuer le processus d&rsquo;achat d&rsquo;une commande, faire la demande d&rsquo;inscription ou de participation \u00e0 un \u00e9v\u00e9nement, utiliser des \u00e9l\u00e9ments de s\u00e9curit\u00e9 lors de la navigation, stocker du contenu pour la diffusion de vid\u00e9os ou de sons ou partager du contenu via les r\u00e9seaux sociaux .<\/span>\t\t\t\t<\/div>\n\n\t\t\t\t\t\t\t<\/div>\n\t\t[\/vc_column][vc_column width=\u00a0\u00bb1\/2&Prime; mobile_bg_img_hidden=\u00a0\u00bbno\u00a0\u00bb tablet_bg_img_hidden=\u00a0\u00bbno\u00a0\u00bb woodmart_parallax=\u00a0\u00bb0&Prime; woodmart_sticky_column=\u00a0\u00bbfalse\u00a0\u00bb parallax_scroll=\u00a0\u00bbno\u00a0\u00bb mobile_reset_margin=\u00a0\u00bbno\u00a0\u00bb tablet_reset_margin=\u00a0\u00bbno\u00a0\u00bb]\t\t\t<div id=\"wd-5f451aef45cdb\" class=\"wd-text-block-wrapper wd-wpb wd-rs-5f451aef45cdb color-scheme-dark text-left wd-off-anim wpb_animate_when_almost_visible wpb_wd-slide-from-right wd-slide-from-right wd-anim-name_wd-slide-from-right wd-width-enabled \" style=\"--wd-max-width: 90%;\">\n\t\t\t\t<div class=\"woodmart-title-container woodmart-text-block reset-last-child font-primary wd-font-weight-600 wd-fontsize-xxxl\">\n\t\t\t\t\t<b>Cookies de personnalisation<\/b>\t\t\t\t<\/div>\n\n\t\t\t\t\t\t\t<\/div>\n\t\t\t\t\t<div id=\"wd-611a4302930fa\" class=\"wd-text-block-wrapper wd-wpb wd-rs-611a4302930fa color-scheme- text-left wd-off-anim wpb_animate_when_almost_visible wpb_wd-slide-from-right wd-slide-from-right wd-anim-name_wd-slide-from-right wd-width-enabled \" style=\"--wd-max-width: 90%;\">\n\t\t\t\t<div class=\"woodmart-title-container woodmart-text-block reset-last-child font-text wd-font-weight-400 \">\n\t\t\t\t\t<span style=\"color: #000000;\">Ce sont ceux qui permettent \u00e0 l&rsquo;utilisateur de naviguer sur une page Web, une plate-forme ou une application et d&rsquo;utiliser les diff\u00e9rentes options ou services qui y existent, tels que, par exemple, le contr\u00f4le du trafic et de la communication de donn\u00e9es, l&rsquo;identification de la session, l&rsquo;acc\u00e8s aux parties d&rsquo;acc\u00e8s restreint , m\u00e9moriser les \u00e9l\u00e9ments qui composent une commande, effectuer le processus d&rsquo;achat d&rsquo;une commande, faire la demande d&rsquo;inscription ou de participation \u00e0 un \u00e9v\u00e9nement, utiliser des \u00e9l\u00e9ments de s\u00e9curit\u00e9 lors de la navigation, stocker du contenu pour la diffusion de vid\u00e9os ou de sons ou partager du contenu via les r\u00e9seaux sociaux .<\/span>\t\t\t\t<\/div>\n\n\t\t\t\t\t\t\t<\/div>\n\t\t[\/vc_column][\/vc_row][vc_row full_width=\u00a0\u00bbstretch_row_content\u00a0\u00bb content_placement=\u00a0\u00bbmiddle\u00a0\u00bb woodmart_disable_overflow=\u00a0\u00bb1&Prime; el_class=\u00a0\u00bbz-index-10&Prime; mobile_bg_img_hidden=\u00a0\u00bbno\u00a0\u00bb tablet_bg_img_hidden=\u00a0\u00bbno\u00a0\u00bb woodmart_parallax=\u00a0\u00bb0&Prime; woodmart_gradient_switch=\u00a0\u00bbno\u00a0\u00bb row_reverse_mobile=\u00a0\u00bb0&Prime; row_reverse_tablet=\u00a0\u00bb0&Prime; css=\u00a0\u00bb.vc_custom_1598362564814{padding-right: 15% !important;padding-bottom: 5vh !important;padding-left: 15% !important;}\u00a0\u00bb][vc_column width=\u00a0\u00bb1\/2&Prime; offset=\u00a0\u00bbvc_col-lg-6 vc_col-md-6&Prime; mobile_bg_img_hidden=\u00a0\u00bbno\u00a0\u00bb tablet_bg_img_hidden=\u00a0\u00bbno\u00a0\u00bb woodmart_parallax=\u00a0\u00bb0&Prime; woodmart_sticky_column=\u00a0\u00bbfalse\u00a0\u00bb parallax_scroll=\u00a0\u00bbno\u00a0\u00bb mobile_reset_margin=\u00a0\u00bbno\u00a0\u00bb tablet_reset_margin=\u00a0\u00bbno\u00a0\u00bb]\t\t\t<div id=\"wd-5f451a6e6598c\" class=\"wd-text-block-wrapper wd-wpb wd-rs-5f451a6e6598c color-scheme-dark text-left wd-off-anim wpb_animate_when_almost_visible wpb_wd-slide-from-left wd-slide-from-left wd-anim-name_wd-slide-from-left wd-width-enabled \" style=\"--wd-max-width: 90%;\">\n\t\t\t\t<div class=\"woodmart-title-container woodmart-text-block reset-last-child font-primary wd-font-weight-600 wd-fontsize-xxxl\">\n\t\t\t\t\t<b>Cookies d&rsquo;analyse<\/b>\t\t\t\t<\/div>\n\n\t\t\t\t\t\t\t<\/div>\n\t\t\t\t\t<div id=\"wd-611a430b868d8\" class=\"wd-text-block-wrapper wd-wpb wd-rs-611a430b868d8 color-scheme- text-left wd-off-anim wpb_animate_when_almost_visible wpb_wd-slide-from-left wd-slide-from-left wd-anim-name_wd-slide-from-left wd-width-enabled \" style=\"--wd-max-width: 90%;\">\n\t\t\t\t<div class=\"woodmart-title-container woodmart-text-block reset-last-child font-text wd-font-weight-400 \">\n\t\t\t\t\t<span style=\"color: #000000;\">Ce sont ceux qui permettent \u00e0 l&rsquo;utilisateur de naviguer sur une page Web, une plate-forme ou une application et d&rsquo;utiliser les diff\u00e9rentes options ou services qui y existent, tels que, par exemple, le contr\u00f4le du trafic et de la communication de donn\u00e9es, l&rsquo;identification de la session, l&rsquo;acc\u00e8s aux parties d&rsquo;acc\u00e8s restreint , m\u00e9moriser les \u00e9l\u00e9ments qui composent une commande, effectuer le processus d&rsquo;achat d&rsquo;une commande, faire la demande d&rsquo;inscription ou de participation \u00e0 un \u00e9v\u00e9nement, utiliser des \u00e9l\u00e9ments de s\u00e9curit\u00e9 lors de la navigation, stocker du contenu pour la diffusion de vid\u00e9os ou de sons ou partager du contenu via les r\u00e9seaux sociaux .<\/span>\t\t\t\t<\/div>\n\n\t\t\t\t\t\t\t<\/div>\n\t\t[\/vc_column][vc_column width=\u00a0\u00bb1\/2&Prime; mobile_bg_img_hidden=\u00a0\u00bbno\u00a0\u00bb tablet_bg_img_hidden=\u00a0\u00bbno\u00a0\u00bb woodmart_parallax=\u00a0\u00bb0&Prime; woodmart_sticky_column=\u00a0\u00bbfalse\u00a0\u00bb parallax_scroll=\u00a0\u00bbno\u00a0\u00bb mobile_reset_margin=\u00a0\u00bbno\u00a0\u00bb tablet_reset_margin=\u00a0\u00bbno\u00a0\u00bb]\t\t\t<div id=\"wd-5f451a844e327\" class=\"wd-text-block-wrapper wd-wpb wd-rs-5f451a844e327 color-scheme-dark text-left wd-off-anim wpb_animate_when_almost_visible wpb_wd-slide-from-right wd-slide-from-right wd-anim-name_wd-slide-from-right wd-width-enabled \" style=\"--wd-max-width: 90%;\">\n\t\t\t\t<div class=\"woodmart-title-container woodmart-text-block reset-last-child font-primary wd-font-weight-600 wd-fontsize-xxxl\">\n\t\t\t\t\t<b>Cookies publicitaires<\/b>\t\t\t\t<\/div>\n\n\t\t\t\t\t\t\t<\/div>\n\t\t\t\t\t<div id=\"wd-611a4315766e6\" class=\"wd-text-block-wrapper wd-wpb wd-rs-611a4315766e6 color-scheme- text-left wd-off-anim wpb_animate_when_almost_visible wpb_wd-slide-from-right wd-slide-from-right wd-anim-name_wd-slide-from-right wd-width-enabled \" style=\"--wd-max-width: 90%;\">\n\t\t\t\t<div class=\"woodmart-title-container woodmart-text-block reset-last-child font-text wd-font-weight-400 \">\n\t\t\t\t\t<span style=\"color: #000000;\">Ce sont ceux qui permettent \u00e0 l&rsquo;utilisateur de naviguer sur une page Web, une plate-forme ou une application et d&rsquo;utiliser les diff\u00e9rentes options ou services qui y existent, tels que, par exemple, le contr\u00f4le du trafic et de la communication de donn\u00e9es, l&rsquo;identification de la session, l&rsquo;acc\u00e8s aux parties d&rsquo;acc\u00e8s restreint , m\u00e9moriser les \u00e9l\u00e9ments qui composent une commande, effectuer le processus d&rsquo;achat d&rsquo;une commande, faire la demande d&rsquo;inscription ou de participation \u00e0 un \u00e9v\u00e9nement, utiliser des \u00e9l\u00e9ments de s\u00e9curit\u00e9 lors de la navigation, stocker du contenu pour la diffusion de vid\u00e9os ou de sons ou partager du contenu via les r\u00e9seaux sociaux .<\/span>\t\t\t\t<\/div>\n\n\t\t\t\t\t\t\t<\/div>\n\t\t[\/vc_column][\/vc_row][vc_row full_width=\u00a0\u00bbstretch_row_content\u00a0\u00bb mobile_bg_img_hidden=\u00a0\u00bbno\u00a0\u00bb tablet_bg_img_hidden=\u00a0\u00bbno\u00a0\u00bb woodmart_parallax=\u00a0\u00bb0&Prime; woodmart_gradient_switch=\u00a0\u00bbno\u00a0\u00bb row_reverse_mobile=\u00a0\u00bb0&Prime; row_reverse_tablet=\u00a0\u00bb0&Prime; woodmart_disable_overflow=\u00a0\u00bb0&Prime;][vc_column woodmart_text_align=\u00a0\u00bbcenter\u00a0\u00bb offset=\u00a0\u00bbvc_col-lg-offset-3 vc_col-lg-6 vc_col-md-6&Prime; css=\u00a0\u00bb.vc_custom_1528808528297{margin-bottom: 4vh !important;}\u00a0\u00bb]\t\t\t<div id=\"wd-5f451e462dfe7\" class=\"wd-text-block-wrapper wd-wpb wd-rs-5f451e462dfe7 color-scheme-dark text-center wd-off-anim wpb_animate_when_almost_visible wpb_zoomIn zoomIn wd-anim-name_zoomIn wd-width-enabled vc_custom_1598365259944\" style=\"--wd-max-width: 90%;\">\n\t\t\t\t<div class=\"woodmart-title-container woodmart-text-block reset-last-child font-primary wd-font-weight-600 wd-fontsize-xxxl\">\n\t\t\t\t\t<b>Stocker les cookies<\/b>\t\t\t\t<\/div>\n\n\t\t\t\t\t\t\t<\/div>\n\t\t\t\t\t<div id=\"wd-5f451e3d339f7\" class=\"wd-text-block-wrapper wd-wpb wd-rs-5f451e3d339f7 color-scheme-custom text-center wd-off-anim wpb_animate_when_almost_visible wpb_zoomIn zoomIn wd-anim-name_zoomIn \">\n\t\t\t\t<div class=\"woodmart-title-container woodmart-text-block reset-last-child font-text wd-font-weight- wd-fontsize-m\">\n\t\t\t\t\t<b>G\u00c9RER ET REJETER L&rsquo;UTILISATION DES COOKIES<\/b>\t\t\t\t<\/div>\n\n\t\t\t\t\t\t\t<\/div>\n\t\t\t\t\t<div id=\"wd-611a431f5ab03\" class=\"wd-text-block-wrapper wd-wpb wd-rs-611a431f5ab03 color-scheme- text-center wd-off-anim wpb_animate_when_almost_visible wpb_zoomIn zoomIn wd-anim-name_zoomIn wd-width-enabled \" style=\"--wd-max-width: 90%;\">\n\t\t\t\t<div class=\"woodmart-title-container woodmart-text-block reset-last-child font-text wd-font-weight-400 \">\n\t\t\t\t\t<\/p>\n<p style=\"font-weight: 400;\"><span style=\"color: #000000;\">A tout moment, vous pouvez adapter les param\u00e8tres du navigateur pour g\u00e9rer, refuser l&rsquo;utilisation des cookies et \u00eatre averti avant leur t\u00e9l\u00e9chargement.<\/span><\/p>\n<p style=\"font-weight: 400;\"><span style=\"color: #000000;\">Vous pouvez \u00e9galement adapter les param\u00e8tres afin que le navigateur rejette tous les cookies, ou uniquement les cookies tiers. Et vous pouvez \u00e9galement supprimer tous les cookies qui sont d\u00e9j\u00e0 sur votre ordinateur.<\/span><\/p>\n<p style=\"font-weight: 400;\"><span style=\"color: #000000;\"><b><strong>Google Chrome<\/strong><\/b> https:\/\/support.google.com\/chrome\/answer\/95647?hl=en-419<\/span><\/p>\n<p style=\"font-weight: 400;\"><span style=\"color: #000000;\"><b><strong>Internet Explorer<\/strong><\/b> https:\/\/support.microsoft.com\/es-es\/help\/17442\/windows-internet-explorer-delete-manage-cookies#ie=ie-10<\/span><\/p>\n<p style=\"font-weight: 400;\"><span style=\"color: #000000;\"><b><strong>Mozilla Firefox<\/strong><\/b> https:\/\/support.mozilla.org\/es\/kb\/habilitar-y-deshabilitar-cookies-sitios-web-rastrear-preferencias?redirectlocale=es&amp;redirectslug=habilitar-y-deshabilitar-cookies-que-los-sitios-we<\/span><\/p>\n<p style=\"font-weight: 400;\"><span style=\"color: #000000;\"><b><strong>Apple Safari<\/strong><\/b> https:\/\/support.apple.com\/es-es\/HT201265<\/span><\/p>\n<p style=\"font-weight: 400;\"><span style=\"color: #000000;\">Si vous avez des questions sur cette politique de cookies, vous pouvez nous contacter en envoyant un e-mail<\/span><\/p>\n<p style=\"font-weight: 400;\"><span style=\"color: #000000;\">Pour cela, vous devez tenir compte du fait que vous devrez adapter s\u00e9par\u00e9ment la configuration de chaque navigateur et \u00e9quipement que vous utilisez puisque, comme nous l&rsquo;avons mentionn\u00e9 pr\u00e9c\u00e9demment, les cookies sont associ\u00e9s au navigateur, et non \u00e0 la personne.<\/span><\/p>\n<p>\t\t\t\t<\/div>\n\n\t\t\t\t\t\t\t<\/div>\n\t\t[\/vc_column][\/vc_row]<\/p>\n<\/section>","protected":false},"excerpt":{"rendered":"<p>[vc_row full_width=\u00a0\u00bbstretch_row_content\u00a0\u00bb css=\u00a0\u00bb.vc_custom_1528807600310{margin-bottom: 5vh !important;}\u00a0\u00bb][vc_column woodmart_text_align=\u00a0\u00bbcenter\u00a0\u00bb offset=\u00a0\u00bbvc_col-lg-offset-3 vc_col-lg-6 vc_col-md-6&Prime; css=\u00a0\u00bb.vc_custom_1528808528297{margin-bottom: 4vh !important;}\u00a0\u00bb][vc_empty_space height=\u00a0\u00bb5vh\u00a0\u00bb woodmart_hide_large=\u00a0\u00bb1&Prime; woodmart_hide_medium=\u00a0\u00bb1&Prime;][\/vc_column][\/vc_row][vc_row full_width=\u00a0\u00bbstretch_row_content\u00a0\u00bb css=\u00a0\u00bb.vc_custom_1528807600310{margin-bottom: 5vh !important;}\u00a0\u00bb][vc_column woodmart_text_align=\u00a0\u00bbcenter\u00a0\u00bb<\/p>\n","protected":false},"author":1,"featured_media":0,"parent":0,"menu_order":0,"comment_status":"closed","ping_status":"closed","template":"","meta":{"footnotes":""},"class_list":["post-46836","page","type-page","status-publish","hentry"],"_links":{"self":[{"href":"https:\/\/primomoto.es\/fr\/wp-json\/wp\/v2\/pages\/46836","targetHints":{"allow":["GET"]}}],"collection":[{"href":"https:\/\/primomoto.es\/fr\/wp-json\/wp\/v2\/pages"}],"about":[{"href":"https:\/\/primomoto.es\/fr\/wp-json\/wp\/v2\/types\/page"}],"author":[{"embeddable":true,"href":"https:\/\/primomoto.es\/fr\/wp-json\/wp\/v2\/users\/1"}],"replies":[{"embeddable":true,"href":"https:\/\/primomoto.es\/fr\/wp-json\/wp\/v2\/comments?post=46836"}],"version-history":[{"count":0,"href":"https:\/\/primomoto.es\/fr\/wp-json\/wp\/v2\/pages\/46836\/revisions"}],"wp:attachment":[{"href":"https:\/\/primomoto.es\/fr\/wp-json\/wp\/v2\/media?parent=46836"}],"curies":[{"name":"wp","href":"https:\/\/api.w.org\/{rel}","templated":true}]}}