{"id":46814,"date":"2021-06-17T06:20:07","date_gmt":"2021-06-17T06:20:07","guid":{"rendered":"https:\/\/primomoto.es\/couts-de-livraison\/"},"modified":"2021-11-02T10:29:46","modified_gmt":"2021-11-02T10:29:46","slug":"couts-de-livraison","status":"publish","type":"page","link":"https:\/\/primomoto.es\/fr\/couts-de-livraison\/","title":{"rendered":"Co\u00fbts de livraison"},"content":{"rendered":"<section class=\"wpb-content-wrapper\"><p>[vc_row full_width=\u00a0\u00bbstretch_row_content\u00a0\u00bb css=\u00a0\u00bb.vc_custom_1599462642369{margin-bottom: 3vh !important;}\u00a0\u00bb mobile_bg_img_hidden=\u00a0\u00bbno\u00a0\u00bb tablet_bg_img_hidden=\u00a0\u00bbno\u00a0\u00bb woodmart_parallax=\u00a0\u00bb0&Prime; woodmart_gradient_switch=\u00a0\u00bbno\u00a0\u00bb row_reverse_mobile=\u00a0\u00bb0&Prime; row_reverse_tablet=\u00a0\u00bb0&Prime; woodmart_disable_overflow=\u00a0\u00bb0&Prime;][vc_column woodmart_text_align=\u00a0\u00bbcenter\u00a0\u00bb offset=\u00a0\u00bbvc_col-lg-offset-3 vc_col-lg-6 vc_col-md-6&Prime; css=\u00a0\u00bb.vc_custom_1528808528297{margin-bottom: 4vh !important;}\u00a0\u00bb]\t\t\t<div id=\"wd-5f55dcaf96579\" class=\"wd-text-block-wrapper wd-wpb wd-rs-5f55dcaf96579 color-scheme-dark text-center wd-off-anim wpb_animate_when_almost_visible wpb_wd-zoom-in wd-zoom-in wd-anim-name_wd-zoom-in wd-width-enabled vc_custom_1599462608308\" style=\"--wd-max-width: 90%;\">\n\t\t\t\t<div class=\"woodmart-title-container woodmart-text-block reset-last-child font-primary wd-font-weight-600 wd-fontsize-xxxl\">\n\t\t\t\t\t<\/p>\n<h5><b>ESTIMEZ VOS CHANGEURS DE LIVRAISON <\/b><\/h5>\n<div id=\"gtx-trans\">\n<div class=\"gtx-trans-icon\"><\/div>\n<\/div>\n<p>\t\t\t\t<\/div>\n\n\t\t\t\t\t\t\t<\/div>\n\t\t\t\t\t<div id=\"wd-611a518eb6315\" class=\"wd-text-block-wrapper wd-wpb wd-rs-611a518eb6315 color-scheme- text-center wd-off-anim wpb_animate_when_almost_visible wpb_wd-zoom-in wd-zoom-in wd-anim-name_wd-zoom-in wd-width-enabled vc_custom_1629114772501\" style=\"--wd-max-width: 90%;\">\n\t\t\t\t<div class=\"woodmart-title-container woodmart-text-block reset-last-child font-text wd-font-weight-400 \">\n\t\t\t\t\t<\/p>\n<p style=\"font-weight: 400;\"><span style=\"color: #000000;\">Toutes les commandes et tous les achats effectu\u00e9s via ce site Web sont soumis aux conditions g\u00e9n\u00e9rales d&rsquo;achat en ligne d\u00e9crites ci-dessous. Ces conditions g\u00e9n\u00e9rales d&rsquo;achat en ligne peuvent changer de temps \u00e0 autre sans pr\u00e9avis, \u00e0 notre discr\u00e9tion.<\/span><\/p>\n<p style=\"font-weight: 400;\"><span style=\"color: #000000;\">Veuillez vous assurer d&rsquo;avoir lu notre <a style=\"color: #000000;\" href=\"https:\/\/motorode.com\/privacy-policy\/\" target=\"_blank\" rel=\"noopener\">Politique de confidentialit\u00e9 du site Web<\/a> et <a style=\"color: #000000;\" href=\"https:\/\/motorode.com\/terms-and-conditions\/\" target=\"_blank\" rel=\"noopener\">Termes et conditions<\/a> li\u00e9s \u00e0 l&rsquo;utilisation de ce site Web.<\/span><\/p>\n<p>\t\t\t\t<\/div>\n\n\t\t\t\t\t\t\t<\/div>\n\t\t[vc_empty_space height=\u00a0\u00bb5vh\u00a0\u00bb woodmart_hide_large=\u00a0\u00bb1&Prime; woodmart_hide_medium=\u00a0\u00bb1&Prime;][\/vc_column][\/vc_row][vc_row full_width=\u00a0\u00bbstretch_row_content\u00a0\u00bb mobile_bg_img_hidden=\u00a0\u00bbno\u00a0\u00bb tablet_bg_img_hidden=\u00a0\u00bbno\u00a0\u00bb woodmart_parallax=\u00a0\u00bb0&Prime; woodmart_gradient_switch=\u00a0\u00bbno\u00a0\u00bb row_reverse_mobile=\u00a0\u00bb0&Prime; row_reverse_tablet=\u00a0\u00bb0&Prime; woodmart_disable_overflow=\u00a0\u00bb0&Prime;][vc_column woodmart_text_align=\u00a0\u00bbcenter\u00a0\u00bb offset=\u00a0\u00bbvc_col-lg-offset-3 vc_col-lg-6 vc_col-md-6&Prime; css=\u00a0\u00bb.vc_custom_1528808528297{margin-bottom: 4vh !important;}\u00a0\u00bb]\t\t\t<div id=\"wd-5f55da89d8faa\" class=\"wd-text-block-wrapper wd-wpb wd-rs-5f55da89d8faa color-scheme-custom text-center wd-off-anim wpb_animate_when_almost_visible wpb_wd-zoom-in wd-zoom-in wd-anim-name_wd-zoom-in \">\n\t\t\t\t<div class=\"woodmart-title-container woodmart-text-block reset-last-child font-text wd-font-weight- wd-fontsize-m\">\n\t\t\t\t\t<b>Notre politique d&rsquo;achat<\/b>\t\t\t\t<\/div>\n\n\t\t\t\t\t\t\t<\/div>\n\t\t\t\t\t<div id=\"wd-5f55da2c83cd8\" class=\"wd-text-block-wrapper wd-wpb wd-rs-5f55da2c83cd8 color-scheme-dark text-center wd-off-anim wpb_animate_when_almost_visible wpb_wd-zoom-in wd-zoom-in wd-anim-name_wd-zoom-in wd-width-enabled \" style=\"--wd-max-width: 90%;\">\n\t\t\t\t<div class=\"woodmart-title-container woodmart-text-block reset-last-child font-primary wd-font-weight-600 wd-fontsize-xxxl\">\n\t\t\t\t\t<b>INFORMATIONS DE LIVRAISON<\/b>\t\t\t\t<\/div>\n\n\t\t\t\t\t\t\t<\/div>\n\t\t[\/vc_column][\/vc_row][vc_row full_width=\u00a0\u00bbstretch_row_content\u00a0\u00bb content_placement=\u00a0\u00bbmiddle\u00a0\u00bb woodmart_disable_overflow=\u00a0\u00bb1&Prime; el_class=\u00a0\u00bbz-index-10&Prime; mobile_bg_img_hidden=\u00a0\u00bbno\u00a0\u00bb tablet_bg_img_hidden=\u00a0\u00bbno\u00a0\u00bb woodmart_parallax=\u00a0\u00bb0&Prime; woodmart_gradient_switch=\u00a0\u00bbno\u00a0\u00bb row_reverse_mobile=\u00a0\u00bb0&Prime; row_reverse_tablet=\u00a0\u00bb0&Prime; css=\u00a0\u00bb.vc_custom_1598362564814{padding-right: 15% !important;padding-bottom: 5vh !important;padding-left: 15% !important;}\u00a0\u00bb][vc_column width=\u00a0\u00bb1\/2&Prime; offset=\u00a0\u00bbvc_col-lg-6 vc_col-md-6&Prime; mobile_bg_img_hidden=\u00a0\u00bbno\u00a0\u00bb tablet_bg_img_hidden=\u00a0\u00bbno\u00a0\u00bb woodmart_parallax=\u00a0\u00bb0&Prime; woodmart_sticky_column=\u00a0\u00bbfalse\u00a0\u00bb parallax_scroll=\u00a0\u00bbno\u00a0\u00bb mobile_reset_margin=\u00a0\u00bbno\u00a0\u00bb tablet_reset_margin=\u00a0\u00bbno\u00a0\u00bb]\t\t\t<div id=\"wd-5f55da968d915\" class=\"wd-text-block-wrapper wd-wpb wd-rs-5f55da968d915 color-scheme-dark text-left wd-off-anim wpb_animate_when_almost_visible wpb_wd-slide-from-right wd-slide-from-right wd-anim-name_wd-slide-from-right wd-width-enabled \" style=\"--wd-max-width: 90%;\">\n\t\t\t\t<div class=\"woodmart-title-container woodmart-text-block reset-last-child font-primary wd-font-weight-600 wd-fontsize-xxxl\">\n\t\t\t\t\t<b>Politique d&rsquo;exportation<\/b><\/p>\n<div id=\"gtx-trans\">\n<div class=\"gtx-trans-icon\"><\/div>\n<\/div>\n<p>\t\t\t\t<\/div>\n\n\t\t\t\t\t\t\t<\/div>\n\t\t\t\t\t<div id=\"wd-611a5199c1770\" class=\"wd-text-block-wrapper wd-wpb wd-rs-611a5199c1770 color-scheme- text-left wd-off-anim wpb_animate_when_almost_visible wpb_wd-slide-from-left wd-slide-from-left wd-anim-name_wd-slide-from-left wd-width-enabled \" style=\"--wd-max-width: 90%;\">\n\t\t\t\t<div class=\"woodmart-title-container woodmart-text-block reset-last-child font-text wd-font-weight-400 \">\n\t\t\t\t\t<\/p>\n<p style=\"font-weight: 400;\"><span style=\"color: #000000;\">L&rsquo;exp\u00e9dition peut \u00eatre effectu\u00e9e \u00e0 partir de l&rsquo;un de nos sites de stockage en Europe, en Am\u00e9rique du Nord et en Asie, en fonction de la disponibilit\u00e9 du produit et le client s&rsquo;engage \u00e0 payer les droits de douane et les frais applicables \u00e0 tous les produits dans tout pays autre que le pays d&rsquo;origine du Exp\u00e9dition.<\/span><\/p>\n<p>\t\t\t\t<\/div>\n\n\t\t\t\t\t\t\t<\/div>\n\t\t[\/vc_column][vc_column width=\u00a0\u00bb1\/2&Prime; mobile_bg_img_hidden=\u00a0\u00bbno\u00a0\u00bb tablet_bg_img_hidden=\u00a0\u00bbno\u00a0\u00bb woodmart_parallax=\u00a0\u00bb0&Prime; woodmart_sticky_column=\u00a0\u00bbfalse\u00a0\u00bb parallax_scroll=\u00a0\u00bbno\u00a0\u00bb mobile_reset_margin=\u00a0\u00bbno\u00a0\u00bb tablet_reset_margin=\u00a0\u00bbno\u00a0\u00bb]\t\t\t<div id=\"wd-5f55dac77726c\" class=\"wd-text-block-wrapper wd-wpb wd-rs-5f55dac77726c color-scheme-dark text-left wd-off-anim wpb_animate_when_almost_visible wpb_wd-slide-from-right wd-slide-from-right wd-anim-name_wd-slide-from-right wd-width-enabled \" style=\"--wd-max-width: 90%;\">\n\t\t\t\t<div class=\"woodmart-title-container woodmart-text-block reset-last-child font-primary wd-font-weight-600 wd-fontsize-xxxl\">\n\t\t\t\t\t<b>Exp\u00e9dier un article<\/b>\t\t\t\t<\/div>\n\n\t\t\t\t\t\t\t<\/div>\n\t\t\t\t\t<div id=\"wd-611a51a5bba67\" class=\"wd-text-block-wrapper wd-wpb wd-rs-611a51a5bba67 color-scheme- text-left wd-off-anim wpb_animate_when_almost_visible wpb_wd-slide-from-right wd-slide-from-right wd-anim-name_wd-slide-from-right wd-width-enabled \" style=\"--wd-max-width: 90%;\">\n\t\t\t\t<div class=\"woodmart-title-container woodmart-text-block reset-last-child font-text wd-font-weight-400 \">\n\t\t\t\t\t<span style=\"color: #000000;\">Correos et MCB Express sont le service de messagerie officiel pour les commandes exp\u00e9di\u00e9es vers l&rsquo;Europe. La livraison des articles n\u00e9cessitera normalement une signature du destinataire. Pour l&rsquo;Espagne et le Portugal, tous les articles seront exp\u00e9di\u00e9s aux clients via le service de messagerie Correos et le reste sera exp\u00e9di\u00e9 via MCB Express.<\/span>\t\t\t\t<\/div>\n\n\t\t\t\t\t\t\t<\/div>\n\t\t[\/vc_column][\/vc_row][vc_row full_width=\u00a0\u00bbstretch_row_content\u00a0\u00bb mobile_bg_img_hidden=\u00a0\u00bbno\u00a0\u00bb tablet_bg_img_hidden=\u00a0\u00bbno\u00a0\u00bb woodmart_parallax=\u00a0\u00bb0&Prime; woodmart_gradient_switch=\u00a0\u00bbno\u00a0\u00bb row_reverse_mobile=\u00a0\u00bb0&Prime; row_reverse_tablet=\u00a0\u00bb0&Prime; woodmart_disable_overflow=\u00a0\u00bb0&Prime;][vc_column woodmart_text_align=\u00a0\u00bbcenter\u00a0\u00bb offset=\u00a0\u00bbvc_col-lg-offset-3 vc_col-lg-6 vc_col-md-6&Prime; mobile_bg_img_hidden=\u00a0\u00bbno\u00a0\u00bb tablet_bg_img_hidden=\u00a0\u00bbno\u00a0\u00bb woodmart_parallax=\u00a0\u00bb0&Prime; woodmart_sticky_column=\u00a0\u00bbfalse\u00a0\u00bb parallax_scroll=\u00a0\u00bbno\u00a0\u00bb mobile_reset_margin=\u00a0\u00bbno\u00a0\u00bb tablet_reset_margin=\u00a0\u00bbno\u00a0\u00bb]\t\t\t<div id=\"wd-5f55db2f4b09f\" class=\"wd-text-block-wrapper wd-wpb wd-rs-5f55db2f4b09f color-scheme-dark text-center wd-off-anim wpb_animate_when_almost_visible wpb_zoomIn zoomIn wd-anim-name_zoomIn wd-width-enabled vc_custom_1599462203968\" style=\"--wd-max-width: 90%;\">\n\t\t\t\t<div class=\"woodmart-title-container woodmart-text-block reset-last-child font-primary wd-font-weight-600 wd-fontsize-xxxl\">\n\t\t\t\t\t<b>Livraison gratuite <\/b>\t\t\t\t<\/div>\n\n\t\t\t\t\t\t\t<\/div>\n\t\t\t\t\t<div id=\"wd-611a51b079ef3\" class=\"wd-text-block-wrapper wd-wpb wd-rs-611a51b079ef3 color-scheme- text-center wd-off-anim wpb_animate_when_almost_visible wpb_zoomIn zoomIn wd-anim-name_zoomIn wd-width-enabled \" style=\"--wd-max-width: 90%;\">\n\t\t\t\t<div class=\"woodmart-title-container woodmart-text-block reset-last-child font-text wd-font-weight-400 \">\n\t\t\t\t\t<\/p>\n<p style=\"font-weight: 400;\"><span style=\"color: #000000;\">Commandes entre 0 et 300 Euros : les frais de livraison seront de 12,95 Euros.<\/span><\/p>\n<p><span style=\"color: #000000;\">Commandes sup\u00e9rieures \u00e0 300 Euros : les frais de livraison seront de 18 Euros.<\/span><\/p>\n<p><span style=\"color: #000000;\">En raison de la r\u00e9glementation fiscale dans ces r\u00e9gions, la TVA ne sera pas appliqu\u00e9e aux prix affich\u00e9s sur le site Web. Cependant, \u00e0 r\u00e9ception de la commande, certaines taxes, droits ou charges correspondant \u00e0 ces r\u00e9gions pourront \u00eatre exigibles.<\/span><\/p>\n<p style=\"font-weight: 400;\"><span style=\"color: #000000;\"><b><strong>REMARQUE:<\/strong><\/b> <b><strong>Primomoto.es n&rsquo;assume aucune responsabilit\u00e9 pour les taxes, droits ou frais de bureau correspondant \u00e0 ces r\u00e9gions. A titre indicatif, les droits de douane peuvent suivre les conditions ci-dessous :<\/strong><\/b><\/span><\/p>\n<p style=\"font-weight: 400;\"><span style=\"color: #000000;\"><b><strong>Commandes inf\u00e9rieures \u00e0 150 Euros :<\/strong><\/b><\/span><\/p>\n<p style=\"font-weight: 400;\"><span style=\"color: #000000;\"><b><strong>Frais fixes:<\/strong><\/b> 31.36 Euros.<\/span><\/p>\n<p style=\"font-weight: 400;\"><span style=\"color: #000000;\"><b><strong>Fonctions:<\/strong><\/b> calcul d&rsquo;un pourcentage du total de la commande en fonction du type d&rsquo;article (g\u00e9n\u00e9ralement 7%)<\/span><\/p>\n<p style=\"font-weight: 400;\"><span style=\"color: #000000;\"><b><strong>Commandes sup\u00e9rieures \u00e0 150 euros :<\/strong><\/b><\/span><\/p>\n<p style=\"font-weight: 400;\"><span style=\"color: #000000;\"><b><strong>Frais fixes:<\/strong><\/b> 43.68 Euros.<\/span><\/p>\n<p style=\"font-weight: 400;\"><span style=\"color: #000000;\"><b><strong>Fonctions:<\/strong><\/b>Calcul d&rsquo;un pourcentage du total de la commande en fonction du type d&rsquo;article (g\u00e9n\u00e9ralement 7%)<\/span><\/p>\n<p>\t\t\t\t<\/div>\n\n\t\t\t\t\t\t\t<\/div>\n\t\t[\/vc_column][\/vc_row]<\/p>\n<\/section>","protected":false},"excerpt":{"rendered":"<p>[vc_row full_width=\u00a0\u00bbstretch_row_content\u00a0\u00bb css=\u00a0\u00bb.vc_custom_1599462642369{margin-bottom: 3vh !important;}\u00a0\u00bb mobile_bg_img_hidden=\u00a0\u00bbno\u00a0\u00bb tablet_bg_img_hidden=\u00a0\u00bbno\u00a0\u00bb woodmart_parallax=\u00a0\u00bb0&Prime; woodmart_gradient_switch=\u00a0\u00bbno\u00a0\u00bb row_reverse_mobile=\u00a0\u00bb0&Prime; row_reverse_tablet=\u00a0\u00bb0&Prime; woodmart_disable_overflow=\u00a0\u00bb0&Prime;][vc_column woodmart_text_align=\u00a0\u00bbcenter\u00a0\u00bb offset=\u00a0\u00bbvc_col-lg-offset-3 vc_col-lg-6 vc_col-md-6&Prime; css=\u00a0\u00bb.vc_custom_1528808528297{margin-bottom: 4vh !important;}\u00a0\u00bb][vc_empty_space height=\u00a0\u00bb5vh\u00a0\u00bb<\/p>\n","protected":false},"author":1,"featured_media":0,"parent":0,"menu_order":0,"comment_status":"closed","ping_status":"closed","template":"","meta":{"footnotes":""},"class_list":["post-46814","page","type-page","status-publish","hentry"],"_links":{"self":[{"href":"https:\/\/primomoto.es\/fr\/wp-json\/wp\/v2\/pages\/46814","targetHints":{"allow":["GET"]}}],"collection":[{"href":"https:\/\/primomoto.es\/fr\/wp-json\/wp\/v2\/pages"}],"about":[{"href":"https:\/\/primomoto.es\/fr\/wp-json\/wp\/v2\/types\/page"}],"author":[{"embeddable":true,"href":"https:\/\/primomoto.es\/fr\/wp-json\/wp\/v2\/users\/1"}],"replies":[{"embeddable":true,"href":"https:\/\/primomoto.es\/fr\/wp-json\/wp\/v2\/comments?post=46814"}],"version-history":[{"count":0,"href":"https:\/\/primomoto.es\/fr\/wp-json\/wp\/v2\/pages\/46814\/revisions"}],"wp:attachment":[{"href":"https:\/\/primomoto.es\/fr\/wp-json\/wp\/v2\/media?parent=46814"}],"curies":[{"name":"wp","href":"https:\/\/api.w.org\/{rel}","templated":true}]}}