{"id":46809,"date":"2021-06-17T06:15:28","date_gmt":"2021-06-17T06:15:28","guid":{"rendered":"https:\/\/primomoto.es\/a-propos-de-nous\/"},"modified":"2021-11-02T09:54:26","modified_gmt":"2021-11-02T09:54:26","slug":"a-propos-de-nous","status":"publish","type":"page","link":"https:\/\/primomoto.es\/fr\/a-propos-de-nous\/","title":{"rendered":"\u00c0 propos de nous"},"content":{"rendered":"<section class=\"wpb-content-wrapper\"><p>[vc_row mobile_bg_img_hidden=\u00a0\u00bbno\u00a0\u00bb tablet_bg_img_hidden=\u00a0\u00bbno\u00a0\u00bb woodmart_parallax=\u00a0\u00bb0&Prime; woodmart_gradient_switch=\u00a0\u00bbno\u00a0\u00bb row_reverse_mobile=\u00a0\u00bb0&Prime; row_reverse_tablet=\u00a0\u00bb0&Prime; woodmart_disable_overflow=\u00a0\u00bb0&Prime;][vc_column woodmart_color_scheme=\u00a0\u00bbdark\u00a0\u00bb css=\u00a0\u00bb.vc_custom_1505552126475{background-position: 0 0 !important;background-repeat: no-repeat !important;}\u00a0\u00bb]\t\t\t<div id=\"wd-60213a792ef84\" class=\"wd-text-block-wrapper wd-wpb wd-rs-60213a792ef84 color-scheme-custom text-center wd-width-enabled vc_custom_1612790450522\" style=\"--wd-max-width: 50%;\">\n\t\t\t\t<div class=\"woodmart-title-container woodmart-text-block reset-last-child font-primary wd-font-weight-400 \">\n\t\t\t\t\tPrimo Moto! Le meilleur magasin de v\u00eatements et accessoires moto d&rsquo;Europe\t\t\t\t<\/div>\n\n\t\t\t\t\t\t\t<\/div>\n\t\t[\/vc_column][vc_column width=\u00a0\u00bb1\/6&Prime;][\/vc_column][vc_column width=\u00a0\u00bb2\/3&Prime; css=\u00a0\u00bb.vc_custom_1612791324738{border-top-width: 20px !important;border-right-width: 20px !important;border-bottom-width: 20px !important;border-left-width: 20px !important;padding-top: 0px !important;padding-right: 0px !important;padding-bottom: 0px !important;padding-left: 0px !important;border-left-color: #ffffff !important;border-left-style: solid !important;border-right-color: #ffffff !important;border-right-style: solid !important;border-top-color: #ffffff !important;border-top-style: solid !important;border-bottom-color: #ffffff !important;border-bottom-style: solid !important;}\u00a0\u00bb el_class=\u00a0\u00bbposition-relative z-index-10&Prime; mobile_bg_img_hidden=\u00a0\u00bbno\u00a0\u00bb tablet_bg_img_hidden=\u00a0\u00bbno\u00a0\u00bb woodmart_parallax=\u00a0\u00bb0&Prime; woodmart_sticky_column=\u00a0\u00bbfalse\u00a0\u00bb parallax_scroll=\u00a0\u00bbno\u00a0\u00bb mobile_reset_margin=\u00a0\u00bbno\u00a0\u00bb tablet_reset_margin=\u00a0\u00bbno\u00a0\u00bb][vc_video link=\u00a0\u00bbhttps:\/\/youtu.be\/r80_RrgfVxA\u00a0\u00bb align=\u00a0\u00bbcenter\u00a0\u00bb poster_image=\u00a0\u00bb28442&Prime; image_poster_switch=\u00a0\u00bbyes\u00a0\u00bb css=\u00a0\u00bb.vc_custom_1612872543163{background-color: #ffffff !important;}\u00a0\u00bb img_size=\u00a0\u00bblarge\u00a0\u00bb][\/vc_column][\/vc_row][vc_row full_width=\u00a0\u00bbstretch_row_content\u00a0\u00bb css=\u00a0\u00bb.vc_custom_1612791700069{margin-top: 2vh !important;}\u00a0\u00bb mobile_bg_img_hidden=\u00a0\u00bbno\u00a0\u00bb tablet_bg_img_hidden=\u00a0\u00bbno\u00a0\u00bb woodmart_parallax=\u00a0\u00bb0&Prime; woodmart_gradient_switch=\u00a0\u00bbno\u00a0\u00bb row_reverse_mobile=\u00a0\u00bb0&Prime; row_reverse_tablet=\u00a0\u00bb0&Prime; woodmart_disable_overflow=\u00a0\u00bb0&Prime;][vc_column woodmart_text_align=\u00a0\u00bbcenter\u00a0\u00bb offset=\u00a0\u00bbvc_col-lg-offset-3 vc_col-lg-6 vc_col-md-6&Prime; css=\u00a0\u00bb.vc_custom_1528808528297{margin-bottom: 4vh !important;}\u00a0\u00bb]\t\t\t<div id=\"wd-611a20213ce25\" class=\"wd-text-block-wrapper wd-wpb wd-rs-611a20213ce25 color-scheme- text-center wd-off-anim wpb_animate_when_almost_visible wpb_wd-zoom-in wd-zoom-in wd-anim-name_wd-zoom-in wd-width-enabled vc_custom_1629102119559\" style=\"--wd-max-width: 90%;\">\n\t\t\t\t<div class=\"woodmart-title-container woodmart-text-block reset-last-child font-text wd-font-weight-400 \">\n\t\t\t\t\t<\/p>\n<h1 style=\"font-weight: 400; text-align: center;\"><span style=\"color: #000000;\"><strong><span style=\"vertical-align: inherit;\"><span style=\"vertical-align: inherit;\">Primo Moto : c&rsquo;est le nom de la Passion moto.\u00a0<\/span><\/span><\/strong><\/span><\/h1>\n<h1><\/h1>\n<p>\t\t\t\t<\/div>\n\n\t\t\t\t\t\t\t<\/div>\n\t\t\t\t\t<div id=\"wd-611a1fcf9a796\" class=\"wd-text-block-wrapper wd-wpb wd-rs-611a1fcf9a796 color-scheme- text-center wd-off-anim wpb_animate_when_almost_visible wpb_wd-zoom-in wd-zoom-in wd-anim-name_wd-zoom-in wd-width-enabled vc_custom_1629102040404\" style=\"--wd-max-width: 90%;\">\n\t\t\t\t<div class=\"woodmart-title-container woodmart-text-block reset-last-child font-text wd-font-weight-400 \">\n\t\t\t\t\t<span style=\"color: #000000;\">La nouvelle boutique en ligne \u00e9mergente proposant des \u00e9quipements moto de qualit\u00e9 pour r\u00e9pondre \u00e0 tous vos besoins de conduite. Sur le site Web de Primomoto, nous avons plac\u00e9 un stock \u00e9norme de grandes marques de l&rsquo;industrie de la moto avec un meilleur prix garanti pour permettre \u00e0 nos clients de prot\u00e9ger toutes leurs actions, qu&rsquo;ils pratiquent des voyages d&rsquo;aventure sur de longues distances, se d\u00e9placent en ville, se d\u00e9placent quotidiennement ou participent \u00e0 une course. . Nos combinaisons, bottes, vestes, casques et gants sont id\u00e9aux pour maximiser vos performances et votre s\u00e9curit\u00e9 en circuit et en \u00e9quitation sportive<\/span>\t\t\t\t<\/div>\n\n\t\t\t\t\t\t\t<\/div>\n\t\t[vc_empty_space height=\u00a0\u00bb5vh\u00a0\u00bb woodmart_hide_large=\u00a0\u00bb1&Prime; woodmart_hide_medium=\u00a0\u00bb1&Prime;]\t\t\t<div id=\"wd-611a1fdbbdf7d\" class=\"wd-text-block-wrapper wd-wpb wd-rs-611a1fdbbdf7d color-scheme- text-center wd-off-anim wpb_animate_when_almost_visible wpb_wd-zoom-in wd-zoom-in wd-anim-name_wd-zoom-in wd-width-enabled vc_custom_1629102049143\" style=\"--wd-max-width: 90%;\">\n\t\t\t\t<div class=\"woodmart-title-container woodmart-text-block reset-last-child font-text wd-font-weight-400 \">\n\t\t\t\t\t<\/p>\n<p style=\"font-weight: 400;\"><span style=\"color: #000000;\">Primomoto est une boutique en ligne ax\u00e9e sur le client et s&rsquo;efforce d&rsquo;offrir aux passionn\u00e9s de moto la meilleure exp\u00e9rience d&rsquo;achat possible avec un service maximal et une livraison rapide. Nous offrons la livraison GRATUITE dans toute l&rsquo;EUROPE pour les commandes sup\u00e9rieures \u00e0 49 \u20ac avec 30 jours de droit de retour. Obtenez une garantie de remboursement sur les articles d&rsquo;exp\u00e9dition inappropri\u00e9s ou non satisfaisants.<\/span><\/p>\n<p>\t\t\t\t<\/div>\n\n\t\t\t\t\t\t\t<\/div>\n\t\t[vc_empty_space height=\u00a0\u00bb5vh\u00a0\u00bb woodmart_hide_large=\u00a0\u00bb1&Prime; woodmart_hide_medium=\u00a0\u00bb1&Prime;]\t\t\t<div id=\"wd-611a1fe640bf5\" class=\"wd-text-block-wrapper wd-wpb wd-rs-611a1fe640bf5 color-scheme- text-center wd-off-anim wpb_animate_when_almost_visible wpb_wd-zoom-in wd-zoom-in wd-anim-name_wd-zoom-in wd-width-enabled vc_custom_1629102059095\" style=\"--wd-max-width: 90%;\">\n\t\t\t\t<div class=\"woodmart-title-container woodmart-text-block reset-last-child font-text wd-font-weight-400 \">\n\t\t\t\t\t<\/p>\n<p style=\"font-weight: 400;\"><span style=\"color: #000000;\">N&rsquo;oubliez pas de visiter Primomoto lorsque vous recherchez des v\u00eatements de moto, des casques, des bottes et des accessoires ou presque tout ce dont vous avez besoin pour alimenter votre passion de la moto.<\/span><\/p>\n<p>\t\t\t\t<\/div>\n\n\t\t\t\t\t\t\t<\/div>\n\t\t[vc_empty_space height=\u00a0\u00bb5vh\u00a0\u00bb woodmart_hide_large=\u00a0\u00bb1&Prime; woodmart_hide_medium=\u00a0\u00bb1&Prime;]\t\t\t<div id=\"wd-611a1ff2602f7\" class=\"wd-text-block-wrapper wd-wpb wd-rs-611a1ff2602f7 color-scheme- text-center wd-off-anim wpb_animate_when_almost_visible wpb_wd-zoom-in wd-zoom-in wd-anim-name_wd-zoom-in wd-width-enabled \" style=\"--wd-max-width: 90%;\">\n\t\t\t\t<div class=\"woodmart-title-container woodmart-text-block reset-last-child font-text wd-font-weight-400 \">\n\t\t\t\t\t<\/p>\n<div id=\"wd-5fe9beea7b4bb\" class=\"woodmart-text-block-wrapper color-scheme-dark woodmart-title-size-custom woodmart-title-width-100 text-center vc_custom_1609154289190\">\n<div class=\"woodmart-title-container woodmart-text-block font-primary woodmart-font-weight-600\">\n<h4 class=\"woodmart-title-container title woodmart-font-weight-\"><span style=\"color: #000000;\">NOUS CONTACTER<\/span><\/h4>\n<\/div>\n<\/div>\n<div class=\"wpb_text_column wpb_content_element vc_custom_1609488494899 text-larger\">\n<div class=\"wpb_wrapper\">\n<p><span style=\"color: #000000;\">Si vous voulez plus d&rsquo;informations, s&rsquo;il vous pla\u00eet <strong><a style=\"color: #000000;\" title=\"Primomoto\" href=\"https:\/\/primomoto.es\/contact-us\/\" target=\"_blank\" rel=\"noopener\">NOUS CONTACTER<\/a><\/strong>.<\/span><\/p>\n<\/div>\n<\/div>\n<p>\t\t\t\t<\/div>\n\n\t\t\t\t\t\t\t<\/div>\n\t\t[\/vc_column][\/vc_row]<\/p>\n<\/section>","protected":false},"excerpt":{"rendered":"<p>[vc_row mobile_bg_img_hidden=\u00a0\u00bbno\u00a0\u00bb tablet_bg_img_hidden=\u00a0\u00bbno\u00a0\u00bb woodmart_parallax=\u00a0\u00bb0&Prime; woodmart_gradient_switch=\u00a0\u00bbno\u00a0\u00bb row_reverse_mobile=\u00a0\u00bb0&Prime; row_reverse_tablet=\u00a0\u00bb0&Prime; woodmart_disable_overflow=\u00a0\u00bb0&Prime;][vc_column woodmart_color_scheme=\u00a0\u00bbdark\u00a0\u00bb css=\u00a0\u00bb.vc_custom_1505552126475{background-position: 0 0 !important;background-repeat: no-repeat !important;}\u00a0\u00bb][\/vc_column][vc_column width=\u00a0\u00bb1\/6&Prime;][\/vc_column][vc_column width=\u00a0\u00bb2\/3&Prime; css=\u00a0\u00bb.vc_custom_1612791324738{border-top-width: 20px !important;border-right-width:<\/p>\n","protected":false},"author":1,"featured_media":0,"parent":0,"menu_order":0,"comment_status":"closed","ping_status":"closed","template":"","meta":{"footnotes":""},"class_list":["post-46809","page","type-page","status-publish","hentry"],"_links":{"self":[{"href":"https:\/\/primomoto.es\/fr\/wp-json\/wp\/v2\/pages\/46809","targetHints":{"allow":["GET"]}}],"collection":[{"href":"https:\/\/primomoto.es\/fr\/wp-json\/wp\/v2\/pages"}],"about":[{"href":"https:\/\/primomoto.es\/fr\/wp-json\/wp\/v2\/types\/page"}],"author":[{"embeddable":true,"href":"https:\/\/primomoto.es\/fr\/wp-json\/wp\/v2\/users\/1"}],"replies":[{"embeddable":true,"href":"https:\/\/primomoto.es\/fr\/wp-json\/wp\/v2\/comments?post=46809"}],"version-history":[{"count":0,"href":"https:\/\/primomoto.es\/fr\/wp-json\/wp\/v2\/pages\/46809\/revisions"}],"wp:attachment":[{"href":"https:\/\/primomoto.es\/fr\/wp-json\/wp\/v2\/media?parent=46809"}],"curies":[{"name":"wp","href":"https:\/\/api.w.org\/{rel}","templated":true}]}}