{"id":32035,"date":"2023-02-10T14:06:29","date_gmt":"2023-02-10T14:06:29","guid":{"rendered":"https:\/\/primomoto.es\/?post_type=product&#038;p=32035"},"modified":"2023-02-10T14:08:15","modified_gmt":"2023-02-10T14:08:15","slug":"bela-rebel-lady-rider-chaqueta-moto-negro-rosa","status":"publish","type":"product","link":"https:\/\/primomoto.es\/en\/bela-rebel-lady-rider-chaqueta-moto-negro-rosa\/","title":{"rendered":"Bela Rebel Lady Rider Chaqueta Moto Negro\/Rosa"},"content":{"rendered":"<h2><strong>Bela <\/strong><strong>Rebel <\/strong><strong>Lady Rider <\/strong><strong>Chaqueta Textil Moto<\/strong><\/h2>\n<p><strong>Informaci\u00f3n t\u00e9cnica y material:<\/strong><\/p>\n<ul>\n<li>Capa exterior: poli\u00e9ster<\/li>\n<li>Forro interior de malla Soft Fix<\/li>\n<li>Forro de edred\u00f3n de poli\u00e9ster extra\u00edble con un bolsillo para el m\u00f3vil y para documentos<\/li>\n<li>Tejido agradable y suave al tacto en el cuello<\/li>\n<li>Dos bolsillos para calentar las manos<\/li>\n<li>Acolchado aprobado por la CE en el \u00e1rea de los hombros y los pu\u00f1os<\/li>\n<li>protectores de hombros y codos y espalda normal<\/li>\n<li>Elementos reflectantes para visibilidad nocturna.<\/li>\n<li>Pu\u00f1o con cierre de velcro<\/li>\n<\/ul>\n","protected":false},"excerpt":{"rendered":"<div id=\"product-description-short-851\" class=\"rte-content\">\n<div class=\"short-description\">\n<div class=\"std\">\n<p>BELA te trae una chaqueta textil de primera calidad llamada Rebel Lady Rider. Esta chaqueta de mujer est\u00e1 aprobada por la CE.<\/p>\n<\/div>\n<\/div>\n<\/div>\n","protected":false},"featured_media":0,"template":"","meta":[],"product_brand":[],"product_cat":[230],"product_tag":[],"class_list":{"0":"post-32035","1":"product","2":"type-product","3":"status-publish","5":"product_cat-ropa-de-moto","7":"first","8":"instock","9":"taxable","10":"shipping-taxable","11":"product-type-simple"},"_links":{"self":[{"href":"https:\/\/primomoto.es\/en\/wp-json\/wp\/v2\/product\/32035","targetHints":{"allow":["GET"]}}],"collection":[{"href":"https:\/\/primomoto.es\/en\/wp-json\/wp\/v2\/product"}],"about":[{"href":"https:\/\/primomoto.es\/en\/wp-json\/wp\/v2\/types\/product"}],"wp:attachment":[{"href":"https:\/\/primomoto.es\/en\/wp-json\/wp\/v2\/media?parent=32035"}],"wp:term":[{"taxonomy":"product_brand","embeddable":true,"href":"https:\/\/primomoto.es\/en\/wp-json\/wp\/v2\/product_brand?post=32035"},{"taxonomy":"product_cat","embeddable":true,"href":"https:\/\/primomoto.es\/en\/wp-json\/wp\/v2\/product_cat?post=32035"},{"taxonomy":"product_tag","embeddable":true,"href":"https:\/\/primomoto.es\/en\/wp-json\/wp\/v2\/product_tag?post=32035"}],"curies":[{"name":"wp","href":"https:\/\/api.w.org\/{rel}","templated":true}]}}