{"id":22035,"date":"2021-01-14T08:39:05","date_gmt":"2021-01-14T08:39:05","guid":{"rendered":"https:\/\/primomoto.es\/?post_type=product&#038;p=22035"},"modified":"2024-05-06T10:45:22","modified_gmt":"2024-05-06T10:45:22","slug":"bela-fresco-boots-black","status":"publish","type":"product","link":"https:\/\/primomoto.es\/en\/bela-fresco-boots-black\/","title":{"rendered":"Bela Fresco Boots Black"},"content":{"rendered":"<h2>Buty Bela Fresco Air<\/h2>\n<ul>\n<li>Sk\u00f3ra zamszowa Vintage z wentylowanymi panelami sk\u00f3rzanymi.<\/li>\n<li>Oddychaj\u0105ca poliestrowa podszewka.<\/li>\n<li>Anatomicznie wymienna wk\u0142adka<\/li>\n<li>Solidna gumowa podeszwa w starym stylu<\/li>\n<li>Podnosek i pi\u0119ta Techno GI\u00ae Thermoplastic<\/li>\n<li>Klasyczne sznurowanie<\/li>\n<\/ul>\n","protected":false},"excerpt":{"rendered":"<p>Buty Bela Fresco Air Sk\u00f3ra zamszowa Vintage z wentylowanymi panelami sk\u00f3rzanymi. Oddychaj\u0105ca poliestrowa podszewka. Anatomicznie wymienna wk\u0142adka Solidna gumowa podeszwa<\/p>\n","protected":false},"featured_media":22065,"template":"","meta":[],"product_brand":[],"product_cat":[65,83,63,3256,85],"product_tag":[621,620],"class_list":{"0":"post-22035","1":"product","2":"type-product","3":"status-publish","4":"has-post-thumbnail","6":"product_cat-motorcycle-boots","7":"product_cat-men-motorcycle-boots","8":"product_cat-motorcycle-clothing","9":"product_cat-street","10":"product_cat-men-street-boots","11":"product_tag-man-boots","12":"product_tag-touring-boots","13":"pa_size-509","14":"pa_size-372","15":"pa_size-510","16":"pa_size-373","17":"pa_size-513","18":"pa_size-374","20":"first","21":"instock","22":"sale","23":"taxable","24":"shipping-taxable","25":"purchasable","26":"product-type-variable","27":"has-default-attributes"},"_links":{"self":[{"href":"https:\/\/primomoto.es\/en\/wp-json\/wp\/v2\/product\/22035","targetHints":{"allow":["GET"]}}],"collection":[{"href":"https:\/\/primomoto.es\/en\/wp-json\/wp\/v2\/product"}],"about":[{"href":"https:\/\/primomoto.es\/en\/wp-json\/wp\/v2\/types\/product"}],"wp:featuredmedia":[{"embeddable":true,"href":"https:\/\/primomoto.es\/en\/wp-json\/wp\/v2\/media\/22065"}],"wp:attachment":[{"href":"https:\/\/primomoto.es\/en\/wp-json\/wp\/v2\/media?parent=22035"}],"wp:term":[{"taxonomy":"product_brand","embeddable":true,"href":"https:\/\/primomoto.es\/en\/wp-json\/wp\/v2\/product_brand?post=22035"},{"taxonomy":"product_cat","embeddable":true,"href":"https:\/\/primomoto.es\/en\/wp-json\/wp\/v2\/product_cat?post=22035"},{"taxonomy":"product_tag","embeddable":true,"href":"https:\/\/primomoto.es\/en\/wp-json\/wp\/v2\/product_tag?post=22035"}],"curies":[{"name":"wp","href":"https:\/\/api.w.org\/{rel}","templated":true}]}}