{"id":61505,"date":"2021-08-27T14:36:07","date_gmt":"2021-08-27T16:08:18","guid":{"rendered":"https:\/\/primomoto.es\/bela-tour-to-snow-textilhose-schwarz-anthrazit-eis-rot\/"},"modified":"2023-10-05T10:34:40","modified_gmt":"2023-10-05T10:34:40","slug":"bela-tour-to-snow-textilhose-fur-herren-schwarz-anthrazit-eis-rot","status":"publish","type":"product","link":"https:\/\/primomoto.es\/de\/bela-tour-to-snow-textilhose-fur-herren-schwarz-anthrazit-eis-rot\/","title":{"rendered":"Bela Tour To Snow Men Textilhose Zwart\/Anthrazit\/Eis\/Rood"},"content":{"rendered":"<h2>Bela Tour\u00a0To Snow\u00a0textilhose motorrad\u00a0f\u00fcr Herren<\/h2>\n<p><strong>Sicherheit:<\/strong><\/p>\n<ul>\n<li>Abriebfestes Mototex-Au\u00dfenmaterial mit DWR-Behandlung (staub- und wasserabweisend) und wasserdichter und atmungsaktiver PU-Filmbeschichtung.<\/li>\n<li>Reflektierende Features an den Seiten und am Unterschenkel f\u00fcr bessere Sichtbarkeit.<\/li>\n<li>Abnehmbare Knieprotektoren mit CE-Zulassung.<\/li>\n<li>Abnehmbarer H\u00fcftschutz aus Eva-Schaum.<\/li>\n<\/ul>\n<p><strong>Komfort:<\/strong><\/p>\n<ul>\n<li>Hoch atmungsaktive, herausnehmbare wasserdichte \u201eC-Dry Tech\u201c-Membran. Verbindungssystem zur Hose durch einen Rei\u00dfverschluss um die Taille und schnelle Druckkn\u00f6pfe an den Kn\u00f6cheln.<\/li>\n<li>Herausnehmbares Thermofutter mit 100% Polyesterwattierung. Verbindungssystem zur \u201eC-Dry Tech\u201c-Membran durch einen Rei\u00dfverschluss um die Taille und schnelle Druckkn\u00f6pfe an den Kn\u00f6cheln.<\/li>\n<li>Mikroperforiertes Innenfutter f\u00fcr verbesserte Atmungsaktivit\u00e4t.<\/li>\n<li>Bel\u00fcftungs\u00f6ffnungen im seitlichen Oberschenkelbereich.<\/li>\n<li>Vorgekr\u00fcmmte Knie f\u00fcr mehr Komfort beim Fahren.<\/li>\n<li>Tentex Dehnbares Gewebe unter den Beinen und den oberen Knien f\u00fcr ein entspanntes Gef\u00fchl bei Bewegungen.<\/li>\n<li>Seitliche \u00d6ffnung mit Rei\u00dfverschluss und Klettverschluss am unteren Beinteil.<\/li>\n<li>Taillenanpassungspunkte.<\/li>\n<\/ul>\n<p><strong>Extra:<\/strong><\/p>\n<ul>\n<li>Zwei Au\u00dfentaschen mit Rei\u00dfverschluss.<\/li>\n<li>Komplett abnehmbare, verstellbare Hosentr\u00e4ger.<\/li>\n<li>Rei\u00dfverschluss, um die Jacke mit elastischen Punkten mit der Hose zu verbinden.<\/li>\n<li>Marken-Rei\u00dfverschl\u00fcsse.<\/li>\n<\/ul>\n","protected":false},"excerpt":{"rendered":"<p>Bela Tour\u00a0To Snow\u00a0textilhose motorrad\u00a0f\u00fcr Herren Sicherheit: Abriebfestes Mototex-Au\u00dfenmaterial mit DWR-Behandlung (staub- und wasserabweisend) und wasserdichter und atmungsaktiver PU-Filmbeschichtung. Reflektierende Features<\/p>\n","protected":false},"featured_media":60932,"template":"","meta":[],"product_brand":[],"product_cat":[1566,1567,1518,1569,3258],"product_tag":[1759],"class_list":{"0":"post-61505","1":"product","2":"type-product","3":"status-publish","4":"has-post-thumbnail","6":"product_cat-motorbroek","7":"product_cat-heren-motorbroeken","8":"product_cat-motorkleding","9":"product_cat-textilhosen-mannen","10":"product_cat-toeren","11":"product_tag-textiel-broek","12":"pa_size-2xl-de","13":"pa_size-l-de","14":"pa_size-m-de","15":"pa_size-s-de","16":"pa_size-xl-de","17":"pa_size-xs-de","18":"pa_size-xxs-de","20":"first","21":"outofstock","22":"sale","23":"taxable","24":"shipping-taxable","25":"purchasable","26":"product-type-variable","27":"has-default-attributes"},"_links":{"self":[{"href":"https:\/\/primomoto.es\/de\/wp-json\/wp\/v2\/product\/61505","targetHints":{"allow":["GET"]}}],"collection":[{"href":"https:\/\/primomoto.es\/de\/wp-json\/wp\/v2\/product"}],"about":[{"href":"https:\/\/primomoto.es\/de\/wp-json\/wp\/v2\/types\/product"}],"wp:featuredmedia":[{"embeddable":true,"href":"https:\/\/primomoto.es\/de\/wp-json\/wp\/v2\/media\/60932"}],"wp:attachment":[{"href":"https:\/\/primomoto.es\/de\/wp-json\/wp\/v2\/media?parent=61505"}],"wp:term":[{"taxonomy":"product_brand","embeddable":true,"href":"https:\/\/primomoto.es\/de\/wp-json\/wp\/v2\/product_brand?post=61505"},{"taxonomy":"product_cat","embeddable":true,"href":"https:\/\/primomoto.es\/de\/wp-json\/wp\/v2\/product_cat?post=61505"},{"taxonomy":"product_tag","embeddable":true,"href":"https:\/\/primomoto.es\/de\/wp-json\/wp\/v2\/product_tag?post=61505"}],"curies":[{"name":"wp","href":"https:\/\/api.w.org\/{rel}","templated":true}]}}