{"id":60820,"date":"2021-08-27T14:03:18","date_gmt":"2021-08-27T14:06:29","guid":{"rendered":"https:\/\/primomoto.es\/bela-strip-long-motorrad-rennstiefel-schwarz\/"},"modified":"2023-09-01T09:47:30","modified_gmt":"2023-09-01T09:47:30","slug":"bela-strip-long-motorrad-rennstiefel-schwarz","status":"publish","type":"product","link":"https:\/\/primomoto.es\/de\/bela-strip-long-motorrad-rennstiefel-schwarz\/","title":{"rendered":"Bela Strip Long Motorrad Rennstiefel Schwarz"},"content":{"rendered":"<h2><strong>Bela Strip Long Motorrad Rennstiefel<\/strong><\/h2>\n<p><strong>Technische Information<\/strong><\/p>\n<ul>\n<li>Mikrofaser<\/li>\n<li>Feuchtigkeitsableitendes, weiches und atmungsaktives 3D-Mesh-Futter mit Polyesterfutter<\/li>\n<li>Gummisohle<\/li>\n<li>Harter Fersenschutz<\/li>\n<li>Harter Kn\u00f6chelschutz<\/li>\n<li>Versteifte Zehen<\/li>\n<li>Doppel- und Dreifachstiche verbessern die Haltbarkeit<\/li>\n<li>Das Produkt ist CE-zertifiziert (EN 13634: 2017)<\/li>\n<li>Langer YKK-Rei\u00dfverschluss zum einfachen Anziehen von Stiefeln<\/li>\n<li>Klettverschluss zur Einstellung des Wadenumfangs<\/li>\n<li>Flexible Paneele f\u00fcr Bewegungsfreiheit<\/li>\n<li>Antibakterieller Einsatz sorgt f\u00fcr Frische<\/li>\n<li>Reflektierende Elemente zur Verbesserung der Sichtbarkeit<\/li>\n<li>Austauschbare Schieberegler verl\u00e4ngern die Lebensdauer der Stiefel<\/li>\n<li>Verst\u00e4rkung f\u00fcr Schalthebel<\/li>\n<li>Weiches Finish der oberen Stiefelkante<\/li>\n<\/ul>\n","protected":false},"excerpt":{"rendered":"<p>Eine neue, klassische und erstklassige Erg\u00e4nzung zum Bela-Rennschuh: Bela Strip mit CE-Zertifizierung, Fersen- und Kn\u00f6chelschutz, flexiblen Eins\u00e4tzen und austauschbaren Schiebereglern.<\/p>\n","protected":false},"featured_media":290632,"template":"","meta":[],"product_brand":[],"product_cat":[1524,1520,1518,1526,1522,1519],"product_tag":[1809],"class_list":{"0":"post-60820","1":"product","2":"type-product","3":"status-publish","4":"has-post-thumbnail","6":"product_cat-dames-motorlaarzen","7":"product_cat-heren-motorlaarzen","8":"product_cat-motorkleding","9":"product_cat-rennstiefel-dames","10":"product_cat-rennstiefel-mannen","11":"product_cat-motorstiefel","12":"product_tag-leren-laarzen","13":"pa_size-40-de","14":"pa_size-41-de","15":"pa_size-42-de","16":"pa_size-43-de","17":"pa_size-44-de","18":"pa_size-45-de","19":"pa_size-46-de","21":"first","22":"outofstock","23":"sale","24":"taxable","25":"shipping-taxable","26":"purchasable","27":"product-type-variable","28":"has-default-attributes"},"_links":{"self":[{"href":"https:\/\/primomoto.es\/de\/wp-json\/wp\/v2\/product\/60820","targetHints":{"allow":["GET"]}}],"collection":[{"href":"https:\/\/primomoto.es\/de\/wp-json\/wp\/v2\/product"}],"about":[{"href":"https:\/\/primomoto.es\/de\/wp-json\/wp\/v2\/types\/product"}],"wp:featuredmedia":[{"embeddable":true,"href":"https:\/\/primomoto.es\/de\/wp-json\/wp\/v2\/media\/290632"}],"wp:attachment":[{"href":"https:\/\/primomoto.es\/de\/wp-json\/wp\/v2\/media?parent=60820"}],"wp:term":[{"taxonomy":"product_brand","embeddable":true,"href":"https:\/\/primomoto.es\/de\/wp-json\/wp\/v2\/product_brand?post=60820"},{"taxonomy":"product_cat","embeddable":true,"href":"https:\/\/primomoto.es\/de\/wp-json\/wp\/v2\/product_cat?post=60820"},{"taxonomy":"product_tag","embeddable":true,"href":"https:\/\/primomoto.es\/de\/wp-json\/wp\/v2\/product_tag?post=60820"}],"curies":[{"name":"wp","href":"https:\/\/api.w.org\/{rel}","templated":true}]}}