{"id":55061,"date":"2021-08-06T13:02:11","date_gmt":"2021-08-06T13:02:11","guid":{"rendered":"https:\/\/primomoto.es\/bela-transformator-tourenjacke-grau-schwarz-blau\/"},"modified":"2023-08-30T13:28:01","modified_gmt":"2023-08-30T13:28:01","slug":"bela-transformator-motorrad-tourenjacke-grau-schwarz-blau","status":"publish","type":"product","link":"https:\/\/primomoto.es\/de\/bela-transformator-motorrad-tourenjacke-grau-schwarz-blau\/","title":{"rendered":"Bela Transformer Tourenjacken Grau\/Schwarz\/Blau"},"content":{"rendered":"<h2><strong>Bela Transformer Wasserdichte\u00a0<\/strong>Motorrad Tourenjacke<\/h2>\n<p><strong>Beschreibung:<\/strong><\/p>\n<ul>\n<li>Au\u00dfenschale mototex 600D mit 1680D Schutzgewebe an Schultern und Ellbogen<\/li>\n<li>Abnehmbarer Halsmantel<\/li>\n<li>CE-R\u00fcstung mit Hi-Density-Schaum-R\u00fcckenpolster (Vorbereitet f\u00fcr optionalen D30 CE Level 2 R\u00fcckenprotektor)<\/li>\n<li>Herausnehmbares wasserdichtes Futter.<\/li>\n<li>Herausnehmbares Thermo-Steppfutter<\/li>\n<li>Verdeckte Brustbel\u00fcftungseins\u00e4tze, Armbel\u00fcftungen und gro\u00dfe hintere Abluft\u00f6ffnungen<\/li>\n<li>Komfort-Innenfutter aus Poly-Mesh<\/li>\n<li>Trinkrucksack Tasche<\/li>\n<li>Reflektierender Druck vorne und hinten f\u00fcr Sichtbarkeit bei schlechten Lichtverh\u00e4ltnissen<\/li>\n<li>Arm- und Taillenversteller f\u00fcr optimale Passform<\/li>\n<li>Stretcheins\u00e4tze an Schulter und Ellenbogen<\/li>\n<li>Mehrere Aufbewahrungstaschen + Handw\u00e4rmertaschen.<\/li>\n<li>Taillen-Expander-Rei\u00dfverschl\u00fcsse<\/li>\n<li>Hosenverbindungsrei\u00dfverschluss<\/li>\n<\/ul>\n","protected":false},"excerpt":{"rendered":"<p>Bela Transformer Wasserdichte\u00a0Motorrad Tourenjacke Beschreibung: Au\u00dfenschale mototex 600D mit 1680D Schutzgewebe an Schultern und Ellbogen Abnehmbarer Halsmantel CE-R\u00fcstung mit Hi-Density-Schaum-R\u00fcckenpolster<\/p>\n","protected":false},"featured_media":55033,"template":"","meta":[],"product_brand":[],"product_cat":[1541,1542,1518,1544],"product_tag":[2642,1759],"class_list":{"0":"post-55061","1":"product","2":"type-product","3":"status-publish","4":"has-post-thumbnail","6":"product_cat-motorradjacken","7":"product_cat-heren-motorjassen","8":"product_cat-motorkleding","9":"product_cat-heren-textiljacken","10":"product_tag-pantalon-de-hombre-de-2","11":"product_tag-textiel-broek","12":"pa_size-46-de","13":"pa_size-48-de","14":"pa_size-50-de","15":"pa_size-52-de","16":"pa_size-54-de","17":"pa_size-56-de","18":"pa_size-58-de","19":"pa_size-60-de","20":"pa_size-62-de","21":"pa_size-64-de","23":"first","24":"outofstock","25":"sale","26":"taxable","27":"shipping-taxable","28":"purchasable","29":"product-type-variable","30":"has-default-attributes"},"_links":{"self":[{"href":"https:\/\/primomoto.es\/de\/wp-json\/wp\/v2\/product\/55061","targetHints":{"allow":["GET"]}}],"collection":[{"href":"https:\/\/primomoto.es\/de\/wp-json\/wp\/v2\/product"}],"about":[{"href":"https:\/\/primomoto.es\/de\/wp-json\/wp\/v2\/types\/product"}],"wp:featuredmedia":[{"embeddable":true,"href":"https:\/\/primomoto.es\/de\/wp-json\/wp\/v2\/media\/55033"}],"wp:attachment":[{"href":"https:\/\/primomoto.es\/de\/wp-json\/wp\/v2\/media?parent=55061"}],"wp:term":[{"taxonomy":"product_brand","embeddable":true,"href":"https:\/\/primomoto.es\/de\/wp-json\/wp\/v2\/product_brand?post=55061"},{"taxonomy":"product_cat","embeddable":true,"href":"https:\/\/primomoto.es\/de\/wp-json\/wp\/v2\/product_cat?post=55061"},{"taxonomy":"product_tag","embeddable":true,"href":"https:\/\/primomoto.es\/de\/wp-json\/wp\/v2\/product_tag?post=55061"}],"curies":[{"name":"wp","href":"https:\/\/api.w.org\/{rel}","templated":true}]}}