{"id":54638,"date":"2021-08-06T09:48:35","date_gmt":"2021-08-06T09:48:35","guid":{"rendered":"https:\/\/primomoto.es\/bela-cross-road-extreme-wp-motorrad-tourenjacke-fuer-herren-schwarz-gelb-fluor\/"},"modified":"2021-12-02T08:07:52","modified_gmt":"2021-12-02T08:07:52","slug":"bela-cross-road-wp-motorrad-tourenjacke-fur-herren-schwarz-gelb-fluor","status":"publish","type":"product","link":"https:\/\/primomoto.es\/de\/bela-cross-road-wp-motorrad-tourenjacke-fur-herren-schwarz-gelb-fluor\/","title":{"rendered":"Bela Cross Road Extreme WP Motorrad Tourenjacke f\u00fcr Herren Schwarz \/ Gelb Fluor"},"content":{"rendered":"<h2><strong>Motorrad Tourenjacke f\u00fcr Herren &#8211; Bela Cross Road\u00a0<\/strong>Extreme WP<\/h2>\n<p><strong>Beschreibung:<\/strong><\/p>\n<ul>\n<li>Au\u00dfenmaterial: 600D Nylon<\/li>\n<li>Schulter- und Ellbogenverst\u00e4rkungen: 1680D Polyester<\/li>\n<li>Futter: 100 % Polyester<\/li>\n<li>Abnehmbarer wasserdichter Liner<\/li>\n<li>Abnehmbares Thermofutter<\/li>\n<li>CE-zertifizierte Schulter- und Ellbogenprotektoren<\/li>\n<li>Hauptverschluss: Marken-Vislon-Rei\u00dfverschluss und Metallknopfriemen.<\/li>\n<li>Bel\u00fcftungssystem: zwei Rei\u00dfverschluss\u00f6ffnungen vorne und zwei Rei\u00dfverschluss\u00f6ffnungen hinten an den Schultern, zwei \u00d6ffnungen an den \u00c4rmeln.<\/li>\n<li>Rei\u00dfverschluss\u00f6ffnungen zur Bel\u00fcftung unter den Brusttaschen.<\/li>\n<li>Vier Au\u00dfentaschen vorne, mit Druckknopf und Klettverschluss befestigt<\/li>\n<li>Eine gro\u00dfe Au\u00dfentasche auf der R\u00fcckseite<\/li>\n<li>Abnehmbare \u00c4rmel.<\/li>\n<\/ul>\n","protected":false},"excerpt":{"rendered":"<p>Motorrad Tourenjacke f\u00fcr Herren &#8211; Bela Cross Road\u00a0Extreme WP Beschreibung: Au\u00dfenmaterial: 600D Nylon Schulter- und Ellbogenverst\u00e4rkungen: 1680D Polyester Futter: 100<\/p>\n","protected":false},"featured_media":54612,"template":"","meta":[],"product_brand":[],"product_cat":[1541,1542,1518,1544,3258],"product_tag":[2642,1759],"class_list":{"0":"post-54638","1":"product","2":"type-product","3":"status-publish","4":"has-post-thumbnail","6":"product_cat-motorradjacken","7":"product_cat-heren-motorjassen","8":"product_cat-motorkleding","9":"product_cat-heren-textiljacken","10":"product_cat-toeren","11":"product_tag-pantalon-de-hombre-de-2","12":"product_tag-textiel-broek","13":"pa_size-46-de","14":"pa_size-48-de","15":"pa_size-50-de","16":"pa_size-52-de","17":"pa_size-54-de","18":"pa_size-56-de","19":"pa_size-58-de","20":"pa_size-60-de","21":"pa_size-62-de","22":"pa_size-64-de","24":"first","25":"outofstock","26":"sale","27":"taxable","28":"shipping-taxable","29":"purchasable","30":"product-type-variable","31":"has-default-attributes"},"_links":{"self":[{"href":"https:\/\/primomoto.es\/de\/wp-json\/wp\/v2\/product\/54638","targetHints":{"allow":["GET"]}}],"collection":[{"href":"https:\/\/primomoto.es\/de\/wp-json\/wp\/v2\/product"}],"about":[{"href":"https:\/\/primomoto.es\/de\/wp-json\/wp\/v2\/types\/product"}],"wp:featuredmedia":[{"embeddable":true,"href":"https:\/\/primomoto.es\/de\/wp-json\/wp\/v2\/media\/54612"}],"wp:attachment":[{"href":"https:\/\/primomoto.es\/de\/wp-json\/wp\/v2\/media?parent=54638"}],"wp:term":[{"taxonomy":"product_brand","embeddable":true,"href":"https:\/\/primomoto.es\/de\/wp-json\/wp\/v2\/product_brand?post=54638"},{"taxonomy":"product_cat","embeddable":true,"href":"https:\/\/primomoto.es\/de\/wp-json\/wp\/v2\/product_cat?post=54638"},{"taxonomy":"product_tag","embeddable":true,"href":"https:\/\/primomoto.es\/de\/wp-json\/wp\/v2\/product_tag?post=54638"}],"curies":[{"name":"wp","href":"https:\/\/api.w.org\/{rel}","templated":true}]}}