{"id":51901,"date":"2021-07-15T06:17:30","date_gmt":"2021-07-15T06:24:22","guid":{"rendered":"https:\/\/primomoto.es\/bela-junior-wasserdichter-motorrad-stiefel-schwarz\/"},"modified":"2023-09-01T09:24:01","modified_gmt":"2023-09-01T09:24:01","slug":"bela-junior-wasserdichter-motorrad-stiefel-schwarz","status":"publish","type":"product","link":"https:\/\/primomoto.es\/de\/bela-junior-wasserdichter-motorrad-stiefel-schwarz\/","title":{"rendered":"Bela Junior wasserdichter Motorradstiefel Schwarz"},"content":{"rendered":"<h2>Bela Junior WP Touring Motorradstiefel<\/h2>\n<p>Bela Junior Touring Motorradstiefel k\u00f6nnen mit zwei Worten beschrieben werden: Komfort und Schutz. Unsere Junior-Stiefel sind mit 2 Schnallen , um den perfekten Griff des Fu\u00dfes einzustellen. Das weiche Innenmaterial und die 100% Gummisohle geben Ihnen das Gef\u00fchl von Komfort, das Sie in einem hohen Stiefel nicht finden k\u00f6nnen. Wir haben eine gro\u00dfe Auswahl an Gr\u00f6\u00dfen in Schwarz und Braun.<\/p>\n<p><strong>Technische Spezifikationen:<\/strong><\/p>\n<ul>\n<li>Mikrofaser<\/li>\n<li>Wasserdicht<\/li>\n<li>Kn\u00f6chelschutz.<\/li>\n<li>Zwei verstellbare Schnallen.<\/li>\n<li>CE-Zulassung.<\/li>\n<li>Einseitiger Rei\u00dfverschluss.<\/li>\n<li>Klappe mit Klettverschluss.<\/li>\n<li>Akkordeon vorne und hinten f\u00fcr leichte Bewegung.<\/li>\n<li>Weiches Polyesterfutter<\/li>\n<li>Verst\u00e4rkte Ferse f\u00fcr besseren Halt und Kn\u00f6chelschutz auf zwei Seiten<\/li>\n<li>100% Gummisohle<\/li>\n<\/ul>\n","protected":false},"excerpt":{"rendered":"<p>Bela Junior WP touring motorcycle boots are made of special premium leather. These boots are available in black and brown and are available in all sizes.<\/p>\n","protected":false},"featured_media":51882,"template":"","meta":[],"product_brand":[],"product_cat":[1520,1518,1519,3258,1523],"product_tag":[1815,1814],"class_list":{"0":"post-51901","1":"product","2":"type-product","3":"status-publish","4":"has-post-thumbnail","6":"product_cat-heren-motorlaarzen","7":"product_cat-motorkleding","8":"product_cat-motorstiefel","9":"product_cat-toeren","10":"product_cat-tourenstiefel-mannen","11":"product_tag-botas-de-touring-de","12":"product_tag-heren-laarzen","13":"pa_size-38-de","14":"pa_size-39-de","15":"pa_size-40-de","16":"pa_size-41-de","17":"pa_size-42-de","18":"pa_size-43-de","19":"pa_size-44-de","20":"pa_size-45-de","21":"pa_size-46-de","22":"pa_size-47-de","23":"pa_size-48-de","25":"first","26":"outofstock","27":"sale","28":"taxable","29":"shipping-taxable","30":"purchasable","31":"product-type-variable","32":"has-default-attributes"},"_links":{"self":[{"href":"https:\/\/primomoto.es\/de\/wp-json\/wp\/v2\/product\/51901","targetHints":{"allow":["GET"]}}],"collection":[{"href":"https:\/\/primomoto.es\/de\/wp-json\/wp\/v2\/product"}],"about":[{"href":"https:\/\/primomoto.es\/de\/wp-json\/wp\/v2\/types\/product"}],"wp:featuredmedia":[{"embeddable":true,"href":"https:\/\/primomoto.es\/de\/wp-json\/wp\/v2\/media\/51882"}],"wp:attachment":[{"href":"https:\/\/primomoto.es\/de\/wp-json\/wp\/v2\/media?parent=51901"}],"wp:term":[{"taxonomy":"product_brand","embeddable":true,"href":"https:\/\/primomoto.es\/de\/wp-json\/wp\/v2\/product_brand?post=51901"},{"taxonomy":"product_cat","embeddable":true,"href":"https:\/\/primomoto.es\/de\/wp-json\/wp\/v2\/product_cat?post=51901"},{"taxonomy":"product_tag","embeddable":true,"href":"https:\/\/primomoto.es\/de\/wp-json\/wp\/v2\/product_tag?post=51901"}],"curies":[{"name":"wp","href":"https:\/\/api.w.org\/{rel}","templated":true}]}}