{"id":49826,"date":"2021-07-07T11:48:11","date_gmt":"2021-07-07T11:53:05","guid":{"rendered":"https:\/\/primomoto.es\/bela-boston-herren-wachsbeschichtete-jeans-schwarz\/"},"modified":"2023-10-06T12:09:13","modified_gmt":"2023-10-06T12:09:13","slug":"bela-boston-herren-wachsbeschichtete-jeans-schwarz","status":"publish","type":"product","link":"https:\/\/primomoto.es\/de\/bela-boston-herren-wachsbeschichtete-jeans-schwarz\/","title":{"rendered":"Bela Boston Men Wachsbeschichtete Jeans Schwarz"},"content":{"rendered":"<h2><strong>Bela Boston Herren Motorradjeans<\/strong><\/h2>\n<p><strong>Produktinformation:<\/strong><\/p>\n<p>Die Boston \u201edunkelblaue\u201c Motorradjeans ist Teil der neuesten Bela Jeans Brand Collection. Der Jeansstil der Boston Men besteht aus bestem Baumwoll- und Elasthan-Stoff. Dar\u00fcber hinaus sorgen die zus\u00e4tzlichen DuPont Aramid-Gewebeverst\u00e4rkungen f\u00fcr eine hervorragende Abriebfestigkeit, ohne den Komfort und die Elastizit\u00e4t zu beeintr\u00e4chtigen. Die CE-gepr\u00fcften Knie- und Oberschenkelprotektoren \u201eEN 1621-1: 2012\u201c sind beim Fahren \/ Gehen schwer zu erkennen, bieten jedoch den besten Schutz bei ungl\u00fccklichen Pannen w\u00e4hrend der Fahrt.<\/p>\n<p><strong>Schalenstoff:<\/strong><\/p>\n<ul>\n<li>12,5 Unzen Stretch Denim<\/li>\n<li>Hergestellt aus 98% Baumwolle und 2% Elasthan.<\/li>\n<li>Dunkelblaue Farbe<\/li>\n<\/ul>\n<p><strong>Schutz:<\/strong><\/p>\n<ul>\n<li>Abnehmbarer Schutz an Knien und Oberschenkel mit Zertifizierung CE EN 1621-1: 2012.<\/li>\n<li>Der Schutz kann leicht entfernt werden, indem einfach der vordere Knieklettverschluss ge\u00f6ffnet wird.<\/li>\n<\/ul>\n<p><strong>Komfort:<\/strong><\/p>\n<ul>\n<li>Innenfutter aus DuPont Aramid-Gewebe, das gezielt platziert wurde, um eine hervorragende Abriebfestigkeit und Best\u00e4ndigkeit zu gew\u00e4hrleisten.<\/li>\n<li>Innenfutter aus 100% Polyester-Mesh f\u00fcr verbesserte Atmungsaktivit\u00e4t und Komfort.<\/li>\n<li>Beste Passform im regul\u00e4ren Schnitt.<\/li>\n<li>YKK\u00ae Rei\u00dfverschl\u00fcsse<\/li>\n<li>Mit zus\u00e4tzlicher Protector Bag.<\/li>\n<\/ul>\n","protected":false},"excerpt":{"rendered":"<p>Bela Boston Herren Motorradjeans Produktinformation: Die Boston \u201edunkelblaue\u201c Motorradjeans ist Teil der neuesten Bela Jeans Brand Collection. Der Jeansstil der<\/p>\n","protected":false},"featured_media":49801,"template":"","meta":[],"product_brand":[],"product_cat":[1753,1752,1751,1518],"product_tag":[1754,1780],"class_list":{"0":"post-49826","1":"product","2":"type-product","3":"status-publish","4":"has-post-thumbnail","6":"product_cat-jeans","7":"product_cat-mannen","8":"product_cat-motordenim","9":"product_cat-motorkleding","10":"product_tag-heren-denim","11":"product_tag-vaqueros-touring-de","12":"pa_size-30-de","13":"pa_size-32-de","14":"pa_size-34-de","15":"pa_size-36-de","16":"pa_size-38-de","17":"pa_size-40-de","19":"first","20":"outofstock","21":"sale","22":"taxable","23":"shipping-taxable","24":"purchasable","25":"product-type-variable","26":"has-default-attributes"},"_links":{"self":[{"href":"https:\/\/primomoto.es\/de\/wp-json\/wp\/v2\/product\/49826","targetHints":{"allow":["GET"]}}],"collection":[{"href":"https:\/\/primomoto.es\/de\/wp-json\/wp\/v2\/product"}],"about":[{"href":"https:\/\/primomoto.es\/de\/wp-json\/wp\/v2\/types\/product"}],"wp:featuredmedia":[{"embeddable":true,"href":"https:\/\/primomoto.es\/de\/wp-json\/wp\/v2\/media\/49801"}],"wp:attachment":[{"href":"https:\/\/primomoto.es\/de\/wp-json\/wp\/v2\/media?parent=49826"}],"wp:term":[{"taxonomy":"product_brand","embeddable":true,"href":"https:\/\/primomoto.es\/de\/wp-json\/wp\/v2\/product_brand?post=49826"},{"taxonomy":"product_cat","embeddable":true,"href":"https:\/\/primomoto.es\/de\/wp-json\/wp\/v2\/product_cat?post=49826"},{"taxonomy":"product_tag","embeddable":true,"href":"https:\/\/primomoto.es\/de\/wp-json\/wp\/v2\/product_tag?post=49826"}],"curies":[{"name":"wp","href":"https:\/\/api.w.org\/{rel}","templated":true}]}}