{"id":47745,"date":"2021-06-22T05:02:53","date_gmt":"2021-06-22T05:04:40","guid":{"rendered":"https:\/\/primomoto.es\/bela-transformer-motorrad-touring-hose-schwarz-rot\/"},"modified":"2023-10-05T12:14:33","modified_gmt":"2023-10-05T12:14:33","slug":"bela-transformator-touring-broek-zwart-rood","status":"publish","type":"product","link":"https:\/\/primomoto.es\/de\/bela-transformator-touring-broek-zwart-rood\/","title":{"rendered":"Bela Transformer Motorrad-Tourenhose Zwart\/Rood"},"content":{"rendered":"<h2>Bela Transformer Motorrad Touring Hose<\/h2>\n<p><strong>Sicherheit:<\/strong><\/p>\n<ul>\n<li>Abriebfestes Mototex-Au\u00dfenmaterial mit DWR-Behandlung (staub- und wasserabweisend) und<\/li>\n<li>wasserdichter und atmungsaktiver PU-Folienbeschichtung.<\/li>\n<li>Reflektierende Merkmale an den Seiten und am Unterschenkel f\u00fcr bessere Sichtbarkeit.<\/li>\n<li>Abnehmbare Kniesch\u00fctzer mit CE-Zulassung.<\/li>\n<\/ul>\n<p><strong>Komfort:<\/strong><\/p>\n<ul>\n<li>Hochatmbare, abnehmbare wasserdichte \u201eC-Dry Tech\u201c -Membran. Verbindungssystem mit der Hose durch einen Rei\u00dfverschluss um die Taille und schnelle Druckkn\u00f6pfe an den Kn\u00f6cheln.<\/li>\n<li>Abnehmbares Thermofutter mit 100% Polyesterpolsterung. Verbindungssystem mit der \u201eC-Dry Tech\u201c -Membran durch einen Rei\u00dfverschluss um die Taille und schnelle Druckkn\u00f6pfe an den Kn\u00f6cheln.<\/li>\n<li>Mikroperforiertes Innenfutter f\u00fcr verbesserte Atmungsaktivit\u00e4t.<\/li>\n<li>Bel\u00fcftungs\u00f6ffnungen im Oberschenkelbereich.<\/li>\n<li>Vorgekr\u00fcmmte Knie bieten mehr Komfort beim Fahren.<\/li>\n<li>Tentex Dehnbarer Stoff unter den Beinen und den oberen Knien, um sich bei Bewegungen entspannt zu f\u00fchlen.<\/li>\n<li>Seitliche \u00d6ffnung mit Rei\u00dfverschluss und Klettverschluss am unteren Teil des Beins.<\/li>\n<li>Taillenverstellpunkte.<\/li>\n<\/ul>\n<p><strong>Extra:<\/strong><\/p>\n<ul>\n<li>Zwei Au\u00dfentaschen mit Rei\u00dfverschluss.<\/li>\n<li>Komplett abnehmbare, verstellbare Zahnspangen.<\/li>\n<li>Rei\u00dfverschluss, um die Jacke mit elastischen Spitzen an der Hose zu befestigen.<\/li>\n<li>Markenrei\u00dfverschl\u00fcsse.<\/li>\n<\/ul>\n","protected":false},"excerpt":{"rendered":"<p>Bela Transformer Motorrad Touring Hose Sicherheit: Abriebfestes Mototex-Au\u00dfenmaterial mit DWR-Behandlung (staub- und wasserabweisend) und wasserdichter und atmungsaktiver PU-Folienbeschichtung. Reflektierende Merkmale<\/p>\n","protected":false},"featured_media":47731,"template":"","meta":[],"product_brand":[],"product_cat":[1566,1567,1518,1569,3258],"product_tag":[2010,1798],"class_list":{"0":"post-47745","1":"product","2":"type-product","3":"status-publish","4":"has-post-thumbnail","6":"product_cat-motorbroek","7":"product_cat-heren-motorbroeken","8":"product_cat-motorkleding","9":"product_cat-textilhosen-mannen","10":"product_cat-toeren","11":"product_tag-pantaloni-in-tessuto-da-uomo-de","12":"product_tag-touring-broek","13":"pa_size-2xl-de","14":"pa_size-3xl-de","15":"pa_size-4xl-de","16":"pa_size-5xl-de","17":"pa_size-l-de","18":"pa_size-m-de","19":"pa_size-s-de","20":"pa_size-xl-de","21":"pa_size-xs-de","23":"first","24":"outofstock","25":"sale","26":"taxable","27":"shipping-taxable","28":"purchasable","29":"product-type-variable","30":"has-default-attributes"},"_links":{"self":[{"href":"https:\/\/primomoto.es\/de\/wp-json\/wp\/v2\/product\/47745","targetHints":{"allow":["GET"]}}],"collection":[{"href":"https:\/\/primomoto.es\/de\/wp-json\/wp\/v2\/product"}],"about":[{"href":"https:\/\/primomoto.es\/de\/wp-json\/wp\/v2\/types\/product"}],"wp:featuredmedia":[{"embeddable":true,"href":"https:\/\/primomoto.es\/de\/wp-json\/wp\/v2\/media\/47731"}],"wp:attachment":[{"href":"https:\/\/primomoto.es\/de\/wp-json\/wp\/v2\/media?parent=47745"}],"wp:term":[{"taxonomy":"product_brand","embeddable":true,"href":"https:\/\/primomoto.es\/de\/wp-json\/wp\/v2\/product_brand?post=47745"},{"taxonomy":"product_cat","embeddable":true,"href":"https:\/\/primomoto.es\/de\/wp-json\/wp\/v2\/product_cat?post=47745"},{"taxonomy":"product_tag","embeddable":true,"href":"https:\/\/primomoto.es\/de\/wp-json\/wp\/v2\/product_tag?post=47745"}],"curies":[{"name":"wp","href":"https:\/\/api.w.org\/{rel}","templated":true}]}}