{"id":47457,"date":"2021-06-18T10:08:16","date_gmt":"2021-06-18T10:10:07","guid":{"rendered":"https:\/\/primomoto.es\/bela-drift-lady-motorrad-textilhandschuhe-schwarz\/"},"modified":"2023-08-17T13:48:14","modified_gmt":"2023-08-17T13:48:14","slug":"bela-drift-lady-motorfiets-textiel-handschoenen-zwart","status":"publish","type":"product","link":"https:\/\/primomoto.es\/de\/bela-drift-lady-motorfiets-textiel-handschoenen-zwart\/","title":{"rendered":"Bela Drift Lady Textilhandschuhe Zwart"},"content":{"rendered":"<h2>Bela Drift Motorrad Textilhandschuhe damen<\/h2>\n<p><strong>Beschreibung:<\/strong><\/p>\n<ul>\n<li>Textilhandschuhe.<\/li>\n<li>Weiches Polyesterfutter innen am Handr\u00fccken.<\/li>\n<li>Clarino verst\u00e4rkte Schichten f\u00fcr besseren Schutz.<\/li>\n<li>Keder aus Kunstleder.<\/li>\n<li>TPR-Schutz.<\/li>\n<li>Kn\u00f6chelschutz zur Verbesserung der Sicherheit.<\/li>\n<li>Geschwungene Form f\u00fcr angenehme Passform.<\/li>\n<li>Verstellbarer Klettverschluss an der Manschette aus weichem Stoff f\u00fcr besseren Komfort.<\/li>\n<\/ul>\n","protected":false},"excerpt":{"rendered":"<p>Bela Drift Motorrad Textilhandschuhe damen Beschreibung: Textilhandschuhe. Weiches Polyesterfutter innen am Handr\u00fccken. Clarino verst\u00e4rkte Schichten f\u00fcr besseren Schutz. Keder aus<\/p>\n","protected":false},"featured_media":47445,"template":"","meta":[],"product_brand":[],"product_cat":[1548,1549,1518,3258,1552],"product_tag":[1856,2003],"class_list":{"0":"post-47457","1":"product","2":"type-product","3":"status-publish","4":"has-post-thumbnail","6":"product_cat-motorrad-handschuhe","7":"product_cat-heren-motorhandschoenen","8":"product_cat-motorkleding","9":"product_cat-toeren","10":"product_cat-tourenhandschuhe-mannen","11":"product_tag-tourhandschoenen","12":"product_tag-vrouwen-handschoenen-de","13":"pa_size-2xl-de","14":"pa_size-l-de","15":"pa_size-m-de","16":"pa_size-s-de","17":"pa_size-xl-de","18":"pa_size-xs-de","19":"pa_size-xxs-de","21":"first","22":"outofstock","23":"sale","24":"taxable","25":"shipping-taxable","26":"purchasable","27":"product-type-variable","28":"has-default-attributes"},"_links":{"self":[{"href":"https:\/\/primomoto.es\/de\/wp-json\/wp\/v2\/product\/47457","targetHints":{"allow":["GET"]}}],"collection":[{"href":"https:\/\/primomoto.es\/de\/wp-json\/wp\/v2\/product"}],"about":[{"href":"https:\/\/primomoto.es\/de\/wp-json\/wp\/v2\/types\/product"}],"wp:featuredmedia":[{"embeddable":true,"href":"https:\/\/primomoto.es\/de\/wp-json\/wp\/v2\/media\/47445"}],"wp:attachment":[{"href":"https:\/\/primomoto.es\/de\/wp-json\/wp\/v2\/media?parent=47457"}],"wp:term":[{"taxonomy":"product_brand","embeddable":true,"href":"https:\/\/primomoto.es\/de\/wp-json\/wp\/v2\/product_brand?post=47457"},{"taxonomy":"product_cat","embeddable":true,"href":"https:\/\/primomoto.es\/de\/wp-json\/wp\/v2\/product_cat?post=47457"},{"taxonomy":"product_tag","embeddable":true,"href":"https:\/\/primomoto.es\/de\/wp-json\/wp\/v2\/product_tag?post=47457"}],"curies":[{"name":"wp","href":"https:\/\/api.w.org\/{rel}","templated":true}]}}