{"id":47221,"date":"2021-06-18T06:59:18","date_gmt":"2021-06-18T07:01:00","guid":{"rendered":"https:\/\/primomoto.es\/bela-drift-man-motorrad-textilhandschuhe-schwarz-grau\/"},"modified":"2023-08-17T13:36:41","modified_gmt":"2023-08-17T13:36:41","slug":"bela-drift-heren-motorfietshandschoenen-textiel-zwart-grijs","status":"publish","type":"product","link":"https:\/\/primomoto.es\/de\/bela-drift-heren-motorfietshandschoenen-textiel-zwart-grijs\/","title":{"rendered":"Bela Drift Men Textilhandschuhe Zwart\/Grijs"},"content":{"rendered":"<h2>Bela Drift\u00a0Motorrad Textilhandschuhe herren<\/h2>\n<p><strong>Beschreibung:<\/strong><\/p>\n<ul>\n<li>Textilhandschuhe.<\/li>\n<li>Weiches Polyesterfutter innen am Handr\u00fccken.<\/li>\n<li>Clarino verst\u00e4rkte Schichten f\u00fcr besseren Schutz.<\/li>\n<li>Keder aus Kunstleder.<\/li>\n<li>TPR-Schutz.<\/li>\n<li>Kn\u00f6chelschutz zur Verbesserung der Sicherheit.<\/li>\n<li>Geschwungene Form f\u00fcr angenehme Passform.<\/li>\n<li>Verstellbarer Klettverschluss an der Manschette aus weichem Stoff f\u00fcr besseren Komfort.<\/li>\n<\/ul>\n","protected":false},"excerpt":{"rendered":"<p>Bela Drift\u00a0Motorrad Textilhandschuhe herren Beschreibung: Textilhandschuhe. Weiches Polyesterfutter innen am Handr\u00fccken. Clarino verst\u00e4rkte Schichten f\u00fcr besseren Schutz. Keder aus Kunstleder.<\/p>\n","protected":false},"featured_media":47209,"template":"","meta":[],"product_brand":[],"product_cat":[1548,1549,1518,3258,1552],"product_tag":[1998,1996],"class_list":{"0":"post-47221","1":"product","2":"type-product","3":"status-publish","4":"has-post-thumbnail","6":"product_cat-motorrad-handschuhe","7":"product_cat-heren-motorhandschoenen","8":"product_cat-motorkleding","9":"product_cat-toeren","10":"product_cat-tourenhandschuhe-mannen","11":"product_tag-guante-de-turismo-de","12":"product_tag-guanto-da-uomo-de","13":"pa_size-2xl-de","14":"pa_size-3xl-de","15":"pa_size-l-de","16":"pa_size-m-de","17":"pa_size-s-de","18":"pa_size-xl-de","20":"first","21":"outofstock","22":"sale","23":"taxable","24":"shipping-taxable","25":"purchasable","26":"product-type-variable","27":"has-default-attributes"},"_links":{"self":[{"href":"https:\/\/primomoto.es\/de\/wp-json\/wp\/v2\/product\/47221","targetHints":{"allow":["GET"]}}],"collection":[{"href":"https:\/\/primomoto.es\/de\/wp-json\/wp\/v2\/product"}],"about":[{"href":"https:\/\/primomoto.es\/de\/wp-json\/wp\/v2\/types\/product"}],"wp:featuredmedia":[{"embeddable":true,"href":"https:\/\/primomoto.es\/de\/wp-json\/wp\/v2\/media\/47209"}],"wp:attachment":[{"href":"https:\/\/primomoto.es\/de\/wp-json\/wp\/v2\/media?parent=47221"}],"wp:term":[{"taxonomy":"product_brand","embeddable":true,"href":"https:\/\/primomoto.es\/de\/wp-json\/wp\/v2\/product_brand?post=47221"},{"taxonomy":"product_cat","embeddable":true,"href":"https:\/\/primomoto.es\/de\/wp-json\/wp\/v2\/product_cat?post=47221"},{"taxonomy":"product_tag","embeddable":true,"href":"https:\/\/primomoto.es\/de\/wp-json\/wp\/v2\/product_tag?post=47221"}],"curies":[{"name":"wp","href":"https:\/\/api.w.org\/{rel}","templated":true}]}}