{"id":46535,"date":"2021-01-04T11:52:08","date_gmt":"2021-06-10T12:01:52","guid":{"rendered":"https:\/\/primomoto.es\/r-tech-robo-lady-motorradhandschuhe-fuer-frauen-zwart\/"},"modified":"2023-08-12T13:49:11","modified_gmt":"2023-08-12T13:49:11","slug":"r-tech-robo-lady-motorfiets-racing-handschoen-zwart","status":"publish","type":"product","link":"https:\/\/primomoto.es\/de\/r-tech-robo-lady-motorfiets-racing-handschoen-zwart\/","title":{"rendered":"R-Tech Robo Lady Motorrad-Rennhandschuhe zwart"},"content":{"rendered":"<h2>R-Tech Robo Motorrad-Rennhandschuhe<\/h2>\n<p>Diese Handschuhe, die Griffigkeit und Schutz vereinen, bestehen aus hochwertigem Rindsleder in Kombination mit weichem Polyester, was sie sehr bequem macht und \u00fcber Anpassungen f\u00fcr besseres Fahren verf\u00fcgt.<\/p>\n<p><strong>Technische Beschreibung :<\/strong><\/p>\n<ul>\n<li>Lange Rennhandschuhe aus verst\u00e4rktem Rindsleder f\u00fcr mehr Sicherheit gegen Abrieb.<\/li>\n<li>Weiches Innenfutter aus Polyester.<\/li>\n<li>Verst\u00e4rkungen in der Handfl\u00e4che.<\/li>\n<li>Touch, kompatibel f\u00fcr den mobilen Einsatz.<\/li>\n<li>Finger- und Kn\u00f6chelschutz.<\/li>\n<li>Knox auf der Handfl\u00e4che f\u00fcr zus\u00e4tzlichen Schutz.<\/li>\n<li>Akkordeon auf dem Handr\u00fccken und den Fingern zur Bewegung.<\/li>\n<li>Geschwungene Form, die sich dem Handgelenk anpasst.<\/li>\n<li>Verstellbarer Klettverschluss.<\/li>\n<li>TPR-Klettverschluss mit TPU-Handgelenkschutz.<\/li>\n<li>CE-gepr\u00fcft.<\/li>\n<\/ul>\n","protected":false},"excerpt":{"rendered":"<p>&nbsp;<\/p>\n<div id=\"product-description-short-417\" class=\"rte-content\">\n<p>R-Tech Robo-handschoenen kunnen gemakkelijk de beste optie zijn voor rijders, omdat ze CE-goedgekeurd zijn en versterkt rundleer hebben voor meer veiligheid.<\/p>\n<\/div>\n<div class=\"product-actions\">\n<form id=\"add-to-cart-or-refresh\" action=\"https:\/\/maximo-moto.com\/gb\/cart\" method=\"post\">\n<div class=\"product-variants\">\n<div class=\"clearfix product-variants-item\"><\/div>\n<\/div>\n<\/form>\n<\/div>\n<div id=\"gtx-trans\" style=\"position: absolute; left: -30px; top: 31.7569px;\">\n<div class=\"gtx-trans-icon\"><\/div>\n<\/div>\n","protected":false},"featured_media":14588,"template":"","meta":[],"product_brand":[],"product_cat":[1553,1548,1518,3268,1555],"product_tag":[1873,1874],"class_list":{"0":"post-46535","1":"product","2":"type-product","3":"status-publish","4":"has-post-thumbnail","6":"product_cat-dames-motorhandschoenen","7":"product_cat-motorrad-handschuhe","8":"product_cat-motorkleding","9":"product_cat-racen","10":"product_cat-rennhandschuhe-dames","11":"product_tag-racehandschoenen-voor-dames","12":"product_tag-vrouwen-lederen-handschoen","13":"pa_size-2xl-de","14":"pa_size-3xl-de","15":"pa_size-l-de","16":"pa_size-xl-de","18":"first","19":"outofstock","20":"sale","21":"taxable","22":"shipping-taxable","23":"purchasable","24":"product-type-variable","25":"has-default-attributes"},"_links":{"self":[{"href":"https:\/\/primomoto.es\/de\/wp-json\/wp\/v2\/product\/46535","targetHints":{"allow":["GET"]}}],"collection":[{"href":"https:\/\/primomoto.es\/de\/wp-json\/wp\/v2\/product"}],"about":[{"href":"https:\/\/primomoto.es\/de\/wp-json\/wp\/v2\/types\/product"}],"wp:featuredmedia":[{"embeddable":true,"href":"https:\/\/primomoto.es\/de\/wp-json\/wp\/v2\/media\/14588"}],"wp:attachment":[{"href":"https:\/\/primomoto.es\/de\/wp-json\/wp\/v2\/media?parent=46535"}],"wp:term":[{"taxonomy":"product_brand","embeddable":true,"href":"https:\/\/primomoto.es\/de\/wp-json\/wp\/v2\/product_brand?post=46535"},{"taxonomy":"product_cat","embeddable":true,"href":"https:\/\/primomoto.es\/de\/wp-json\/wp\/v2\/product_cat?post=46535"},{"taxonomy":"product_tag","embeddable":true,"href":"https:\/\/primomoto.es\/de\/wp-json\/wp\/v2\/product_tag?post=46535"}],"curies":[{"name":"wp","href":"https:\/\/api.w.org\/{rel}","templated":true}]}}