{"id":46090,"date":"2021-03-19T10:26:26","date_gmt":"2021-06-10T06:18:17","guid":{"rendered":"https:\/\/primomoto.es\/bela-ice-winter-wp-frauen-motorradhandschuhe-zwart-geel-fluor\/"},"modified":"2023-08-15T14:55:15","modified_gmt":"2023-08-15T14:55:15","slug":"bela-ice-winter-wp-winterhandschuhe-wasserdicht-schwarz-gelb","status":"publish","type":"product","link":"https:\/\/primomoto.es\/de\/bela-ice-winter-wp-winterhandschuhe-wasserdicht-schwarz-gelb\/","title":{"rendered":"Bela Ice Winter WP Motorradhandschuhe Schwarz\/Gelb Fluor"},"content":{"rendered":"<h2>Bela Ice Winter WP Motorradhandschuhe<\/h2>\n<p><strong>Beschreibung:<\/strong><\/p>\n<ul>\n<li>Die Bela ICE Winter-Wp-Handschuhe bestehen aus Polyestergewebe in HI-Qualit\u00e4t und einer echten Lederhandfl\u00e4che im Inneren des Thinsulate-Futters, um die Hand im Winter warm zu halten. TPR-Schutzpolster auf dem Handfl\u00e4chenr\u00fccken, den Kn\u00f6cheln und der Handgelenkseite, um St\u00f6\u00dfe zu vermeiden.<\/li>\n<li>Wasserabweisendes Material auf der Oberfl\u00e4che und Innenseite mit wasserdichter HIPORA-Membran, wasserdicht und atmungsaktiv.<\/li>\n<li>2 Klettverschl\u00fcsse am Handgelenk k\u00f6nnen die Dichtheit frei einstellen und bieten Ihnen die beste Passform.<\/li>\n<li>Zeigefinger-Touchscreen, mit dem Sie Ihr Telefon und alle Arten von ber\u00fchrbaren elektronischen Steuerelementen bequem ber\u00fchren k\u00f6nnen.<\/li>\n<li>Die Oberfl\u00e4che der Wintermotorradhandschuhe ist abriebfest und winddicht. Das komfortable Futter h\u00e4lt die H\u00e4nde trocken und warm. Entwerfen Sie einen Schneeschaber am Zeigefinger, um bei Regen und Schnee Regen und Schnee vom Schneespiegel zu entfernen.<\/li>\n<li>Ein perfekter Handschuh, um Ihre Winterfahrten warm und sicher zu machen<\/li>\n<\/ul>\n","protected":false},"excerpt":{"rendered":"<p>Bela Ice Winter WP Motorradhandschuhe Beschreibung: Die Bela ICE Winter-Wp-Handschuhe bestehen aus Polyestergewebe in HI-Qualit\u00e4t und einer echten Lederhandfl\u00e4che im<\/p>\n","protected":false},"featured_media":32465,"template":"","meta":[],"product_brand":[],"product_cat":[1548,1549,1518,3258,1552],"product_tag":[1848,1841],"class_list":{"0":"post-46090","1":"product","2":"type-product","3":"status-publish","4":"has-post-thumbnail","6":"product_cat-motorrad-handschuhe","7":"product_cat-heren-motorhandschoenen","8":"product_cat-motorkleding","9":"product_cat-toeren","10":"product_cat-tourenhandschuhe-mannen","11":"product_tag-handschoen-leer-heren","12":"product_tag-heren-toerhandschoen","13":"pa_size-l-de","14":"pa_size-m-de","15":"pa_size-s-de","16":"pa_size-xxl-de","17":"pa_size-xxxl-de","19":"first","20":"outofstock","21":"sale","22":"taxable","23":"shipping-taxable","24":"purchasable","25":"product-type-variable","26":"has-default-attributes"},"_links":{"self":[{"href":"https:\/\/primomoto.es\/de\/wp-json\/wp\/v2\/product\/46090","targetHints":{"allow":["GET"]}}],"collection":[{"href":"https:\/\/primomoto.es\/de\/wp-json\/wp\/v2\/product"}],"about":[{"href":"https:\/\/primomoto.es\/de\/wp-json\/wp\/v2\/types\/product"}],"wp:featuredmedia":[{"embeddable":true,"href":"https:\/\/primomoto.es\/de\/wp-json\/wp\/v2\/media\/32465"}],"wp:attachment":[{"href":"https:\/\/primomoto.es\/de\/wp-json\/wp\/v2\/media?parent=46090"}],"wp:term":[{"taxonomy":"product_brand","embeddable":true,"href":"https:\/\/primomoto.es\/de\/wp-json\/wp\/v2\/product_brand?post=46090"},{"taxonomy":"product_cat","embeddable":true,"href":"https:\/\/primomoto.es\/de\/wp-json\/wp\/v2\/product_cat?post=46090"},{"taxonomy":"product_tag","embeddable":true,"href":"https:\/\/primomoto.es\/de\/wp-json\/wp\/v2\/product_tag?post=46090"}],"curies":[{"name":"wp","href":"https:\/\/api.w.org\/{rel}","templated":true}]}}