{"id":45574,"date":"2021-01-04T12:14:10","date_gmt":"2021-06-09T09:27:35","guid":{"rendered":"https:\/\/primomoto.es\/bela-speedo-2-0-motorrad-rennstiefel-zwart-rood\/"},"modified":"2022-08-06T11:28:02","modified_gmt":"2022-08-06T11:28:02","slug":"bela-speedo-2-rennstiefel-schwarz-rot","status":"publish","type":"product","link":"https:\/\/primomoto.es\/de\/bela-speedo-2-rennstiefel-schwarz-rot\/","title":{"rendered":"Bela Speedo 2.0 Motorrad Rennstiefel Zwart \/ rood"},"content":{"rendered":"<p style=\"font-weight: 400;\"><b><strong>Bela Speedo 2.0 Bota de motos de carreras<\/strong><\/b><\/p>\n<p style=\"font-weight: 400;\">Provisto de reflectantes que las hacen visible en la oscuridad para mayor seguridad.\u00a0Su material exterior resistente le brinda protecci\u00f3n extrema en climas con agua y frio.\u00a0El forro interior suave ofrece una experiencia de conducci\u00f3n c\u00f3moda durante todo el d\u00eda.\u00a0Bela\u00a0Speedo 2.0\u00a0est\u00e1n disponibles e en color negro y negro con la combinaci\u00f3n de amarillo, rojo, verde, blanco, en diferentes tallas que puedes encontrar en nuestra web.<\/p>\n<p style=\"font-weight: 400;\"><b><strong>Materiales:<\/strong><\/b><\/p>\n<ul>\n<li style=\"font-weight: 400;\">Exterior de cuero con PU<\/li>\n<li style=\"font-weight: 400;\">Forro suave de poli\u00e9ster en el interior<\/li>\n<\/ul>\n<p style=\"font-weight: 400;\"><b><strong>Informaci\u00f3n t\u00e9cnica:<\/strong><\/b><\/p>\n<ul>\n<li style=\"font-weight: 400;\">Refuerzo de zona de palanca de marchas en TPU.<\/li>\n<li style=\"font-weight: 400;\">Reflectores para visibilidad nocturna.<\/li>\n<li style=\"font-weight: 400;\">CE aprobado<\/li>\n<li style=\"font-weight: 400;\">Protecci\u00f3n de TPU en el \u00e1rea de la espinilla.<\/li>\n<li style=\"font-weight: 400;\">Cremallera larga con tiradores para facilitar su uso.<\/li>\n<li style=\"font-weight: 400;\">Cierre de solapa con velcro<\/li>\n<li style=\"font-weight: 400;\">Fuelle en la parte delantera y trasera para facilitar el movimiento.<\/li>\n<li style=\"font-weight: 400;\">Refuerzo trasero de TPU en el \u00e1rea del tal\u00f3n.<\/li>\n<li style=\"font-weight: 400;\">Suela de goma.<\/li>\n<\/ul>\n","protected":false},"excerpt":{"rendered":"<p>Bela Speedo 2.0 son botas de moto aprobadas por la CE.\u00a0Con protecciones de espinilla de TPU superpuestas, estas botas de moto se convierten en un art\u00edculo confiable para usar en circuitos y carreteras.<\/p>\n<div id=\"gtx-trans\" style=\"position: absolute; left: 407px; top: 65px;\">\n<div class=\"gtx-trans-icon\"><\/div>\n<\/div>\n","protected":false},"featured_media":120304,"template":"","meta":[],"product_brand":[],"product_cat":[1520,1518,3268,1522,1519],"product_tag":[1809,1822],"class_list":{"0":"post-45574","1":"product","2":"type-product","3":"status-publish","4":"has-post-thumbnail","6":"product_cat-heren-motorlaarzen","7":"product_cat-motorkleding","8":"product_cat-racen","9":"product_cat-rennstiefel-mannen","10":"product_cat-motorstiefel","11":"product_tag-leren-laarzen","12":"product_tag-racelaarzen-voor-heren","13":"pa_size-42-de","14":"pa_size-43-de","15":"pa_size-44-de","16":"pa_size-45-de","17":"pa_size-46-de","19":"first","20":"outofstock","21":"sale","22":"taxable","23":"shipping-taxable","24":"purchasable","25":"product-type-variable","26":"has-default-attributes"},"_links":{"self":[{"href":"https:\/\/primomoto.es\/de\/wp-json\/wp\/v2\/product\/45574","targetHints":{"allow":["GET"]}}],"collection":[{"href":"https:\/\/primomoto.es\/de\/wp-json\/wp\/v2\/product"}],"about":[{"href":"https:\/\/primomoto.es\/de\/wp-json\/wp\/v2\/types\/product"}],"wp:featuredmedia":[{"embeddable":true,"href":"https:\/\/primomoto.es\/de\/wp-json\/wp\/v2\/media\/120304"}],"wp:attachment":[{"href":"https:\/\/primomoto.es\/de\/wp-json\/wp\/v2\/media?parent=45574"}],"wp:term":[{"taxonomy":"product_brand","embeddable":true,"href":"https:\/\/primomoto.es\/de\/wp-json\/wp\/v2\/product_brand?post=45574"},{"taxonomy":"product_cat","embeddable":true,"href":"https:\/\/primomoto.es\/de\/wp-json\/wp\/v2\/product_cat?post=45574"},{"taxonomy":"product_tag","embeddable":true,"href":"https:\/\/primomoto.es\/de\/wp-json\/wp\/v2\/product_tag?post=45574"}],"curies":[{"name":"wp","href":"https:\/\/api.w.org\/{rel}","templated":true}]}}