{"id":45072,"date":"2021-01-04T11:48:32","date_gmt":"2021-06-09T05:08:42","guid":{"rendered":"https:\/\/primomoto.es\/bela-rocket-lady-motorrad-lederhose-fur-damen-zwart-wit\/"},"modified":"2023-10-05T09:10:04","modified_gmt":"2023-10-05T09:10:04","slug":"bela-rocket-lady-motorrad-lederhosen-schwarz-weiss","status":"publish","type":"product","link":"https:\/\/primomoto.es\/de\/bela-rocket-lady-motorrad-lederhosen-schwarz-weiss\/","title":{"rendered":"Bela Rocket Lady Motorrad Lederhose Schwarz\/Wei\u00df"},"content":{"rendered":"<h2>Bela Rocket Motorradhosen f\u00fcr Damen<\/h2>\n<p><strong>Material:<\/strong><\/p>\n<ul>\n<li>1\/1.1 mm Dickes Rindsleder<\/li>\n<li>1\/1.1 mm Dickes K\u00e4nguruleder<\/li>\n<li>Innere feste Poly-Mesh-Auskleidung<\/li>\n<li>\u00c4u\u00dferes Material: 100% Rindleder (Einlagen 92% Nylon 8% ELASTAN)<\/li>\n<\/ul>\n<p><strong>Technische L\u00f6sung:<\/strong><\/p>\n<ul>\n<li>Sto\u00dfd\u00e4mpfende Seitenpolster<\/li>\n<li>Flexionszonen aus Leder an Taille und Knien<\/li>\n<li>Hochfestes Stretchgewebe im Leistenbereich, an Oberschenkeln, Waden und Leisten<\/li>\n<li>Abnehmbare zugelassene Knie- und Schienbeinsch\u00fctzer<\/li>\n<li>Verbindungsrei\u00dfverschluss zur Jacke an Taille<\/li>\n<li>Inklusive Knieschleifer<\/li>\n<\/ul>\n","protected":false},"excerpt":{"rendered":"<p>Bela bietet diese exklusive Lederhose aus hochwertigem Rindleder mit K\u00e4nguru-Eins\u00e4tzen an, um das beste Schutzgelenk und die beste Anpassungsf\u00e4higkeit zu bieten.<\/p>\n<div id=\"gtx-trans\" style=\"position: absolute; left: 386px; top: 65px;\">\n<div class=\"gtx-trans-icon\"><\/div>\n<\/div>\n","protected":false},"featured_media":289692,"template":"","meta":[],"product_brand":[],"product_cat":[1570,1566,1571,1518,3268],"product_tag":[1794,1793],"class_list":{"0":"post-45072","1":"product","2":"type-product","3":"status-publish","4":"has-post-thumbnail","6":"product_cat-dames-motorbroeken","7":"product_cat-motorbroek","8":"product_cat-leder-hose-dames","9":"product_cat-motorkleding","10":"product_cat-racen","11":"product_tag-dames-race-broek","12":"product_tag-vrouw-leren-broek","13":"pa_size-42-l-de","14":"pa_size-44-xl-de-2","15":"pa_size-46-2xl-de-2","16":"pa_size-48-3xl-de-2","18":"first","19":"instock","20":"sale","21":"taxable","22":"shipping-taxable","23":"purchasable","24":"product-type-variable","25":"has-default-attributes"},"_links":{"self":[{"href":"https:\/\/primomoto.es\/de\/wp-json\/wp\/v2\/product\/45072","targetHints":{"allow":["GET"]}}],"collection":[{"href":"https:\/\/primomoto.es\/de\/wp-json\/wp\/v2\/product"}],"about":[{"href":"https:\/\/primomoto.es\/de\/wp-json\/wp\/v2\/types\/product"}],"wp:featuredmedia":[{"embeddable":true,"href":"https:\/\/primomoto.es\/de\/wp-json\/wp\/v2\/media\/289692"}],"wp:attachment":[{"href":"https:\/\/primomoto.es\/de\/wp-json\/wp\/v2\/media?parent=45072"}],"wp:term":[{"taxonomy":"product_brand","embeddable":true,"href":"https:\/\/primomoto.es\/de\/wp-json\/wp\/v2\/product_brand?post=45072"},{"taxonomy":"product_cat","embeddable":true,"href":"https:\/\/primomoto.es\/de\/wp-json\/wp\/v2\/product_cat?post=45072"},{"taxonomy":"product_tag","embeddable":true,"href":"https:\/\/primomoto.es\/de\/wp-json\/wp\/v2\/product_tag?post=45072"}],"curies":[{"name":"wp","href":"https:\/\/api.w.org\/{rel}","templated":true}]}}