{"id":45039,"date":"2021-01-04T11:49:28","date_gmt":"2021-06-09T05:01:34","guid":{"rendered":"https:\/\/primomoto.es\/bela-tom-men-jeans-para-aramid-wachsbeschichtete-motorradhose-fuer-herren\/"},"modified":"2022-01-04T09:40:37","modified_gmt":"2022-01-04T09:40:37","slug":"bela-tom-men-wax-coated-para-aramide-denim-jeans","status":"publish","type":"product","link":"https:\/\/primomoto.es\/de\/bela-tom-men-wax-coated-para-aramide-denim-jeans\/","title":{"rendered":"Bela Tom Men Jeans Para-Aramid Wachsbeschichtete Motorradhose f\u00fcr Herren"},"content":{"rendered":"<h2><strong>Wasserdichte Motorradhosen g\u00fcnstig kaufen\u00a0Bela Tom Men Jeans<\/strong><\/h2>\n<p><strong>Beschreibung:<\/strong><\/p>\n<ul>\n<li>Wachsbeschichteter Stoff<\/li>\n<li>Kevlar-Gewebe<\/li>\n<li>Passgenauer Schnitt<\/li>\n<li>Elastische Komfort-Faltenb\u00e4lge<\/li>\n<li>Verst\u00e4rktes Innenfutter an Knien<\/li>\n<li>Denim Hi Flex bietet gro\u00dfe Bewegungsfreiheit<\/li>\n<li>CE-gepr\u00fcfte, abnehmbare Knie- und H\u00fcftprotektoren<\/li>\n<li>Leicht zug\u00e4ngliche Knie- und H\u00fcftschutztaschen<\/li>\n<li>H\u00f6henverstellbare Kniesch\u00fctzer mit Klettverschluss f\u00fcr perfekte Passform<\/li>\n<li>Knopf und Rei\u00dfverschluss Schlie\u00dfen<\/li>\n<li>5 Taschen einschlie\u00dflich einer M\u00fcnzentasche<\/li>\n<\/ul>\n","protected":false},"excerpt":{"rendered":"<p>Hergestellt aus Wachsbeschichtetem und Kevlar-Gewebe, was die Hose dreimal st\u00e4rker als normale\u00a0<strong>Jeans<\/strong>\u00a0macht aber bequemer und sicherer ist. Eignet sich perfekt f\u00fcr jede Art von Fahrt.<\/p>\n<div id=\"gtx-trans\" style=\"position: absolute; left: 328px; top: 65px;\">\n<div class=\"gtx-trans-icon\"><\/div>\n<\/div>\n","protected":false},"featured_media":143147,"template":"","meta":[],"product_brand":[],"product_cat":[1753,1752,1751,1566,1518,3258],"product_tag":[1777,1783],"class_list":{"0":"post-45039","1":"product","2":"type-product","3":"status-publish","4":"has-post-thumbnail","6":"product_cat-jeans","7":"product_cat-mannen","8":"product_cat-motordenim","9":"product_cat-motorbroek","10":"product_cat-motorkleding","11":"product_cat-toeren","12":"product_tag-hombre-touring-broek","13":"product_tag-textiel-heren-broek","14":"pa_size-34-americana-de","15":"pa_size-36-americana-de","16":"pa_size-42-americana-de","17":"pa_size-44-americana-de","19":"first","20":"outofstock","21":"sale","22":"taxable","23":"shipping-taxable","24":"purchasable","25":"product-type-variable","26":"has-default-attributes"},"_links":{"self":[{"href":"https:\/\/primomoto.es\/de\/wp-json\/wp\/v2\/product\/45039","targetHints":{"allow":["GET"]}}],"collection":[{"href":"https:\/\/primomoto.es\/de\/wp-json\/wp\/v2\/product"}],"about":[{"href":"https:\/\/primomoto.es\/de\/wp-json\/wp\/v2\/types\/product"}],"wp:featuredmedia":[{"embeddable":true,"href":"https:\/\/primomoto.es\/de\/wp-json\/wp\/v2\/media\/143147"}],"wp:attachment":[{"href":"https:\/\/primomoto.es\/de\/wp-json\/wp\/v2\/media?parent=45039"}],"wp:term":[{"taxonomy":"product_brand","embeddable":true,"href":"https:\/\/primomoto.es\/de\/wp-json\/wp\/v2\/product_brand?post=45039"},{"taxonomy":"product_cat","embeddable":true,"href":"https:\/\/primomoto.es\/de\/wp-json\/wp\/v2\/product_cat?post=45039"},{"taxonomy":"product_tag","embeddable":true,"href":"https:\/\/primomoto.es\/de\/wp-json\/wp\/v2\/product_tag?post=45039"}],"curies":[{"name":"wp","href":"https:\/\/api.w.org\/{rel}","templated":true}]}}