{"id":44996,"date":"2021-01-04T11:49:59","date_gmt":"2021-06-08T12:22:54","guid":{"rendered":"https:\/\/primomoto.es\/bela-rocket-man-motorrad-lederhose-fur-herren-zwart-wit\/"},"modified":"2023-10-05T08:39:44","modified_gmt":"2023-10-05T08:39:44","slug":"bela-rocket-man-motorrad-lederhosen-schwarz-weiss","status":"publish","type":"product","link":"https:\/\/primomoto.es\/de\/bela-rocket-man-motorrad-lederhosen-schwarz-weiss\/","title":{"rendered":"Bela Rocket Man Motorrad Lederhose Schwarz\/Wei\u00df"},"content":{"rendered":"<h2>Bela Rocket Motorradhosen f\u00fcr Herren<\/h2>\n<p><strong>Material:<\/strong><\/p>\n<ul>\n<li>1\/1.1 mm Dickes Rindsleder<\/li>\n<li>1\/1.1 mm Dickes K\u00e4nguruleder<\/li>\n<li>Innere feste Poly-Mesh-Auskleidung<\/li>\n<li>\u00c4u\u00dferes Material: 100% Rindleder (Einlagen 92% Nylon 8% ELASTAN)<\/li>\n<\/ul>\n<p><strong>Technische L\u00f6sung:<\/strong><\/p>\n<ul>\n<li>Sto\u00dfd\u00e4mpfende Seitenpolster<\/li>\n<li>Flexionszonen aus Leder an Taille und Knien<\/li>\n<li>Hochfestes Stretchgewebe im Leistenbereich, an Oberschenkeln, Waden und Leisten<\/li>\n<li>Abnehmbare zugelassene Knie- und Schienbeinsch\u00fctzer<\/li>\n<li>Verbindungsrei\u00dfverschluss zur Jacke an Taille<\/li>\n<li>Inklusive Knieschleifer<\/li>\n<\/ul>\n","protected":false},"excerpt":{"rendered":"<p>Bela bietet diese exklusive Lederhose aus hochwertigem Rindleder mit K\u00e4nguru-Eins\u00e4tzen an, um das beste Schutzgelenk und die beste Anpassungsf\u00e4higkeit zu bieten.<\/p>\n","protected":false},"featured_media":289664,"template":"","meta":[],"product_brand":[],"product_cat":[1566,1568,1567,1518,3268],"product_tag":[1784,1785],"class_list":{"0":"post-44996","1":"product","2":"type-product","3":"status-publish","4":"has-post-thumbnail","6":"product_cat-motorbroek","7":"product_cat-leder-hose-mannen","8":"product_cat-heren-motorbroeken","9":"product_cat-motorkleding","10":"product_cat-racen","11":"product_tag-mannen-leren-broek","12":"product_tag-pantalon-de-carreras-de-hombre-de","13":"pa_size-46-xs-de","14":"pa_size-54-xl-de-2","15":"pa_size-56-2xl-de-2","16":"pa_size-58-3xl-de-2","17":"pa_size-60-4xl-de","18":"pa_size-62-5xl-de","20":"first","21":"instock","22":"sale","23":"taxable","24":"shipping-taxable","25":"purchasable","26":"product-type-variable","27":"has-default-attributes"},"_links":{"self":[{"href":"https:\/\/primomoto.es\/de\/wp-json\/wp\/v2\/product\/44996","targetHints":{"allow":["GET"]}}],"collection":[{"href":"https:\/\/primomoto.es\/de\/wp-json\/wp\/v2\/product"}],"about":[{"href":"https:\/\/primomoto.es\/de\/wp-json\/wp\/v2\/types\/product"}],"wp:featuredmedia":[{"embeddable":true,"href":"https:\/\/primomoto.es\/de\/wp-json\/wp\/v2\/media\/289664"}],"wp:attachment":[{"href":"https:\/\/primomoto.es\/de\/wp-json\/wp\/v2\/media?parent=44996"}],"wp:term":[{"taxonomy":"product_brand","embeddable":true,"href":"https:\/\/primomoto.es\/de\/wp-json\/wp\/v2\/product_brand?post=44996"},{"taxonomy":"product_cat","embeddable":true,"href":"https:\/\/primomoto.es\/de\/wp-json\/wp\/v2\/product_cat?post=44996"},{"taxonomy":"product_tag","embeddable":true,"href":"https:\/\/primomoto.es\/de\/wp-json\/wp\/v2\/product_tag?post=44996"}],"curies":[{"name":"wp","href":"https:\/\/api.w.org\/{rel}","templated":true}]}}