{"id":44876,"date":"2021-05-06T19:21:28","date_gmt":"2021-06-08T06:36:51","guid":{"rendered":"https:\/\/primomoto.es\/r-tech-johny-herren-jeans-hose-mittelblau\/"},"modified":"2025-04-21T08:42:13","modified_gmt":"2025-04-21T08:42:13","slug":"r-tech-johny-men-jeans-mittelblau","status":"publish","type":"product","link":"https:\/\/primomoto.es\/de\/r-tech-johny-men-jeans-mittelblau\/","title":{"rendered":"R-Tech Johny Men Motorradjeans Mittelblau"},"content":{"rendered":"<h2>R-Tech Johny Herren Motorradjeans<\/h2>\n<p><strong>Produktinformation:<\/strong><\/p>\n<p>Die Motorradjeans \u201eJohnny\u201c f\u00fcr Herren ist Teil der neuesten R-Tech Jeans Brand Collection. Der Jeansstil von Johnny Men besteht aus feinstem Baumwoll- und Elastanstoff. Dar\u00fcber hinaus sind die zus\u00e4tzlichen DuPont-Aramid-Gewebeverst\u00e4rkungen strategisch platziert, um eine hervorragende Abriebfestigkeit zu gew\u00e4hrleisten, ohne den guten Komfort und die Elastizit\u00e4t zu beeintr\u00e4chtigen. Die CE-gepr\u00fcften Knie- und Oberschenkelprotektoren \u201eEN 1621-1:2012\u201c sind beim Autofahren\/Gehen schwer zu erkennen, bieten aber den besten Schutz im Falle eines ungl\u00fccklichen Unfalls w\u00e4hrend der Fahrt&#8230;<\/p>\n<p><strong>Au\u00dfenmaterial:<\/strong><\/p>\n<ul>\n<li>12,0 Unzen X-Hatch-Stretch-Denim<\/li>\n<li>Hergestellt aus 98 % Baumwolle und 2 % Elasthan.<\/li>\n<li>Mittelblaue Farbe<\/li>\n<\/ul>\n<p><strong>Schutzma\u00dfnahmen:<\/strong><\/p>\n<ul>\n<li>Abnehmbarer Schutz an Knien und Oberschenkeln mit Zertifizierung CE EN 1621-1:2012.<\/li>\n<li>Die Kniesch\u00fctzer sind durch zus\u00e4tzlichen Klettverschluss oben und unten verstellbar.<\/li>\n<li>Durch einfaches \u00d6ffnen der seitlichen Knierei\u00dfverschl\u00fcsse l\u00e4sst sich der Schutz leicht abnehmen.<\/li>\n<\/ul>\n<p><strong>Komfort:<\/strong><\/p>\n<ul>\n<li>Innenfutter aus DuPont Aramid-Gewebe, gezielt platziert, um hervorragende Abrieb- und Widerstandsf\u00e4higkeit zu bieten.<\/li>\n<li>Innenfutter aus 100 % Polyester-Mesh f\u00fcr verbesserte Atmungsaktivit\u00e4t und Komfort.<\/li>\n<li>Beste Passform im Regular Cut.<\/li>\n<li>YKK\u00ae-Rei\u00dfverschl\u00fcsse (Hosenschlitz und Kniebereich)<\/li>\n<li>Mit zus\u00e4tzlicher Schutztasche.<\/li>\n<\/ul>\n","protected":false},"excerpt":{"rendered":"<p>R-Tech Johny Herren Motorradjeans Produktinformation: Die Motorradjeans \u201eJohnny\u201c f\u00fcr Herren ist Teil der neuesten R-Tech Jeans Brand Collection. Der Jeansstil<\/p>\n","protected":false},"featured_media":41077,"template":"","meta":[],"product_brand":[],"product_cat":[1753,1752,1751,1566,1567,1518,3266,1569,3258],"product_tag":[1754,1755],"class_list":{"0":"post-44876","1":"product","2":"type-product","3":"status-publish","4":"has-post-thumbnail","6":"product_cat-jeans","7":"product_cat-mannen","8":"product_cat-motordenim","9":"product_cat-motorbroek","10":"product_cat-heren-motorbroeken","11":"product_cat-motorkleding","12":"product_cat-straat","13":"product_cat-textilhosen-mannen","14":"product_cat-toeren","15":"product_tag-heren-denim","16":"product_tag-race-denim","17":"pa_size-2xl-38-de","18":"pa_size-44-5xl-de","19":"pa_size-4xl-42-de","20":"pa_size-l-34-de","21":"pa_size-m-32-de","22":"pa_size-s-30-de","23":"pa_size-xl-36-de","25":"first","26":"outofstock","27":"sale","28":"taxable","29":"shipping-taxable","30":"purchasable","31":"product-type-variable","32":"has-default-attributes"},"_links":{"self":[{"href":"https:\/\/primomoto.es\/de\/wp-json\/wp\/v2\/product\/44876","targetHints":{"allow":["GET"]}}],"collection":[{"href":"https:\/\/primomoto.es\/de\/wp-json\/wp\/v2\/product"}],"about":[{"href":"https:\/\/primomoto.es\/de\/wp-json\/wp\/v2\/types\/product"}],"wp:featuredmedia":[{"embeddable":true,"href":"https:\/\/primomoto.es\/de\/wp-json\/wp\/v2\/media\/41077"}],"wp:attachment":[{"href":"https:\/\/primomoto.es\/de\/wp-json\/wp\/v2\/media?parent=44876"}],"wp:term":[{"taxonomy":"product_brand","embeddable":true,"href":"https:\/\/primomoto.es\/de\/wp-json\/wp\/v2\/product_brand?post=44876"},{"taxonomy":"product_cat","embeddable":true,"href":"https:\/\/primomoto.es\/de\/wp-json\/wp\/v2\/product_cat?post=44876"},{"taxonomy":"product_tag","embeddable":true,"href":"https:\/\/primomoto.es\/de\/wp-json\/wp\/v2\/product_tag?post=44876"}],"curies":[{"name":"wp","href":"https:\/\/api.w.org\/{rel}","templated":true}]}}