{"id":44576,"date":"2021-01-04T11:20:42","date_gmt":"2021-01-04T11:20:42","guid":{"rendered":"https:\/\/primomoto.es\/shua-infinity-motorrad-lederkombi-1-teiler-zwart-blauw\/"},"modified":"2023-09-19T10:34:56","modified_gmt":"2023-09-19T10:34:56","slug":"shua-infinity-motorrad-lederkombi-schwarz-blau","status":"publish","type":"product","link":"https:\/\/primomoto.es\/de\/shua-infinity-motorrad-lederkombi-schwarz-blau\/","title":{"rendered":"Shua Infinity Motorradkombi Zwart\/Blauw"},"content":{"rendered":"<h2>Shua Infinity Motorrad Lederkombi 1 teiler<\/h2>\n<p><strong>Material:<\/strong><\/p>\n<ul>\n<li>1,0-1,2 mm hochwertiges Premium Vollnarben 100% echtem Leder<\/li>\n<\/ul>\n<p><strong>Technische Information:<\/strong><\/p>\n<ul>\n<li>Stretch Material an Ellbogen, Schritt und hinterem Knie f\u00fcr Flexibilit\u00e4t und Komfort<\/li>\n<li>Festes Netzfutter mit Luftnetz an der Wade f\u00fcr besseren Komfort<\/li>\n<li>CE-gepr\u00fcfte Innenprotektoren an Schultern, Ellbogen, H\u00fcfte und Knien<\/li>\n<li>Perforiertes Leder vorne, an den Armen und im Oberschenkelbereich zur Verbesserung der Bel\u00fcftung<\/li>\n<li>Aerodynamischer Buckel zum Schutz der Wirbels\u00e4ule<\/li>\n<li>Elastische Ledereins\u00e4tze an Knien, hinterer Taille und hinterem Armloch f\u00fcr bequeme und flexible Bewegung<\/li>\n<li>Neopren an Manschette und Saum zur Verringerung der Dicke und f\u00fcr mehr Komfort<\/li>\n<li>Doppellagige Lederverst\u00e4rkung an Ellbogen, Schulter und Sitz<\/li>\n<li>Klettverschluss an der Vorderseite, um bei Bedarf die Platzierung eines Brustschutzes zu erm\u00f6glichen<\/li>\n<li>Abnehmbarer Knieschieber<\/li>\n<\/ul>\n","protected":false},"excerpt":{"rendered":"<p>Der Shua Infinity Motorradkombi besteht zu 100 % aus echtem Leder. F\u00fcr mehr Komfort verf\u00fcgt es \u00fcber ein festes Mesh-Futter. CE-gepr\u00fcfte Protektoren machen ihn zu einem der besten sch\u00fctzenden Rennanz\u00fcge.<\/p>\n","protected":false},"featured_media":210139,"template":"","meta":[],"product_brand":[],"product_cat":[1652,1557,1559,1558,1518,3268],"product_tag":[1688,1703,1693],"class_list":{"0":"post-44576","1":"product","2":"type-product","3":"status-publish","4":"has-post-thumbnail","6":"product_cat-angebot-der-woche","7":"product_cat-motorradstiefel","8":"product_cat-lederkombi-1-teiler-mannen","9":"product_cat-herenpakken","10":"product_cat-motorkleding","11":"product_cat-racen","12":"product_tag-leren-pak","13":"product_tag-mannenkostuum","14":"product_tag-racepak","15":"pa_size-46-xs-de","16":"pa_size-50-m-de-2","17":"pa_size-52-l-de-2","18":"pa_size-54-xl-de-2","19":"pa_size-56-2xl-de-2","20":"pa_size-58-3xl-de-2","21":"pa_size-60-4xl-de","22":"pa_size-62-5xl-de","23":"pa_size-64-6xl-de","25":"first","26":"outofstock","27":"sale","28":"taxable","29":"shipping-taxable","30":"purchasable","31":"product-type-variable","32":"has-default-attributes"},"_links":{"self":[{"href":"https:\/\/primomoto.es\/de\/wp-json\/wp\/v2\/product\/44576","targetHints":{"allow":["GET"]}}],"collection":[{"href":"https:\/\/primomoto.es\/de\/wp-json\/wp\/v2\/product"}],"about":[{"href":"https:\/\/primomoto.es\/de\/wp-json\/wp\/v2\/types\/product"}],"wp:featuredmedia":[{"embeddable":true,"href":"https:\/\/primomoto.es\/de\/wp-json\/wp\/v2\/media\/210139"}],"wp:attachment":[{"href":"https:\/\/primomoto.es\/de\/wp-json\/wp\/v2\/media?parent=44576"}],"wp:term":[{"taxonomy":"product_brand","embeddable":true,"href":"https:\/\/primomoto.es\/de\/wp-json\/wp\/v2\/product_brand?post=44576"},{"taxonomy":"product_cat","embeddable":true,"href":"https:\/\/primomoto.es\/de\/wp-json\/wp\/v2\/product_cat?post=44576"},{"taxonomy":"product_tag","embeddable":true,"href":"https:\/\/primomoto.es\/de\/wp-json\/wp\/v2\/product_tag?post=44576"}],"curies":[{"name":"wp","href":"https:\/\/api.w.org\/{rel}","templated":true}]}}