{"id":44513,"date":"2021-01-04T11:21:36","date_gmt":"2021-01-04T11:21:36","guid":{"rendered":"https:\/\/primomoto.es\/r-tech-rising-star-kanguru-mischen-motorrad-rennanzuge-aus-leder-weis-schwarz-rot\/"},"modified":"2023-02-20T06:20:26","modified_gmt":"2023-02-20T06:20:26","slug":"r-tech-rising-star-motorfiets-lederen-racepak-wit-zwart-rood","status":"publish","type":"product","link":"https:\/\/primomoto.es\/de\/r-tech-rising-star-motorfiets-lederen-racepak-wit-zwart-rood\/","title":{"rendered":"R-Tech Rising Star K\u00e4nguru mischen Motorrad-Rennanz\u00fcge aus Leder Wei\u00df\/Schwarz\/Rot"},"content":{"rendered":"<h2>\n            <strong>R-Tech Rising Star motorfiets leren pak uit \u00e9\u00e9n stuk<\/strong><br \/>\n          <\/h2>\n<p>          <strong>Materiaal:<\/strong><\/p>\n<ul>\n<li>1,1-1,3 mm premium volnerf rundleer met waterafstotende kangoeroe-inzetstukken mm 0,9 \/ 1<\/li>\n<li>Super Tense-tex stretchstof bij elleboog, kruis en achterste knie voor flexibiliteit en comfort<\/li>\n<\/ul>\n<p>          <strong>Samenstelling:<\/strong><\/p>\n<ul>\n<li>Buitenmateriaal: 75% rundleer 25% kangoeroeleer (inzetstukken 92% PA 8% ELASTAN)<\/li>\n<li>Voering: 100% polyester<\/li>\n<\/ul>\n<p>          <strong>Technische informatie<\/strong><\/p>\n<ul>\n<li>Vaste mesh voering met air mesh op de kuit voor meer comfort<\/li>\n<li>TPU externe beschermingsdelen op schouder en elleboog<\/li>\n<li>CE-goedgekeurde interne beschermers op schouders, ellebogen, heupen en knie\u00ebn<\/li>\n<li>Aerodynamische bult voor bescherming van het ruggenmerg<\/li>\n<li>Gedeeltelijk geperforeerd leer aan de voorkant, armen en op de dijen om de ventilatie te verbeteren<\/li>\n<li>Stretchleren panelen aan de achterkant, armsgaten, knie\u00ebn, taille aan de achterkant voor comfortabel en flexibel bewegen<\/li>\n<li>Neopreen bij kraag, manchet en zoom om de dikte te verminderen en meer comfort te geven<\/li>\n<li>Dubbellaagse lederen versteviging bij elleboog, schouder en zitvlak<\/li>\n<li>Velcro aan de binnenkant van het voorpaneel om een borstbeschermer te vergemakkelijken indien nodig<\/li>\n<li>Pols ritssluiting op manchet voor meer gemak<\/li>\n<li>Reflecterend op armgebied voor beter nachtzicht.<\/li>\n<li>Knie-sliders voor meer bescherming.<\/li>\n<\/ul>\n","protected":false},"excerpt":{"rendered":"<p>Of je nu een professionele rijder of een amateur bent, het maakt niet uit, want in beide gevallen moet je jezelf beschermen door de juiste motorkleding te gebruiken. R-Tech onthulde het beste motorpak van dit jaar qua ontwerp, veiligheid en kleurencombinaties genaamd als \u201c<strong>RISING STAR<\/strong>\u201d. Dit R-Tech Rising Star-pak is gemaakt van hoogwaardig rundleer en ook van Kangaroo. Bovendien beschermt het je met zijn anti-shock zijpaddingen. Het is zo ontworpen dat de rijder zich altijd op zijn gemak zal voelen. Dit pak heeft geperforeerd leer aan de voorkant, armen en op de dijen om het ademend vermogen te verbeteren. Vind uw maat met Maximo-Moto en ontdek uw racedromen.<\/p>\n","protected":false},"featured_media":9698,"template":"","meta":[],"product_brand":[],"product_cat":[1557,1559,1558,1518],"product_tag":[1688,1703,1693],"class_list":{"0":"post-44513","1":"product","2":"type-product","3":"status-publish","4":"has-post-thumbnail","6":"product_cat-motorradstiefel","7":"product_cat-lederkombi-1-teiler-mannen","8":"product_cat-herenpakken","9":"product_cat-motorkleding","10":"product_tag-leren-pak","11":"product_tag-mannenkostuum","12":"product_tag-racepak","13":"pa_size-46-xs-de","14":"pa_size-50-m-de-2","15":"pa_size-52-l-de-2","16":"pa_size-54-xl-de-2","17":"pa_size-56-2xl-de-2","18":"pa_size-58-3xl-de-2","19":"pa_size-60-4xl-de","20":"pa_size-62-5xl-de","22":"first","23":"outofstock","24":"sale","25":"taxable","26":"shipping-taxable","27":"purchasable","28":"product-type-variable","29":"has-default-attributes"},"_links":{"self":[{"href":"https:\/\/primomoto.es\/de\/wp-json\/wp\/v2\/product\/44513","targetHints":{"allow":["GET"]}}],"collection":[{"href":"https:\/\/primomoto.es\/de\/wp-json\/wp\/v2\/product"}],"about":[{"href":"https:\/\/primomoto.es\/de\/wp-json\/wp\/v2\/types\/product"}],"wp:featuredmedia":[{"embeddable":true,"href":"https:\/\/primomoto.es\/de\/wp-json\/wp\/v2\/media\/9698"}],"wp:attachment":[{"href":"https:\/\/primomoto.es\/de\/wp-json\/wp\/v2\/media?parent=44513"}],"wp:term":[{"taxonomy":"product_brand","embeddable":true,"href":"https:\/\/primomoto.es\/de\/wp-json\/wp\/v2\/product_brand?post=44513"},{"taxonomy":"product_cat","embeddable":true,"href":"https:\/\/primomoto.es\/de\/wp-json\/wp\/v2\/product_cat?post=44513"},{"taxonomy":"product_tag","embeddable":true,"href":"https:\/\/primomoto.es\/de\/wp-json\/wp\/v2\/product_tag?post=44513"}],"curies":[{"name":"wp","href":"https:\/\/api.w.org\/{rel}","templated":true}]}}