{"id":44221,"date":"2021-03-04T04:46:48","date_gmt":"2021-06-04T07:14:22","guid":{"rendered":"https:\/\/primomoto.es\/r-tech-defender-gp-motorradrennen-lederkombi-weis-schwarz-gelb\/"},"modified":"2023-09-19T13:08:31","modified_gmt":"2023-09-19T13:08:31","slug":"r-tech-defender-gp-motorrad-rennanzuege-weiss-schwarz-gelb","status":"publish","type":"product","link":"https:\/\/primomoto.es\/de\/r-tech-defender-gp-motorrad-rennanzuege-weiss-schwarz-gelb\/","title":{"rendered":"R-Tech Defender GP Motorrad-Rennanz\u00fcge Wei\u00df\/Schwarz\/Gelb"},"content":{"rendered":"<h2>R-Tech Defender GP Motorradkombi 1-Teiler<\/h2>\n<p><strong>Au\u00dfenh\u00fclle<\/strong><\/p>\n<ul>\n<li>Echtes Rindsleder Top Grain Leder 1,3 mm bis 1,4 mm<\/li>\n<li>Vorgekr\u00fcmmte \u00c4rmel f\u00fcr die richtige Fahrposition<\/li>\n<li>Original YKK Rei\u00dfverschluss vorne, Manschetten<\/li>\n<li>Stretchmaterial im Schritt, hinter der Wade und darunter<\/li>\n<li>\u00c4rmel f\u00fcr maximale Dehnung<\/li>\n<li>Klettverschl\u00fcsse zum Befestigen des Knie-Pucks sind gen\u00e4ht<\/li>\n<li>Sicherheit gen\u00e4ht<\/li>\n<li>Perforierte Lederdetails vorne f\u00fcr maximale Atmungsaktivit\u00e4t<\/li>\n<\/ul>\n<p><strong>Sicherheitsvorrichtungen<\/strong><\/p>\n<ul>\n<li>Externe Protektoren an, Schultern und R\u00fccken<\/li>\n<li>\u00c4u\u00dfere Knieschieber mit abnehmbarem Klettverschluss<\/li>\n<li>Zus\u00e4tzliche Gummipolsterung zur Sicherheit kritischer Teile.<\/li>\n<li>Abnehmbare R\u00fcstung mit doppelter Dichte an Knien, Schultern und Ellbogen.<\/li>\n<li>Abnehmbarer Dual Density Wirbels\u00e4ulenschutz<\/li>\n<\/ul>\n<p><strong>Innenschale<\/strong><\/p>\n<ul>\n<li>100% Polyester Mesh Futter<\/li>\n<li>Wir k\u00fcmmern uns um jedes einzelne Detail des Anzugs, damit professionelle Biker ein sch\u00f6nes und reibungsloses Rennen haben.<\/li>\n<\/ul>\n","protected":false},"excerpt":{"rendered":"<p>R-Tech Defender GP Motorradkombi 1-Teiler Au\u00dfenh\u00fclle Echtes Rindsleder Top Grain Leder 1,3 mm bis 1,4 mm Vorgekr\u00fcmmte \u00c4rmel f\u00fcr die<\/p>\n","protected":false},"featured_media":291161,"template":"","meta":[],"product_brand":[],"product_cat":[1557,1559,1558,1518,3268],"product_tag":[1698,1697],"class_list":{"0":"post-44221","1":"product","2":"type-product","3":"status-publish","4":"has-post-thumbnail","6":"product_cat-motorradstiefel","7":"product_cat-lederkombi-1-teiler-mannen","8":"product_cat-herenpakken","9":"product_cat-motorkleding","10":"product_cat-racen","11":"product_tag-1-st-lederen-pak","12":"product_tag-man-race-pak","13":"pa_size-46-de","14":"pa_size-48-de","15":"pa_size-50-de","16":"pa_size-52-de","17":"pa_size-54-de","18":"pa_size-56-de","20":"first","21":"instock","22":"sale","23":"taxable","24":"shipping-taxable","25":"purchasable","26":"product-type-variable","27":"has-default-attributes"},"_links":{"self":[{"href":"https:\/\/primomoto.es\/de\/wp-json\/wp\/v2\/product\/44221","targetHints":{"allow":["GET"]}}],"collection":[{"href":"https:\/\/primomoto.es\/de\/wp-json\/wp\/v2\/product"}],"about":[{"href":"https:\/\/primomoto.es\/de\/wp-json\/wp\/v2\/types\/product"}],"wp:featuredmedia":[{"embeddable":true,"href":"https:\/\/primomoto.es\/de\/wp-json\/wp\/v2\/media\/291161"}],"wp:attachment":[{"href":"https:\/\/primomoto.es\/de\/wp-json\/wp\/v2\/media?parent=44221"}],"wp:term":[{"taxonomy":"product_brand","embeddable":true,"href":"https:\/\/primomoto.es\/de\/wp-json\/wp\/v2\/product_brand?post=44221"},{"taxonomy":"product_cat","embeddable":true,"href":"https:\/\/primomoto.es\/de\/wp-json\/wp\/v2\/product_cat?post=44221"},{"taxonomy":"product_tag","embeddable":true,"href":"https:\/\/primomoto.es\/de\/wp-json\/wp\/v2\/product_tag?post=44221"}],"curies":[{"name":"wp","href":"https:\/\/api.w.org\/{rel}","templated":true}]}}