{"id":44186,"date":"2021-03-16T11:22:35","date_gmt":"2021-03-16T11:22:35","guid":{"rendered":"https:\/\/primomoto.es\/r-tech-hawk-1-teiliger-lederkombi-schwarz-rot-gruen\/"},"modified":"2023-09-20T08:39:16","modified_gmt":"2023-09-20T08:39:16","slug":"r-tech-hawk-motorradanzug-schwarz-rot-gruen","status":"publish","type":"product","link":"https:\/\/primomoto.es\/de\/r-tech-hawk-motorradanzug-schwarz-rot-gruen\/","title":{"rendered":"R-Tech Hawk Motorradanzug Schwarz\/Rot\/Gr\u00fcn"},"content":{"rendered":"<h2>R-Tech Hawk 1-teilige Lederkombis<\/h2>\n<p><strong>Technische Spezifikationen:<\/strong><\/p>\n<ul>\n<li>Ein einteiliger Hochleistungsreitanzug aus Vollnarbenleder f\u00fcr hohe Abriebfestigkeit und Haltbarkeit.<\/li>\n<li>Der HAWK 1-teilige Anzug verf\u00fcgt \u00fcber spurgepr\u00fcfte Schutzfunktionen an Schulter- und Kniebereichen sowie perforierte Moto-GP-Profilplatten f\u00fcr verbesserte Aerodynamik und Komfort. Mit der M\u00f6glichkeit, auf einen CE-zertifizierten R\u00fccken-, Brust- und H\u00fcftschutz aufzur\u00fcsten, ist dieser einteilige Premium-Anzug ideal f\u00fcr Performance-Fahrten.<\/li>\n<li>Die mehrfach gen\u00e4hte Hauptnahtkonstruktion bietet maximale Rei\u00dffestigkeit<\/li>\n<li>Erweiterte, verst\u00e4rkte Stretchfaserplatten an Armen, Schritt und Beinen.<\/li>\n<li>Stretcheins\u00e4tze aus Akkordeonleder an Lendenwirbels\u00e4ule, Knien, Ellbogen und hinteren Schultern<\/li>\n<li>Rei\u00dfverschluss.<\/li>\n<li>Hervorragende N\u00e4hte mit maximaler Haltbarkeit.<\/li>\n<\/ul>\n","protected":false},"excerpt":{"rendered":"<p>Der HAWK Motorrad Lederkombi \u200bAnzug ist ein einteiliger Hochleistungs-Reitanzug aus Vollnarbenleder f\u00fcr hohe Abriebfestigkeit und Haltbarkeit. Er verf\u00fcgt \u00fcber auf der Strecke gepr\u00fcfte Schutzfunktionen an Schulter- und Kniebereichen sowie perforierte Moto-GP-Profilplatten f\u00fcr eine verbesserte Aerodynamik und Komfort. Mit der M\u00f6glichkeit, auf R\u00fccken-, Brust- und H\u00fcftschutz mit CE-zertifizierter Konstruktion aufzur\u00fcsten, Dieser einteilige Premium-Anzug ist ideal f\u00fcr Hochleistungsfahrten<\/p>\n","protected":false},"featured_media":31377,"template":"","meta":[],"product_brand":[],"product_cat":[1557,1559,1558,1518,3268],"product_tag":[1694,1688,1693],"class_list":{"0":"post-44186","1":"product","2":"type-product","3":"status-publish","4":"has-post-thumbnail","6":"product_cat-motorradstiefel","7":"product_cat-lederkombi-1-teiler-mannen","8":"product_cat-herenpakken","9":"product_cat-motorkleding","10":"product_cat-racen","11":"product_tag-1-stks-mannen-pak","12":"product_tag-leren-pak","13":"product_tag-racepak","14":"pa_size-48-de","15":"pa_size-50-de","16":"pa_size-52-de","17":"pa_size-54-de","18":"pa_size-56-de","19":"pa_size-58-de","20":"pa_size-60-de","21":"pa_size-62-de","23":"first","24":"outofstock","25":"sale","26":"taxable","27":"shipping-taxable","28":"purchasable","29":"product-type-variable","30":"has-default-attributes"},"_links":{"self":[{"href":"https:\/\/primomoto.es\/de\/wp-json\/wp\/v2\/product\/44186","targetHints":{"allow":["GET"]}}],"collection":[{"href":"https:\/\/primomoto.es\/de\/wp-json\/wp\/v2\/product"}],"about":[{"href":"https:\/\/primomoto.es\/de\/wp-json\/wp\/v2\/types\/product"}],"wp:featuredmedia":[{"embeddable":true,"href":"https:\/\/primomoto.es\/de\/wp-json\/wp\/v2\/media\/31377"}],"wp:attachment":[{"href":"https:\/\/primomoto.es\/de\/wp-json\/wp\/v2\/media?parent=44186"}],"wp:term":[{"taxonomy":"product_brand","embeddable":true,"href":"https:\/\/primomoto.es\/de\/wp-json\/wp\/v2\/product_brand?post=44186"},{"taxonomy":"product_cat","embeddable":true,"href":"https:\/\/primomoto.es\/de\/wp-json\/wp\/v2\/product_cat?post=44186"},{"taxonomy":"product_tag","embeddable":true,"href":"https:\/\/primomoto.es\/de\/wp-json\/wp\/v2\/product_tag?post=44186"}],"curies":[{"name":"wp","href":"https:\/\/api.w.org\/{rel}","templated":true}]}}