{"id":44115,"date":"2021-01-04T11:24:38","date_gmt":"2021-01-04T11:24:38","guid":{"rendered":"https:\/\/primomoto.es\/bela-rocket-lady-chaqueta-zwart-fluor-geel\/"},"modified":"2023-08-30T14:54:14","modified_gmt":"2023-08-30T14:54:14","slug":"bela-rocket-lady-motorrad-lederjacke-schwarz-fluor-gelb","status":"publish","type":"product","link":"https:\/\/primomoto.es\/de\/bela-rocket-lady-motorrad-lederjacke-schwarz-fluor-gelb\/","title":{"rendered":"Bela Rocket Lady Motorrad-Lederjacke Schwarz\/Fluor Gelb"},"content":{"rendered":"<h2>Bela Rocket\u00a0Lady Kangaroo Mix Motorrad Lederjacke<\/h2>\n<p style=\"font-weight: 400;\">Bela bietet diese exklusive Lederjacke aus HQ-Rindsleder mit K\u00e4nguru-Eins\u00e4tzen an, um die beste Schutzverbindung mit der besten Anpassungsf\u00e4higkeit zu bieten.<\/p>\n<p style=\"font-weight: 400;\"><b><strong>Material:<\/strong><\/b><\/p>\n<ul style=\"font-weight: 400;\">\n<li>Premium 1.1-1.3mm Vollnarbenleder mit wasserabweisenden K\u00e4nguru-Eins\u00e4tzen Mm 0,9 \/ 1<\/li>\n<li>Super Tense-Tex Stretch Material auf Ellbogen und R\u00fccken Au\u00dfenmaterial: 75% Rindsleder 25% K\u00e4nguru Leder (Eins\u00e4tze 92% pa 8% Elasthan)<\/li>\n<li>Futter: 100% Polyester<\/li>\n<\/ul>\n<p style=\"font-weight: 400;\"><b><strong>Technische Information:<\/strong><\/b><\/p>\n<ul style=\"font-weight: 400;\">\n<li>Festes Futter aus Polyesternetz<\/li>\n<li>Externe TPU-Schutzteile an Schulter und Ellbogen<\/li>\n<li>Interne CE-gepr\u00fcfte Schutzma\u00dfnahmen an Schultern, Ellbogen,<\/li>\n<li>Aerodynamischer Buckel zum Schutz des R\u00fcckenmarks<\/li>\n<li>Teilweise perforiertes Leder vorne, an den Armen und hinten zur Verbesserung der Bel\u00fcftung Stretch-Ledereins\u00e4tze an den Arml\u00f6chern und den hinteren Schultern f\u00fcr bequeme und flexible Bewegungen<\/li>\n<li>Neopren an Kragen, Manschetten und Saum reduziert die Dicke und bietet mehr Komfort. Doppellagige Lederverst\u00e4rkung an Ellbogen und Schulter.<\/li>\n<li>Klettverschluss an der Vorderseite, um bei Bedarf den Schutz der Brust zu erleichtern<\/li>\n<li>Rei\u00dfverschluss am Handgelenk der Manschette f\u00fcr bessere Funktionalit\u00e4t<\/li>\n<li>Reflektierend im Armbereich f\u00fcr bessere Nachtsicht.<\/li>\n<li>Hochohmiger Verbindungsrei\u00dfverschluss<\/li>\n<\/ul>\n","protected":false},"excerpt":{"rendered":"<p>Bela bietet diese exklusive Lederjacke aus hochwertigem Rindsleder mit K\u00e4nguruleder-Eins\u00e4tzen an, um die beste Kombination aus Schutz und bester Anpassungsf\u00e4higkeit an den Fahrer zu bieten.<\/p>\n","protected":false},"featured_media":289874,"template":"","meta":[],"product_brand":[],"product_cat":[1545,1541,1546,1518,3268],"product_tag":[1627,1650,1684],"class_list":{"0":"post-44115","1":"product","2":"type-product","3":"status-publish","4":"has-post-thumbnail","6":"product_cat-dames-motorjassen","7":"product_cat-motorradjacken","8":"product_cat-motorrad-lederjacken","9":"product_cat-motorkleding","10":"product_cat-racen","11":"product_tag-jas-vrouw","12":"product_tag-leren-jas-de","13":"product_tag-race-jas","14":"pa_size-36-xs-de","15":"pa_size-38-s-de","16":"pa_size-40-m-de","17":"pa_size-42-l-de","18":"pa_size-44-xl-de","19":"pa_size-46-2xl-de","20":"pa_size-48-3xl-de","22":"first","23":"outofstock","24":"sale","25":"taxable","26":"shipping-taxable","27":"purchasable","28":"product-type-variable","29":"has-default-attributes"},"_links":{"self":[{"href":"https:\/\/primomoto.es\/de\/wp-json\/wp\/v2\/product\/44115","targetHints":{"allow":["GET"]}}],"collection":[{"href":"https:\/\/primomoto.es\/de\/wp-json\/wp\/v2\/product"}],"about":[{"href":"https:\/\/primomoto.es\/de\/wp-json\/wp\/v2\/types\/product"}],"wp:featuredmedia":[{"embeddable":true,"href":"https:\/\/primomoto.es\/de\/wp-json\/wp\/v2\/media\/289874"}],"wp:attachment":[{"href":"https:\/\/primomoto.es\/de\/wp-json\/wp\/v2\/media?parent=44115"}],"wp:term":[{"taxonomy":"product_brand","embeddable":true,"href":"https:\/\/primomoto.es\/de\/wp-json\/wp\/v2\/product_brand?post=44115"},{"taxonomy":"product_cat","embeddable":true,"href":"https:\/\/primomoto.es\/de\/wp-json\/wp\/v2\/product_cat?post=44115"},{"taxonomy":"product_tag","embeddable":true,"href":"https:\/\/primomoto.es\/de\/wp-json\/wp\/v2\/product_tag?post=44115"}],"curies":[{"name":"wp","href":"https:\/\/api.w.org\/{rel}","templated":true}]}}