{"id":44030,"date":"2021-01-04T11:26:28","date_gmt":"2021-01-04T11:26:28","guid":{"rendered":"https:\/\/primomoto.es\/bela-rocket-men-motorradrennen-lederjacke-zwart-fluor-geel\/"},"modified":"2023-08-30T14:49:31","modified_gmt":"2023-08-30T14:49:31","slug":"bela-rocket-men-motorrad-lederjacke-schwarz-flurogelb","status":"publish","type":"product","link":"https:\/\/primomoto.es\/de\/bela-rocket-men-motorrad-lederjacke-schwarz-flurogelb\/","title":{"rendered":"Bela Rocket Men Motorrad-Lederjacke Schwarz\/Flurogelb"},"content":{"rendered":"<h2>Bela Rocket Men Kangaroo Mix Motorrad Lederjacke<\/h2>\n<p style=\"font-weight: 400;\">Bela bietet diese exklusive Lederjacke aus HQ-Rindsleder mit K\u00e4nguru-Eins\u00e4tzen an, um die beste Schutzverbindung mit der besten Anpassungsf\u00e4higkeit zu bieten.<\/p>\n<p style=\"font-weight: 400;\"><b><strong>Material:<\/strong><\/b><\/p>\n<ul style=\"font-weight: 400;\">\n<li>Premium 1.1-1.3mm Vollnarbenleder mit wasserabweisenden K\u00e4nguru-Eins\u00e4tzen Mm 0,9 \/ 1<\/li>\n<li>Super Tense-Tex Stretch Material auf Ellbogen und R\u00fccken Au\u00dfenmaterial: 75% Rindsleder 25% K\u00e4nguru Leder (Eins\u00e4tze 92% pa 8% Elasthan)<\/li>\n<li>Futter: 100% Polyester<\/li>\n<\/ul>\n<p style=\"font-weight: 400;\"><b><strong>Technische Information:<\/strong><\/b><\/p>\n<ul style=\"font-weight: 400;\">\n<li>Festes Futter aus Polyesternetz<\/li>\n<li>Externe TPU-Schutzteile an Schulter und Ellbogen<\/li>\n<li>Interne CE-gepr\u00fcfte Schutzma\u00dfnahmen an Schultern, Ellbogen,<\/li>\n<li>Aerodynamischer Buckel zum Schutz des R\u00fcckenmarks<\/li>\n<li>Teilweise perforiertes Leder vorne, an den Armen und hinten zur Verbesserung der Bel\u00fcftung Stretch-Ledereins\u00e4tze an den Arml\u00f6chern und den hinteren Schultern f\u00fcr bequeme und flexible Bewegungen<\/li>\n<li>Neopren an Kragen, Manschetten und Saum reduziert die Dicke und bietet mehr Komfort. Doppellagige Lederverst\u00e4rkung an Ellbogen und Schulter.<\/li>\n<li>Klettverschluss an der Vorderseite, um bei Bedarf den Schutz der Brust zu erleichtern<\/li>\n<li>Rei\u00dfverschluss am Handgelenk der Manschette f\u00fcr bessere Funktionalit\u00e4t<\/li>\n<li>Reflektierend im Armbereich f\u00fcr bessere Nachtsicht.<\/li>\n<li>Hochohmiger Verbindungsrei\u00dfverschluss<\/li>\n<\/ul>\n","protected":false},"excerpt":{"rendered":"<p>Bela bietet diese exklusive Lederjacke aus hochwertigem Rindsleder mit K\u00e4nguruleder-Eins\u00e4tzen an, um die beste Kombination aus Schutz und bester Anpassungsf\u00e4higkeit an den Fahrer zu bieten.<\/p>\n","protected":false},"featured_media":289916,"template":"","meta":[],"product_brand":[],"product_cat":[1541,1543,1542,1518,3268],"product_tag":[1650,1667,1684],"class_list":{"0":"post-44030","1":"product","2":"type-product","3":"status-publish","4":"has-post-thumbnail","6":"product_cat-motorradjacken","7":"product_cat-heren-leren-jassen","8":"product_cat-heren-motorjassen","9":"product_cat-motorkleding","10":"product_cat-racen","11":"product_tag-leren-jas-de","12":"product_tag-mannen-jas","13":"product_tag-race-jas","14":"pa_size-46-xs-de","15":"pa_size-48-s-de","16":"pa_size-50-m-de-2","17":"pa_size-52-l-de-2","18":"pa_size-54-xl-de-2","19":"pa_size-56-2xl-de-2","20":"pa_size-58-3xl-de-2","21":"pa_size-60-4xl-de","22":"pa_size-62-5xl-de","24":"first","25":"instock","26":"sale","27":"taxable","28":"shipping-taxable","29":"purchasable","30":"product-type-variable","31":"has-default-attributes"},"_links":{"self":[{"href":"https:\/\/primomoto.es\/de\/wp-json\/wp\/v2\/product\/44030","targetHints":{"allow":["GET"]}}],"collection":[{"href":"https:\/\/primomoto.es\/de\/wp-json\/wp\/v2\/product"}],"about":[{"href":"https:\/\/primomoto.es\/de\/wp-json\/wp\/v2\/types\/product"}],"wp:featuredmedia":[{"embeddable":true,"href":"https:\/\/primomoto.es\/de\/wp-json\/wp\/v2\/media\/289916"}],"wp:attachment":[{"href":"https:\/\/primomoto.es\/de\/wp-json\/wp\/v2\/media?parent=44030"}],"wp:term":[{"taxonomy":"product_brand","embeddable":true,"href":"https:\/\/primomoto.es\/de\/wp-json\/wp\/v2\/product_brand?post=44030"},{"taxonomy":"product_cat","embeddable":true,"href":"https:\/\/primomoto.es\/de\/wp-json\/wp\/v2\/product_cat?post=44030"},{"taxonomy":"product_tag","embeddable":true,"href":"https:\/\/primomoto.es\/de\/wp-json\/wp\/v2\/product_tag?post=44030"}],"curies":[{"name":"wp","href":"https:\/\/api.w.org\/{rel}","templated":true}]}}