{"id":43274,"date":"2021-02-11T14:30:00","date_gmt":"2021-06-02T09:39:33","guid":{"rendered":"https:\/\/primomoto.es\/bela-sprinter-lady-motorradjacke-fuer-damen-schwarz-eis-rot\/"},"modified":"2023-08-30T12:38:59","modified_gmt":"2023-08-30T12:38:59","slug":"bela-sprinter-lady-motorradjacke-frauen-schwarz-eis-rot","status":"publish","type":"product","link":"https:\/\/primomoto.es\/de\/bela-sprinter-lady-motorradjacke-frauen-schwarz-eis-rot\/","title":{"rendered":"Bela Sprinter Lady Motorradjacke Schwarz\/Eis\/Rot"},"content":{"rendered":"<h2><strong>Bela Sprinter <\/strong><strong>Motorrad Textiljacke f\u00fcr Damen<\/strong><\/h2>\n<p><strong>Beschreibung:<\/strong><\/p>\n<ul>\n<li>Au\u00dfenschale: Maxtex 600D Polyester &amp; abriebfestes Netz<\/li>\n<li>CE-Panzerung mit Hi-Density-R\u00fcckenprotektor<\/li>\n<li>Netz Komfort festen Liner<\/li>\n<li>Abnehmbares Steppfutter f\u00fcr kaltes Wetter<\/li>\n<li>Power Stretch in Schultern, Brust und Ellbogen<\/li>\n<li>Vorgebogene Arme<\/li>\n<li>Neopren-Stretch-Komfortkragen<\/li>\n<li>Reflektierender Druck zur Erh\u00f6hung der Sichtbarkeit bei Nacht<\/li>\n<li>Arm- und Taillenversteller f\u00fcr eine ma\u00dfgeschneiderte Passform<\/li>\n<li>2 \u00e4u\u00dfere &amp; 2 innere Taschen<\/li>\n<li>Verbindungsrei\u00dfverschluss f\u00fcr Hosen<\/li>\n<\/ul>\n","protected":false},"excerpt":{"rendered":"<p>Bela Sprinter Motorrad Textiljacke f\u00fcr Damen Beschreibung: Au\u00dfenschale: Maxtex 600D Polyester &amp; abriebfestes Netz CE-Panzerung mit Hi-Density-R\u00fcckenprotektor Netz Komfort festen<\/p>\n","protected":false},"featured_media":28866,"template":"","meta":[],"product_brand":[],"product_cat":[1545,1541,1518,1547,3258],"product_tag":[1636,1630],"class_list":{"0":"post-43274","1":"product","2":"type-product","3":"status-publish","4":"has-post-thumbnail","6":"product_cat-dames-motorjassen","7":"product_cat-motorradjacken","8":"product_cat-motorkleding","9":"product_cat-dames-textiljacken","10":"product_cat-toeren","11":"product_tag-jas_vrouw","12":"product_tag-textiel_jack","13":"pa_size-l-de","14":"pa_size-m-de","15":"pa_size-s-de","16":"pa_size-xl-de","17":"pa_size-xs-de","18":"pa_size-xxl-de","19":"pa_size-xxs-de","21":"first","22":"outofstock","23":"sale","24":"taxable","25":"shipping-taxable","26":"purchasable","27":"product-type-variable","28":"has-default-attributes"},"_links":{"self":[{"href":"https:\/\/primomoto.es\/de\/wp-json\/wp\/v2\/product\/43274","targetHints":{"allow":["GET"]}}],"collection":[{"href":"https:\/\/primomoto.es\/de\/wp-json\/wp\/v2\/product"}],"about":[{"href":"https:\/\/primomoto.es\/de\/wp-json\/wp\/v2\/types\/product"}],"wp:featuredmedia":[{"embeddable":true,"href":"https:\/\/primomoto.es\/de\/wp-json\/wp\/v2\/media\/28866"}],"wp:attachment":[{"href":"https:\/\/primomoto.es\/de\/wp-json\/wp\/v2\/media?parent=43274"}],"wp:term":[{"taxonomy":"product_brand","embeddable":true,"href":"https:\/\/primomoto.es\/de\/wp-json\/wp\/v2\/product_brand?post=43274"},{"taxonomy":"product_cat","embeddable":true,"href":"https:\/\/primomoto.es\/de\/wp-json\/wp\/v2\/product_cat?post=43274"},{"taxonomy":"product_tag","embeddable":true,"href":"https:\/\/primomoto.es\/de\/wp-json\/wp\/v2\/product_tag?post=43274"}],"curies":[{"name":"wp","href":"https:\/\/api.w.org\/{rel}","templated":true}]}}