{"id":43259,"date":"2021-02-12T11:09:38","date_gmt":"2021-02-12T11:09:38","guid":{"rendered":"https:\/\/primomoto.es\/r-tech-bold-lady-motorrad-lederjacke-fur-frauen-braun\/"},"modified":"2023-08-30T13:04:25","modified_gmt":"2023-08-30T13:04:25","slug":"r-tech-bold-lady-lederjacke-braun","status":"publish","type":"product","link":"https:\/\/primomoto.es\/de\/r-tech-bold-lady-lederjacke-braun\/","title":{"rendered":"R-Tech Bold Lady Modische Lederjacke Braun"},"content":{"rendered":"<h2><b>R-Tech Bold Lady Modische Lederjacke<\/b><\/h2>\n<ul>\n<li>Aus 0,8-0,9 mm dickem gewachstem Spulenleder<\/li>\n<li>Innenfutter aus Polyesternetz<\/li>\n<li>Hochwertiger gewachster behandelter Lederrahmen mit einer Dicke von 0,8-0,9 mm<\/li>\n<li>Gewaschen und gewachst f\u00fcr einen Vintage-Look<\/li>\n<li>Lange \u00c4rmel Jacke<\/li>\n<li>Herausnehmbares 75 g Thermofutter<\/li>\n<li>Gerippter Kragen und Clipverschluss<\/li>\n<\/ul>\n","protected":false},"excerpt":{"rendered":"<div id=\"product-description-short-978\" class=\"rte-content\">\n<p><strong>R-TECH Damen Lederjacke<\/strong>\u00a0Aus hochwertig behandeltem Leder. Es hat einen 0,8-0,9mm dicken Lederrahmen und einen Kragen mit Kn\u00f6pfen f\u00fcr einen modischeren Look.<br \/>\nHerausnehmbares, herausnehmbares Polyester-Mesh-Futter aus Polyurethan-Gewebe mit 75 g Poly Fill f\u00fcr zus\u00e4tzliche W\u00e4rme.<br \/>\nGewaschene und gewachste Behandlung f\u00fcr einen Vintage-Look.<br \/>\n3D Laserpatch am \u00c4rmel.<\/p>\n<\/div>\n","protected":false},"featured_media":29004,"template":"","meta":[],"product_brand":[],"product_cat":[1545,1541,1518,3266,1547,3258],"product_tag":[1636,1637],"class_list":{"0":"post-43259","1":"product","2":"type-product","3":"status-publish","4":"has-post-thumbnail","6":"product_cat-dames-motorjassen","7":"product_cat-motorradjacken","8":"product_cat-motorkleding","9":"product_cat-straat","10":"product_cat-dames-textiljacken","11":"product_cat-toeren","12":"product_tag-jas_vrouw","13":"product_tag-leren-jas","14":"pa_size-36-xs-de","15":"pa_size-38-s-de","16":"pa_size-40-m-de","17":"pa_size-42-l-de","18":"pa_size-44-xl-de","19":"pa_size-46-2xl-de","20":"pa_size-48-3xl-de","22":"first","23":"outofstock","24":"sale","25":"taxable","26":"shipping-taxable","27":"purchasable","28":"product-type-variable","29":"has-default-attributes"},"_links":{"self":[{"href":"https:\/\/primomoto.es\/de\/wp-json\/wp\/v2\/product\/43259","targetHints":{"allow":["GET"]}}],"collection":[{"href":"https:\/\/primomoto.es\/de\/wp-json\/wp\/v2\/product"}],"about":[{"href":"https:\/\/primomoto.es\/de\/wp-json\/wp\/v2\/types\/product"}],"wp:featuredmedia":[{"embeddable":true,"href":"https:\/\/primomoto.es\/de\/wp-json\/wp\/v2\/media\/29004"}],"wp:attachment":[{"href":"https:\/\/primomoto.es\/de\/wp-json\/wp\/v2\/media?parent=43259"}],"wp:term":[{"taxonomy":"product_brand","embeddable":true,"href":"https:\/\/primomoto.es\/de\/wp-json\/wp\/v2\/product_brand?post=43259"},{"taxonomy":"product_cat","embeddable":true,"href":"https:\/\/primomoto.es\/de\/wp-json\/wp\/v2\/product_cat?post=43259"},{"taxonomy":"product_tag","embeddable":true,"href":"https:\/\/primomoto.es\/de\/wp-json\/wp\/v2\/product_tag?post=43259"}],"curies":[{"name":"wp","href":"https:\/\/api.w.org\/{rel}","templated":true}]}}