{"id":43237,"date":"2021-02-12T11:58:02","date_gmt":"2021-02-12T11:58:02","guid":{"rendered":"https:\/\/primomoto.es\/bela-cordaniel-motorradjacke-zwart-donker-grijs\/"},"modified":"2023-08-30T09:34:03","modified_gmt":"2023-08-30T09:34:03","slug":"bela-cordaniel-motorradjacke-schwarz-dunkelgrau","status":"publish","type":"product","link":"https:\/\/primomoto.es\/de\/bela-cordaniel-motorradjacke-schwarz-dunkelgrau\/","title":{"rendered":"Bela Cordaniel Motorradjacke Schwarz\/Dunkelgrau"},"content":{"rendered":"<h2>Bela Cordaniel\u00a0Motorrad Touring Jacke f\u00fcr Herren<\/h2>\n<p><strong>Technische Information:<\/strong><\/p>\n<ul>\n<li>600D Polyester Au\u00dfenschalenkonstruktion<\/li>\n<li>Innenfutter aus weichem Netz<\/li>\n<li>CE-gepr\u00fcfte Polsterung<\/li>\n<li>Abnehmbares Innenfutter aus Polyester mit Innentasche f\u00fcr Handy und Dokumente.<\/li>\n<li>Angenehmes und weiches Taschentuch am Hals<\/li>\n<li>Zwei Taschen w\u00e4rmen die H\u00e4nde<\/li>\n<li>F\u00fcllen Sie den Schulter- und Faustbereich aus<\/li>\n<li>Protektoren an Schulter, Ellbogen und R\u00fccken.<\/li>\n<li>Reflektierende Bereiche f\u00fcr bessere Nachtsichtbarkeit<\/li>\n<li>Klettverschlussmanschette<\/li>\n<\/ul>\n","protected":false},"excerpt":{"rendered":"<p>Bela Cordaniel\u00a0Motorrad Touring Jacke f\u00fcr Herren Technische Information: 600D Polyester Au\u00dfenschalenkonstruktion Innenfutter aus weichem Netz CE-gepr\u00fcfte Polsterung Abnehmbares Innenfutter aus<\/p>\n","protected":false},"featured_media":102679,"template":"","meta":[],"product_brand":[],"product_cat":[1541,1542,1518,1544],"product_tag":[1632,1630],"class_list":{"0":"post-43237","1":"product","2":"type-product","3":"status-publish","4":"has-post-thumbnail","6":"product_cat-motorradjacken","7":"product_cat-heren-motorjassen","8":"product_cat-motorkleding","9":"product_cat-heren-textiljacken","10":"product_tag-jas-man","11":"product_tag-textiel_jack","12":"pa_size-46-xs-de","13":"pa_size-50-m-de-2","14":"pa_size-52-l-de-2","15":"pa_size-54-xl-de-2","16":"pa_size-56-2xl-de-2","17":"pa_size-58-3xl-de-2","18":"pa_size-60-4xl-de","19":"pa_size-62-5xl-de","20":"pa_size-64-6xl-de","22":"first","23":"outofstock","24":"sale","25":"taxable","26":"shipping-taxable","27":"purchasable","28":"product-type-variable","29":"has-default-attributes"},"_links":{"self":[{"href":"https:\/\/primomoto.es\/de\/wp-json\/wp\/v2\/product\/43237","targetHints":{"allow":["GET"]}}],"collection":[{"href":"https:\/\/primomoto.es\/de\/wp-json\/wp\/v2\/product"}],"about":[{"href":"https:\/\/primomoto.es\/de\/wp-json\/wp\/v2\/types\/product"}],"wp:featuredmedia":[{"embeddable":true,"href":"https:\/\/primomoto.es\/de\/wp-json\/wp\/v2\/media\/102679"}],"wp:attachment":[{"href":"https:\/\/primomoto.es\/de\/wp-json\/wp\/v2\/media?parent=43237"}],"wp:term":[{"taxonomy":"product_brand","embeddable":true,"href":"https:\/\/primomoto.es\/de\/wp-json\/wp\/v2\/product_brand?post=43237"},{"taxonomy":"product_cat","embeddable":true,"href":"https:\/\/primomoto.es\/de\/wp-json\/wp\/v2\/product_cat?post=43237"},{"taxonomy":"product_tag","embeddable":true,"href":"https:\/\/primomoto.es\/de\/wp-json\/wp\/v2\/product_tag?post=43237"}],"curies":[{"name":"wp","href":"https:\/\/api.w.org\/{rel}","templated":true}]}}