{"id":43180,"date":"2021-03-17T05:15:51","date_gmt":"2021-03-17T05:15:51","guid":{"rendered":"https:\/\/primomoto.es\/r-tech-marshal-touring-textiljacke-schwarz-grun\/"},"modified":"2023-08-29T08:19:02","modified_gmt":"2023-08-29T08:19:02","slug":"r-tech-marshal-motorradjacke-schwarz-gruen","status":"publish","type":"product","link":"https:\/\/primomoto.es\/de\/r-tech-marshal-motorradjacke-schwarz-gruen\/","title":{"rendered":"R-Tech Marshal Motorradjacke Zwart\/Gr\u00fcn"},"content":{"rendered":"<h2>R-Tech Marshal\u00a0Touring Textiljacke herren<\/h2>\n<p><strong>Material- und technische Informationen:<\/strong><\/p>\n<ul>\n<li>Obermaterial: Polyester<\/li>\n<li>Weiches Mesh-Innenfutter<\/li>\n<li>CE-gepr\u00fcfte Polsterung<\/li>\n<li>Herausnehmbares Polyester-Innenfutter, mit Innentasche f\u00fcr Handy und Dokumente.<\/li>\n<li>Angenehmes und weiches Material am Nacken.<\/li>\n<li>Zwei Taschen zum H\u00e4ndew\u00e4rmen<\/li>\n<li>F\u00fcllung im Schulter- und \u2026<\/li>\n<li>Protektoren an Schulter, Ellbogen und R\u00fccken.<\/li>\n<li>Reflektierende Bereiche f\u00fcr bessere Nachtsichtbarkeit<\/li>\n<li>Klettverschluss-Knopf<\/li>\n<\/ul>\n","protected":false},"excerpt":{"rendered":"<p><span style=\"vertical-align: inherit;\">Gestalten Sie Ihre Fahrt so bequem wie noch nie zuvor mit der R-tech Marshal Textiljacke f\u00fcr Motorradfahrer.\u00a0Sie hat ein herausnehmbar Innenfutter aus Polyester und sch\u00fctzt mit Reflektoren f\u00fcr bessere Nachtsichtbarkeit.\u00a0Marshal Herren Jacke ist in 3 Farben und verschiedenen Gr\u00f6\u00dfen erh\u00e4ltlich.<\/span><\/p>\n","protected":false},"featured_media":240930,"template":"","meta":[],"product_brand":[],"product_cat":[1541,1542,1518,1544],"product_tag":[1611,1599],"class_list":{"0":"post-43180","1":"product","2":"type-product","3":"status-publish","4":"has-post-thumbnail","6":"product_cat-motorradjacken","7":"product_cat-heren-motorjassen","8":"product_cat-motorkleding","9":"product_cat-heren-textiljacken","10":"product_tag-textiel-herenjas","11":"product_tag-touring-jas","12":"pa_size-44-xxs-de","13":"pa_size-46-xs-de","14":"pa_size-50-m-de-2","15":"pa_size-52-l-de-2","16":"pa_size-54-xl-de-2","17":"pa_size-56-2xl-de-2","18":"pa_size-58-3xl-de-2","19":"pa_size-60-4xl-de","20":"pa_size-62-5xl-de","21":"pa_size-64-6xl-de","22":"pa_size-66-7xl-de","23":"pa_size-68-8xl-de","25":"first","26":"instock","27":"sale","28":"taxable","29":"shipping-taxable","30":"purchasable","31":"product-type-variable","32":"has-default-attributes"},"_links":{"self":[{"href":"https:\/\/primomoto.es\/de\/wp-json\/wp\/v2\/product\/43180","targetHints":{"allow":["GET"]}}],"collection":[{"href":"https:\/\/primomoto.es\/de\/wp-json\/wp\/v2\/product"}],"about":[{"href":"https:\/\/primomoto.es\/de\/wp-json\/wp\/v2\/types\/product"}],"wp:featuredmedia":[{"embeddable":true,"href":"https:\/\/primomoto.es\/de\/wp-json\/wp\/v2\/media\/240930"}],"wp:attachment":[{"href":"https:\/\/primomoto.es\/de\/wp-json\/wp\/v2\/media?parent=43180"}],"wp:term":[{"taxonomy":"product_brand","embeddable":true,"href":"https:\/\/primomoto.es\/de\/wp-json\/wp\/v2\/product_brand?post=43180"},{"taxonomy":"product_cat","embeddable":true,"href":"https:\/\/primomoto.es\/de\/wp-json\/wp\/v2\/product_cat?post=43180"},{"taxonomy":"product_tag","embeddable":true,"href":"https:\/\/primomoto.es\/de\/wp-json\/wp\/v2\/product_tag?post=43180"}],"curies":[{"name":"wp","href":"https:\/\/api.w.org\/{rel}","templated":true}]}}