{"id":43176,"date":"2021-03-17T05:43:01","date_gmt":"2021-03-17T05:43:01","guid":{"rendered":"https:\/\/primomoto.es\/bela-elanur-lady-jacke-schwarz-anthrazit-pink\/"},"modified":"2021-11-29T10:18:11","modified_gmt":"2021-11-29T10:18:11","slug":"bela-elanus-damesjas-zwart-antraciet-roze","status":"publish","type":"product","link":"https:\/\/primomoto.es\/de\/bela-elanus-damesjas-zwart-antraciet-roze\/","title":{"rendered":"Bela Elanur Lady Jacke &#8211; Schwarz\/Anthrazit\/Pink"},"content":{"rendered":"<h2><strong>Motorradjacke f\u00fcr Damen &#8211; Bela Elanur Damenjacke<\/strong><\/h2>\n<p><strong>Beschreibung:<\/strong><\/p>\n<ul>\n<li>500D Polyestergewebe mit hoher Dichte<\/li>\n<li>Sch\u00f6ner und weicher Stoff am Kragen<\/li>\n<li>Innenfuttereins\u00e4tze aus Polyesternetz<\/li>\n<li>Abnehmbarer Thermofutter<\/li>\n<li>Abnehmbare Verbundschutzvorrichtungen<\/li>\n<li>F\u00fcllen Sie den Schulter- und Faustbereich aus<\/li>\n<li>Klettverschlussmanschette<\/li>\n<li>Zwei Handw\u00e4rmtaschen<\/li>\n<li>Reflektierende Elemente f\u00fcr die Sichtbarkeit bei Nacht<\/li>\n<li>ZIPPER: MAX-Rei\u00dfverschl\u00fcsse bester Qualit\u00e4t.<\/li>\n<\/ul>\n","protected":false},"excerpt":{"rendered":"<p>Motorradjacke f\u00fcr Damen &#8211; Bela Elanur Damenjacke Beschreibung: 500D Polyestergewebe mit hoher Dichte Sch\u00f6ner und weicher Stoff am Kragen Innenfuttereins\u00e4tze<\/p>\n","protected":false},"featured_media":31749,"template":"","meta":[],"product_brand":[],"product_cat":[1545,1541,1518,1547],"product_tag":[1607,1599],"class_list":{"0":"post-43176","1":"product","2":"type-product","3":"status-publish","4":"has-post-thumbnail","6":"product_cat-dames-motorjassen","7":"product_cat-motorradjacken","8":"product_cat-motorkleding","9":"product_cat-dames-textiljacken","10":"product_tag-textiel-jas-vrouw","11":"product_tag-touring-jas","12":"pa_size-3xl-de","13":"pa_size-l-de","14":"pa_size-m-de","15":"pa_size-s-de","16":"pa_size-xl-de","17":"pa_size-xs-de","18":"pa_size-xxl-de","19":"pa_size-xxs-de","21":"first","22":"outofstock","23":"sale","24":"taxable","25":"shipping-taxable","26":"purchasable","27":"product-type-variable","28":"has-default-attributes"},"_links":{"self":[{"href":"https:\/\/primomoto.es\/de\/wp-json\/wp\/v2\/product\/43176","targetHints":{"allow":["GET"]}}],"collection":[{"href":"https:\/\/primomoto.es\/de\/wp-json\/wp\/v2\/product"}],"about":[{"href":"https:\/\/primomoto.es\/de\/wp-json\/wp\/v2\/types\/product"}],"wp:featuredmedia":[{"embeddable":true,"href":"https:\/\/primomoto.es\/de\/wp-json\/wp\/v2\/media\/31749"}],"wp:attachment":[{"href":"https:\/\/primomoto.es\/de\/wp-json\/wp\/v2\/media?parent=43176"}],"wp:term":[{"taxonomy":"product_brand","embeddable":true,"href":"https:\/\/primomoto.es\/de\/wp-json\/wp\/v2\/product_brand?post=43176"},{"taxonomy":"product_cat","embeddable":true,"href":"https:\/\/primomoto.es\/de\/wp-json\/wp\/v2\/product_cat?post=43176"},{"taxonomy":"product_tag","embeddable":true,"href":"https:\/\/primomoto.es\/de\/wp-json\/wp\/v2\/product_tag?post=43176"}],"curies":[{"name":"wp","href":"https:\/\/api.w.org\/{rel}","templated":true}]}}