{"id":32363,"date":"2021-03-19T08:46:29","date_gmt":"2021-03-19T08:50:15","guid":{"rendered":"https:\/\/primomoto.es\/bela-urban-jeans-moto-para-mujer-azul-oscuro\/"},"modified":"2022-07-18T11:52:50","modified_gmt":"2022-07-18T11:52:50","slug":"bela-urban-lady-moto-jeans-azul-oscuro","status":"publish","type":"product","link":"https:\/\/primomoto.es\/de\/bela-urban-lady-moto-jeans-azul-oscuro\/","title":{"rendered":"Bela Urban Jeans Moto para Mujer &#8211; Azul oscuro"},"content":{"rendered":"<h2><strong>Jeans\u00a0de moto para\u00a0mujer &#8211; Bela Urban P<\/strong>antal\u00f3n Vaquero Azul oscuro<\/h2>\n<p><strong>Informaci\u00f3n del Producto:<\/strong><\/p>\n<p>Los vaqueros de moto\u00a0Urban azul oscuro para\u00a0mujer\u00a0parte de la \u00faltima colecci\u00f3n de la marca Bela Jeans. El estilo de jeans Urban\u00a0Ldies est\u00e1 hecho de la mejor tela de algod\u00f3n y elastano. No solo esto, los refuerzos adicionales de tela DuPont Aramid colocados estrat\u00e9gicamente para una excelente resistencia a la abrasi\u00f3n sin comprometer la buena comodidad y elasticidad. Los protectores de muslos y rodillas aprobados por la CE &#8222;EN 1621-1: 2012&#8220; son dif\u00edciles de detectar cuando se conduce \/ camina, pero ofrecen la mejor protecci\u00f3n en caso de cualquier percance durante la conducci\u00f3n &#8230;<\/p>\n<p><strong>Tela de Shell:<\/strong><\/p>\n<ul>\n<li>Denim el\u00e1stico de 12,5 onzas<\/li>\n<li>Confeccionada en 98% algod\u00f3n y 2% elastano.<\/li>\n<li>Efecto de lavado aleatorio azul oscuro<\/li>\n<\/ul>\n<p><strong>Protecciones:<\/strong><\/p>\n<ul>\n<li>Protecciones removibles en rodillas y muslos con certificaci\u00f3n CE EN 1621-1: 2012.<\/li>\n<li>La protecci\u00f3n se puede quitar f\u00e1cilmente con solo abrir la cremallera lateral de la rodilla.<\/li>\n<\/ul>\n<p><strong>Comodidad:<\/strong><\/p>\n<ul>\n<li>Forro interior de tela DuPont Aramid, que se coloca a prop\u00f3sito para brindar una excelente resistencia y abrasi\u00f3n.<\/li>\n<li>Forro interior de malla 100% poli\u00e9ster para mayor transpirabilidad y comodidad.<\/li>\n<li>Mejor ajuste en corte regular.<\/li>\n<li>Cremalleras YKK\u00ae (\u00e1rea de bragueta y rodilla)<\/li>\n<li>Con Bolsa Protectora extra.<\/li>\n<\/ul>\n","protected":false},"excerpt":{"rendered":"<p>Jeans\u00a0de moto para\u00a0mujer &#8211; Bela Urban Pantal\u00f3n Vaquero Azul oscuro Informaci\u00f3n del Producto: Los vaqueros de moto\u00a0Urban azul oscuro para\u00a0mujer\u00a0parte<\/p>\n","protected":false},"featured_media":32362,"template":"","meta":[],"product_brand":[],"product_cat":[825,829,828,230],"product_tag":[954],"class_list":{"0":"post-32363","1":"product","2":"type-product","3":"status-publish","4":"has-post-thumbnail","6":"product_cat-pantalones-vaqueros","7":"product_cat-pantalones-vaqueros-mujer","8":"product_cat-mujer-moto-denim","9":"product_cat-ropa-de-moto","10":"product_tag-las-mujeres-denims","11":"pa_size-us-30-eu-40","12":"pa_size-us-32-eu-42","14":"first","15":"instock","16":"sale","17":"taxable","18":"shipping-taxable","19":"purchasable","20":"product-type-variable","21":"has-default-attributes"},"_links":{"self":[{"href":"https:\/\/primomoto.es\/de\/wp-json\/wp\/v2\/product\/32363","targetHints":{"allow":["GET"]}}],"collection":[{"href":"https:\/\/primomoto.es\/de\/wp-json\/wp\/v2\/product"}],"about":[{"href":"https:\/\/primomoto.es\/de\/wp-json\/wp\/v2\/types\/product"}],"wp:featuredmedia":[{"embeddable":true,"href":"https:\/\/primomoto.es\/de\/wp-json\/wp\/v2\/media\/32362"}],"wp:attachment":[{"href":"https:\/\/primomoto.es\/de\/wp-json\/wp\/v2\/media?parent=32363"}],"wp:term":[{"taxonomy":"product_brand","embeddable":true,"href":"https:\/\/primomoto.es\/de\/wp-json\/wp\/v2\/product_brand?post=32363"},{"taxonomy":"product_cat","embeddable":true,"href":"https:\/\/primomoto.es\/de\/wp-json\/wp\/v2\/product_cat?post=32363"},{"taxonomy":"product_tag","embeddable":true,"href":"https:\/\/primomoto.es\/de\/wp-json\/wp\/v2\/product_tag?post=32363"}],"curies":[{"name":"wp","href":"https:\/\/api.w.org\/{rel}","templated":true}]}}