{"id":209672,"date":"2023-07-10T05:20:11","date_gmt":"2023-07-10T05:20:11","guid":{"rendered":"https:\/\/primomoto.es\/shua-infinity-dame-motorfiets-racen-pak-2pc-zwart-turkoois\/"},"modified":"2023-09-16T11:42:39","modified_gmt":"2023-09-16T11:42:39","slug":"shua-infinity-lady-motorradkombi-2-teiler-schwarz-tuerkis","status":"publish","type":"product","link":"https:\/\/primomoto.es\/de\/shua-infinity-lady-motorradkombi-2-teiler-schwarz-tuerkis\/","title":{"rendered":"Shua Infinity Lady Motorradkombi 2-Teiler Schwarz\/T\u00fcrkis"},"content":{"rendered":"<h2>Shua Infinity Motorrad-Lederkombi<\/h2>\n<p>pr\u00e4sentiert in auff\u00e4lligen Farben, ist ein sorgf\u00e4ltig gestaltetes St\u00fcck f\u00fcr Motorrad-Enthusiasten. Es verspricht unvergleichlichen Komfort, Flexibilit\u00e4t und Sicherheit f\u00fcr den Fahrer.<\/p>\n<p><strong>Materialien:<\/strong><\/p>\n<ul>\n<li>Hergestellt aus hochwertigem 1,0\u20131,2 mm starkem Vollnarbenleder, bekannt f\u00fcr seine \u00fcberragende Haltbarkeit und seinen Komfort.<\/li>\n<li>Wichtige Bereiche bestehen aus robustem 600D-Cordura-Polyester, das eine hohe Abriebfestigkeit gew\u00e4hrleistet.<\/li>\n<li>Der Einbau von Neopren auf Hanfebene reduziert die Dicke und sorgt so f\u00fcr mehr Komfort.<\/li>\n<li>Stretchmaterial an Ellenbogen, Schritt und Kniekehle sorgt f\u00fcr Flexibilit\u00e4t und optimale Passform.<\/li>\n<li>F\u00fcr einen sicheren Verschluss werden im gesamten Anzug hochwertige YKK-Rei\u00dfverschl\u00fcsse verwendet, die f\u00fcr ihre Zuverl\u00e4ssigkeit und reibungslose Funktion bekannt sind.<\/li>\n<\/ul>\n<p><strong>Schutz und Komfort:<\/strong><\/p>\n<ul>\n<li>Der Anzug ist mit CE-gepr\u00fcften Innenprotektoren an Ellbogen, H\u00fcfte und Knien ausgestattet, darunter PU-Knie SW-1003-E\/K Typ B und PU-Schulter SW-111-S Typ B f\u00fcr robusten Aufprallschutz.<\/li>\n<li>Zu den weiteren Sicherheitsmerkmalen geh\u00f6ren aerodynamischer PU-Soft-Hump-Schaum (GP), Stei\u00dfbeinpolsterung und ein 8-mm-Gummi-R\u00fcckenschutz (GP).<\/li>\n<li>Doppellagige Lederverst\u00e4rkung an Ellbogen, Schultern und Ges\u00e4\u00df f\u00fcr maximale Sicherheit in kritischen Aufprallzonen.<\/li>\n<li>Der Anzug verf\u00fcgt \u00fcber abnehmbare Knieschleifer zur individuellen Anpassung an die Vorlieben des Fahrers.<\/li>\n<li>Am wichtigsten ist, dass dieser Anzug die CE-Klasse AAA gem\u00e4\u00df EN 17092-2:2020 hat, was bedeutet, dass er die h\u00f6chsten Sicherheitsstandards f\u00fcr Motorradbekleidung erf\u00fcllt.<\/li>\n<\/ul>\n","protected":false},"excerpt":{"rendered":"<p>Shua Infinity Motorrad-Lederkombi pr\u00e4sentiert in auff\u00e4lligen Farben, ist ein sorgf\u00e4ltig gestaltetes St\u00fcck f\u00fcr Motorrad-Enthusiasten. Es verspricht unvergleichlichen Komfort, Flexibilit\u00e4t und<\/p>\n","protected":false},"featured_media":290526,"template":"","meta":[],"product_brand":[],"product_cat":[1561,1557,1563,1518],"product_tag":[4766,4734],"class_list":{"0":"post-209672","1":"product","2":"type-product","3":"status-publish","4":"has-post-thumbnail","6":"product_cat-damespakken","7":"product_cat-motorradstiefel","8":"product_cat-lederkombis-2-teiler-dames","9":"product_cat-motorkleding","10":"product_tag-lady-racepak","11":"product_tag-motorfiets-racen-pak","12":"pa_size-36-de","13":"pa_size-38-de","14":"pa_size-40-de","15":"pa_size-42-de","16":"pa_size-44-de","17":"pa_size-46-de","18":"pa_size-48-de","19":"pa_size-50-de","21":"first","22":"outofstock","23":"sale","24":"taxable","25":"shipping-taxable","26":"purchasable","27":"product-type-variable","28":"has-default-attributes"},"_links":{"self":[{"href":"https:\/\/primomoto.es\/de\/wp-json\/wp\/v2\/product\/209672","targetHints":{"allow":["GET"]}}],"collection":[{"href":"https:\/\/primomoto.es\/de\/wp-json\/wp\/v2\/product"}],"about":[{"href":"https:\/\/primomoto.es\/de\/wp-json\/wp\/v2\/types\/product"}],"wp:featuredmedia":[{"embeddable":true,"href":"https:\/\/primomoto.es\/de\/wp-json\/wp\/v2\/media\/290526"}],"wp:attachment":[{"href":"https:\/\/primomoto.es\/de\/wp-json\/wp\/v2\/media?parent=209672"}],"wp:term":[{"taxonomy":"product_brand","embeddable":true,"href":"https:\/\/primomoto.es\/de\/wp-json\/wp\/v2\/product_brand?post=209672"},{"taxonomy":"product_cat","embeddable":true,"href":"https:\/\/primomoto.es\/de\/wp-json\/wp\/v2\/product_cat?post=209672"},{"taxonomy":"product_tag","embeddable":true,"href":"https:\/\/primomoto.es\/de\/wp-json\/wp\/v2\/product_tag?post=209672"}],"curies":[{"name":"wp","href":"https:\/\/api.w.org\/{rel}","templated":true}]}}